{"id":9906,"date":"2026-03-04T15:26:55","date_gmt":"2026-03-04T14:26:55","guid":{"rendered":"https:\/\/feddekees.refreshserver.nl\/?post_type=product&#038;p=9906"},"modified":"2026-04-16T10:57:21","modified_gmt":"2026-04-16T09:57:21","slug":"set-nunki-70-cm-doorgroei-laken-en-bundi-slaapzak-8-12-maanden","status":"publish","type":"product","link":"https:\/\/feddekees.nl\/fr\/set-nunki-70-cm-doorgroei-laken-en-bundi-slaapzak-8-12-maanden\/","title":{"rendered":"Set NUNKI 70 cm doorgroei laken en BUNDI  slaapzak 8-12 maanden"},"content":{"rendered":"<h3>Dormir paisiblement sans emmaillotage.<\/h3>\n<p>Avec le <a href=\"https:\/\/feddekees.nl\/fr\/product\/lit-pour-bebe-babylaken-nunki-40x80-90cm\/\" target=\"_blank\" rel=\"noopener\">NUNKI drap<\/a> et <a href=\"https:\/\/feddekees.nl\/fr\/product\/turbulette-pour-bebe-bundi-0-4-mois\/\" target=\"_blank\" rel=\"noopener\">Gigoteuse BUNDI<\/a> votre b\u00e9b\u00e9 dort plus paisiblement. Le set offre un sentiment de s\u00e9curit\u00e9 dans le lit, m\u00eame lorsque l'emmaillotage n'est plus autoris\u00e9. C'est une m\u00e9thode bien pens\u00e9e qui vous permet de border tr\u00e8s facilement votre b\u00e9b\u00e9 et de d\u00e9terminer sa libert\u00e9 de mouvement \u00e0 chaque sieste.<\/p>\n<p>Un sentiment de s\u00e9curit\u00e9 dans son lit<br \/>\nId\u00e9al pour sevrer le lange<br \/>\n\u2713 Super simple, insertion nette<br \/>\n\u2713 NUNKI peut \u00eatre utilis\u00e9 jusqu'\u00e0 3 ans (aucun d\u00e9clin n'est n\u00e9cessaire)<br \/>\n\u2713 S\u00fbr : le drap-housse ne peut pas se d\u00e9tacher<br \/>\n\u2713 Le rituel de coucher id\u00e9al pour votre b\u00e9b\u00e9<\/p>\n<h3>Alternative s\u00fbre au lange\u00f4tain<\/h3>\n<p>Si votre b\u00e9b\u00e9 a plus de 6 mois, le langer traditionnel est d\u00e9conseill\u00e9. Fedde&amp;Kees veille \u00e0 ce que votre tout-petit se sente en s\u00e9curit\u00e9 et prot\u00e9g\u00e9 dans son lit. Avec cet ensemble, votre b\u00e9b\u00e9 a suffisamment de libert\u00e9 de mouvement, mais ne peut pas agiter ses bras. Une fois que votre b\u00e9b\u00e9 est assez fort pour se retourner sous le drap, il est \u00e9galement assez fort pour se relever avec la gigoteuse BUNDI !<\/p>\n<h3>Sevrage<\/h3>\n<p>Votre b\u00e9b\u00e9 est-il trop grand pour \u00eatre emmaillot\u00e9, mais il est toujours habitu\u00e9 \u00e0 cette sensation de s\u00e9curit\u00e9 ? Donnez \u00e0 votre enfant ce sentiment familier dans son lit en le bordant serr\u00e9 avec le lange NUNKI. Le sac de couchage BUNDI permet \u00e0 votre b\u00e9b\u00e9 de s'habituer progressivement \u00e0 avoir de plus en plus de libert\u00e9 de mouvement. Il suffit d'ouvrir un peu plus les fermetures \u00e9clair sous les manches chaque jour. Vous pouvez ainsi arr\u00eater l'emmaillotage \u00e0 un rythme qui convient \u00e0 votre enfant.<\/p>\n<p>&nbsp;<\/p>","protected":false},"excerpt":{"rendered":"<p>Rustig slapen zonder inbakeren. Met het NUNKI lakentje en het BUNDI slaapzakje slaapt je kindje rustiger. De set zorgt voor geborgenheid in bed, ook wanneer inbakeren niet meer mag. Het is een doordachte methode waarmee je je kindje heel simpel strak instopt en de bewegingsvrijheid per slaapje kunt bepalen. \u2713 Een veilig en geborgen gevoel [&hellip;]<\/p>\n","protected":false},"featured_media":4991,"comment_status":"closed","ping_status":"closed","template":"","meta":{"_acf_changed":false},"nunki_filter":[],"product_brand":[],"product_cat":[41],"product_tag":[],"class_list":{"0":"post-9906","1":"product","2":"type-product","3":"status-publish","4":"has-post-thumbnail","6":"product_cat-sets","7":"product_shipping_class-pakket","9":"first","10":"instock","11":"sale","12":"taxable","13":"shipping-taxable","14":"purchasable","15":"product-type-woosb"},"supplier_id":null,"supplier_sku":"","barcode":null,"atum_controlled":false,"out_stock_date":null,"out_stock_threshold":null,"inheritable":false,"inbound_stock":0,"stock_on_hold":0,"sold_today":0,"sales_last_days":0,"reserved_stock":0,"customer_returns":0,"warehouse_damage":0,"lost_in_post":0,"other_logs":0,"out_stock_days":0,"lost_sales":0,"has_location":false,"update_date":"2026-05-06T13:13:14","atum_locations":[],"atum_stock_status":"instock","restock_status":false,"low_stock_amount":"","sales_update_date":"2026-05-06T13:13:14","calc_backorders":0,"acf":[],"yoast_head":"<!-- This site is optimized with the Yoast SEO plugin v27.5 - https:\/\/yoast.com\/product\/yoast-seo-wordpress\/ -->\n<title>Set NUNKI 70 cm doorgroei laken en BUNDI slaapzak 8-12 maanden - Fedde&amp;Kees<\/title>\n<meta name=\"robots\" content=\"index, follow, max-snippet:-1, max-image-preview:large, max-video-preview:-1\" \/>\n<link rel=\"canonical\" href=\"https:\/\/feddekees.nl\/fr\/set-nunki-70-cm-doorgroei-laken-en-bundi-slaapzak-8-12-maanden\/\" \/>\n<meta property=\"og:locale\" content=\"fr_FR\" \/>\n<meta property=\"og:type\" content=\"article\" \/>\n<meta property=\"og:title\" content=\"Set NUNKI 70 cm doorgroei laken en BUNDI slaapzak 8-12 maanden - Fedde&amp;Kees\" \/>\n<meta property=\"og:description\" content=\"Rustig slapen zonder inbakeren. Met het NUNKI lakentje en het BUNDI slaapzakje slaapt je kindje rustiger. De set zorgt voor geborgenheid in bed, ook wanneer inbakeren niet meer mag. Het is een doordachte methode waarmee je je kindje heel simpel strak instopt en de bewegingsvrijheid per slaapje kunt bepalen. \u2713 Een veilig en geborgen gevoel [&hellip;]\" \/>\n<meta property=\"og:url\" content=\"https:\/\/feddekees.nl\/fr\/set-nunki-70-cm-doorgroei-laken-en-bundi-slaapzak-8-12-maanden\/\" \/>\n<meta property=\"og:site_name\" content=\"Fedde&amp;Kees\" \/>\n<meta property=\"article:modified_time\" content=\"2026-04-16T09:57:21+00:00\" \/>\n<meta property=\"og:image\" content=\"https:\/\/feddekees.nl\/wp-content\/uploads\/2.-NUNKI_LG_Ledikant.jpg\" \/>\n\t<meta property=\"og:image:width\" content=\"900\" \/>\n\t<meta property=\"og:image:height\" content=\"900\" \/>\n\t<meta property=\"og:image:type\" content=\"image\/jpeg\" \/>\n<meta name=\"twitter:card\" content=\"summary_large_image\" \/>\n<meta name=\"twitter:label1\" content=\"Prix\" \/>\n\t<meta name=\"twitter:data1\" content=\"&euro;&nbsp;178,60 incl. btw\" \/>\n\t<meta name=\"twitter:label2\" content=\"Disponibilit\u00e9\" \/>\n\t<meta name=\"twitter:data2\" content=\"En stock\" \/>\n<script type=\"application\/ld+json\" class=\"yoast-schema-graph\">{\"@context\":\"https:\\\/\\\/schema.org\",\"@graph\":[{\"@type\":\"WebPage\",\"@id\":\"https:\\\/\\\/feddekees.nl\\\/fr\\\/set-nunki-70-cm-doorgroei-laken-en-bundi-slaapzak-8-12-maanden\\\/\",\"url\":\"https:\\\/\\\/feddekees.nl\\\/fr\\\/set-nunki-70-cm-doorgroei-laken-en-bundi-slaapzak-8-12-maanden\\\/\",\"name\":\"Set NUNKI 70 cm doorgroei laken en BUNDI slaapzak 8-12 maanden - Fedde&amp;Kees\",\"isPartOf\":{\"@id\":\"https:\\\/\\\/feddekees.nl\\\/fr\\\/#website\"},\"primaryImageOfPage\":{\"@id\":\"https:\\\/\\\/feddekees.nl\\\/fr\\\/set-nunki-70-cm-doorgroei-laken-en-bundi-slaapzak-8-12-maanden\\\/#primaryimage\"},\"image\":{\"@id\":\"https:\\\/\\\/feddekees.nl\\\/fr\\\/set-nunki-70-cm-doorgroei-laken-en-bundi-slaapzak-8-12-maanden\\\/#primaryimage\"},\"thumbnailUrl\":\"https:\\\/\\\/feddekees.nl\\\/wp-content\\\/uploads\\\/2.-NUNKI_LG_Ledikant.jpg\",\"datePublished\":\"2026-03-04T14:26:55+00:00\",\"dateModified\":\"2026-04-16T09:57:21+00:00\",\"breadcrumb\":{\"@id\":\"https:\\\/\\\/feddekees.nl\\\/fr\\\/set-nunki-70-cm-doorgroei-laken-en-bundi-slaapzak-8-12-maanden\\\/#breadcrumb\"},\"inLanguage\":\"fr-FR\",\"potentialAction\":[{\"@type\":\"ReadAction\",\"target\":[\"https:\\\/\\\/feddekees.nl\\\/fr\\\/set-nunki-70-cm-doorgroei-laken-en-bundi-slaapzak-8-12-maanden\\\/\"]}]},{\"@type\":\"ImageObject\",\"inLanguage\":\"fr-FR\",\"@id\":\"https:\\\/\\\/feddekees.nl\\\/fr\\\/set-nunki-70-cm-doorgroei-laken-en-bundi-slaapzak-8-12-maanden\\\/#primaryimage\",\"url\":\"https:\\\/\\\/feddekees.nl\\\/wp-content\\\/uploads\\\/2.-NUNKI_LG_Ledikant.jpg\",\"contentUrl\":\"https:\\\/\\\/feddekees.nl\\\/wp-content\\\/uploads\\\/2.-NUNKI_LG_Ledikant.jpg\",\"width\":900,\"height\":900},{\"@type\":\"BreadcrumbList\",\"@id\":\"https:\\\/\\\/feddekees.nl\\\/fr\\\/set-nunki-70-cm-doorgroei-laken-en-bundi-slaapzak-8-12-maanden\\\/#breadcrumb\",\"itemListElement\":[{\"@type\":\"ListItem\",\"position\":1,\"name\":\"Home\",\"item\":\"https:\\\/\\\/feddekees.nl\\\/\"},{\"@type\":\"ListItem\",\"position\":2,\"name\":\"Producten\",\"item\":\"https:\\\/\\\/feddekees.nl\\\/producten\\\/\"},{\"@type\":\"ListItem\",\"position\":3,\"name\":\"Set NUNKI 70 cm doorgroei laken en BUNDI slaapzak 8-12 maanden\"}]},{\"@type\":\"WebSite\",\"@id\":\"https:\\\/\\\/feddekees.nl\\\/fr\\\/#website\",\"url\":\"https:\\\/\\\/feddekees.nl\\\/fr\\\/\",\"name\":\"Fedde&Kees\",\"description\":\"Geborgen, veilig &amp; gemakkelijk slapen voor je baby\",\"publisher\":{\"@id\":\"https:\\\/\\\/feddekees.nl\\\/fr\\\/#organization\"},\"potentialAction\":[{\"@type\":\"SearchAction\",\"target\":{\"@type\":\"EntryPoint\",\"urlTemplate\":\"https:\\\/\\\/feddekees.nl\\\/fr\\\/?s={search_term_string}\"},\"query-input\":{\"@type\":\"PropertyValueSpecification\",\"valueRequired\":true,\"valueName\":\"search_term_string\"}}],\"inLanguage\":\"fr-FR\"},{\"@type\":\"Organization\",\"@id\":\"https:\\\/\\\/feddekees.nl\\\/fr\\\/#organization\",\"name\":\"Fedde&Kees\",\"url\":\"https:\\\/\\\/feddekees.nl\\\/fr\\\/\",\"logo\":{\"@type\":\"ImageObject\",\"inLanguage\":\"fr-FR\",\"@id\":\"https:\\\/\\\/feddekees.nl\\\/fr\\\/#\\\/schema\\\/logo\\\/image\\\/\",\"url\":\"https:\\\/\\\/feddekees.nl\\\/wp-content\\\/uploads\\\/KeddeKees_logo_menu_2026_254-pixels-hoog.png\",\"contentUrl\":\"https:\\\/\\\/feddekees.nl\\\/wp-content\\\/uploads\\\/KeddeKees_logo_menu_2026_254-pixels-hoog.png\",\"width\":955,\"height\":254,\"caption\":\"Fedde&Kees\"},\"image\":{\"@id\":\"https:\\\/\\\/feddekees.nl\\\/fr\\\/#\\\/schema\\\/logo\\\/image\\\/\"}}]}<\/script>\n<meta property=\"product:price:amount\" content=\"178.60\" \/>\n<meta property=\"product:price:currency\" content=\"EUR\" \/>\n<meta property=\"og:availability\" content=\"instock\" \/>\n<meta property=\"product:availability\" content=\"instock\" \/>\n<meta property=\"product:condition\" content=\"new\" \/>\n<!-- \/ Yoast SEO plugin. -->","yoast_head_json":{"title":"Set NUNKI 70 cm doorgroei laken en BUNDI slaapzak 8-12 maanden - Fedde&amp;Kees","robots":{"index":"index","follow":"follow","max-snippet":"max-snippet:-1","max-image-preview":"max-image-preview:large","max-video-preview":"max-video-preview:-1"},"canonical":"https:\/\/feddekees.nl\/fr\/set-nunki-70-cm-doorgroei-laken-en-bundi-slaapzak-8-12-maanden\/","og_locale":"fr_FR","og_type":"article","og_title":"Set NUNKI 70 cm doorgroei laken en BUNDI slaapzak 8-12 maanden - Fedde&amp;Kees","og_description":"Rustig slapen zonder inbakeren. Met het NUNKI lakentje en het BUNDI slaapzakje slaapt je kindje rustiger. De set zorgt voor geborgenheid in bed, ook wanneer inbakeren niet meer mag. Het is een doordachte methode waarmee je je kindje heel simpel strak instopt en de bewegingsvrijheid per slaapje kunt bepalen. \u2713 Een veilig en geborgen gevoel [&hellip;]","og_url":"https:\/\/feddekees.nl\/fr\/set-nunki-70-cm-doorgroei-laken-en-bundi-slaapzak-8-12-maanden\/","og_site_name":"Fedde&amp;Kees","article_modified_time":"2026-04-16T09:57:21+00:00","og_image":[{"width":900,"height":900,"url":"https:\/\/feddekees.nl\/wp-content\/uploads\/2.-NUNKI_LG_Ledikant.jpg","type":"image\/jpeg"}],"twitter_card":"summary_large_image","twitter_misc":{"Prix":"&euro;&nbsp;178,60 incl. btw","Disponibilit\u00e9":"En stock"},"schema":{"@context":"https:\/\/schema.org","@graph":[{"@type":"WebPage","@id":"https:\/\/feddekees.nl\/fr\/set-nunki-70-cm-doorgroei-laken-en-bundi-slaapzak-8-12-maanden\/","url":"https:\/\/feddekees.nl\/fr\/set-nunki-70-cm-doorgroei-laken-en-bundi-slaapzak-8-12-maanden\/","name":"Set NUNKI 70 cm doorgroei laken en BUNDI slaapzak 8-12 maanden - Fedde&amp;Kees","isPartOf":{"@id":"https:\/\/feddekees.nl\/fr\/#website"},"primaryImageOfPage":{"@id":"https:\/\/feddekees.nl\/fr\/set-nunki-70-cm-doorgroei-laken-en-bundi-slaapzak-8-12-maanden\/#primaryimage"},"image":{"@id":"https:\/\/feddekees.nl\/fr\/set-nunki-70-cm-doorgroei-laken-en-bundi-slaapzak-8-12-maanden\/#primaryimage"},"thumbnailUrl":"https:\/\/feddekees.nl\/wp-content\/uploads\/2.-NUNKI_LG_Ledikant.jpg","datePublished":"2026-03-04T14:26:55+00:00","dateModified":"2026-04-16T09:57:21+00:00","breadcrumb":{"@id":"https:\/\/feddekees.nl\/fr\/set-nunki-70-cm-doorgroei-laken-en-bundi-slaapzak-8-12-maanden\/#breadcrumb"},"inLanguage":"fr-FR","potentialAction":[{"@type":"ReadAction","target":["https:\/\/feddekees.nl\/fr\/set-nunki-70-cm-doorgroei-laken-en-bundi-slaapzak-8-12-maanden\/"]}]},{"@type":"ImageObject","inLanguage":"fr-FR","@id":"https:\/\/feddekees.nl\/fr\/set-nunki-70-cm-doorgroei-laken-en-bundi-slaapzak-8-12-maanden\/#primaryimage","url":"https:\/\/feddekees.nl\/wp-content\/uploads\/2.-NUNKI_LG_Ledikant.jpg","contentUrl":"https:\/\/feddekees.nl\/wp-content\/uploads\/2.-NUNKI_LG_Ledikant.jpg","width":900,"height":900},{"@type":"BreadcrumbList","@id":"https:\/\/feddekees.nl\/fr\/set-nunki-70-cm-doorgroei-laken-en-bundi-slaapzak-8-12-maanden\/#breadcrumb","itemListElement":[{"@type":"ListItem","position":1,"name":"Home","item":"https:\/\/feddekees.nl\/"},{"@type":"ListItem","position":2,"name":"Producten","item":"https:\/\/feddekees.nl\/producten\/"},{"@type":"ListItem","position":3,"name":"Set NUNKI 70 cm doorgroei laken en BUNDI slaapzak 8-12 maanden"}]},{"@type":"WebSite","@id":"https:\/\/feddekees.nl\/fr\/#website","url":"https:\/\/feddekees.nl\/fr\/","name":"Fedde&amp;Kees","description":"Dormir en toute s\u00e9curit\u00e9, confortablement et facilement pour votre b\u00e9b\u00e9","publisher":{"@id":"https:\/\/feddekees.nl\/fr\/#organization"},"potentialAction":[{"@type":"SearchAction","target":{"@type":"EntryPoint","urlTemplate":"https:\/\/feddekees.nl\/fr\/?s={search_term_string}"},"query-input":{"@type":"PropertyValueSpecification","valueRequired":true,"valueName":"search_term_string"}}],"inLanguage":"fr-FR"},{"@type":"Organization","@id":"https:\/\/feddekees.nl\/fr\/#organization","name":"Fedde&amp;Kees","url":"https:\/\/feddekees.nl\/fr\/","logo":{"@type":"ImageObject","inLanguage":"fr-FR","@id":"https:\/\/feddekees.nl\/fr\/#\/schema\/logo\/image\/","url":"https:\/\/feddekees.nl\/wp-content\/uploads\/KeddeKees_logo_menu_2026_254-pixels-hoog.png","contentUrl":"https:\/\/feddekees.nl\/wp-content\/uploads\/KeddeKees_logo_menu_2026_254-pixels-hoog.png","width":955,"height":254,"caption":"Fedde&Kees"},"image":{"@id":"https:\/\/feddekees.nl\/fr\/#\/schema\/logo\/image\/"}}]},"product_price_amount":"178.60","product_price_currency":"EUR","og_availability":"instock","product_availability":"instock","product_condition":"new"},"_links":{"self":[{"href":"https:\/\/feddekees.nl\/fr\/wp-json\/wp\/v2\/product\/9906","targetHints":{"allow":["GET"]}}],"collection":[{"href":"https:\/\/feddekees.nl\/fr\/wp-json\/wp\/v2\/product"}],"about":[{"href":"https:\/\/feddekees.nl\/fr\/wp-json\/wp\/v2\/types\/product"}],"replies":[{"embeddable":true,"href":"https:\/\/feddekees.nl\/fr\/wp-json\/wp\/v2\/comments?post=9906"}],"wp:featuredmedia":[{"embeddable":true,"href":"https:\/\/feddekees.nl\/fr\/wp-json\/wp\/v2\/media\/4991"}],"wp:attachment":[{"href":"https:\/\/feddekees.nl\/fr\/wp-json\/wp\/v2\/media?parent=9906"}],"wp:term":[{"taxonomy":"nunki_filter","embeddable":true,"href":"https:\/\/feddekees.nl\/fr\/wp-json\/wp\/v2\/nunki_filter?post=9906"},{"taxonomy":"product_brand","embeddable":true,"href":"https:\/\/feddekees.nl\/fr\/wp-json\/wp\/v2\/product_brand?post=9906"},{"taxonomy":"product_cat","embeddable":true,"href":"https:\/\/feddekees.nl\/fr\/wp-json\/wp\/v2\/product_cat?post=9906"},{"taxonomy":"product_tag","embeddable":true,"href":"https:\/\/feddekees.nl\/fr\/wp-json\/wp\/v2\/product_tag?post=9906"}],"curies":[{"name":"wp","href":"https:\/\/api.w.org\/{rel}","templated":true}]}}