{"id":9891,"date":"2026-03-04T15:20:59","date_gmt":"2026-03-04T14:20:59","guid":{"rendered":"https:\/\/feddekees.refreshserver.nl\/?post_type=product&#038;p=9891"},"modified":"2026-04-16T10:56:22","modified_gmt":"2026-04-16T09:56:22","slug":"set-nunki-50-cm-co-sleeper-laken-en-bundi-slaapzak-4-8-maanden","status":"publish","type":"product","link":"https:\/\/feddekees.nl\/fr\/set-nunki-50-cm-co-sleeper-laken-en-bundi-slaapzak-4-8-maanden\/","title":{"rendered":"Set NUNKI 50 cm co sleeper  laken en BUNDI  slaapzak 4-8 maanden"},"content":{"rendered":"<h3>Rustig slapen als je kindje gaat rollen.<\/h3>\n<p>Avec la combinaison de<a href=\"https:\/\/feddekees.nl\/fr\/product\/lit-pour-bebe-babylaken-nunki-40x80-90cm\/\" target=\"_blank\" rel=\"noopener\"> NUNKI drap<\/a> et <a href=\"https:\/\/feddekees.nl\/fr\/product\/turbulette-pour-bebe-bundi-0-4-mois\/\" target=\"_blank\" rel=\"noopener\">Gigoteuse BUNDI<\/a> slaapt je baby rustiger, \u00f3\u00f3k in de periode dat hij leert omrollen. Met deze set van Fedde&amp;Kees kun je je kindje snel en simpel strak instoppen. De set is ook ideaal om inbakeren stapje voor stapje af te bouwen.<\/p>\n<p>\u2713 Sevrer le lange dans de petits pas<br \/>\nD\u00e9terminez la libert\u00e9 de mouvement par sieste<br \/>\n\u2713 La pression douce aide \u00e0 la relaxation et au traitement des stimuli<br \/>\n\u2713 S\u00fbr : le drap-housse ne peut pas se d\u00e9tacher<br \/>\n\u2713 Le rituel de coucher id\u00e9al pour votre b\u00e9b\u00e9<br \/>\n\u2713 NUNKI kun je blijven gebruiken tot 3 jaar (afbouwen hoeft niet)<\/p>\n<h3>Facile et net \u00e0 rentrer avec NUNKI<\/h3>\n<p>Strak instoppen geeft baby\u2019s een fijn en veilig gevoel in bed. Met NUNKI is dat supersimpel; je ritst het lakentje simpelweg dicht. Het lakentje zit om het matras heen, dus je baby kan het ook niet lostrappen. Iedereen kan het en iedereen doet het op dezelfde manier. Zo cre\u00eber je het ideale bedritueel voor je baby. Ons NUNKI lakentje is niet voor niets bekroond met twee Baby Innovation Awards.<\/p>\n<h3>Inbakeren afbouwen wordt simpel<\/h3>\n<p>Wanneer je kindje gaat rollen, moet je inbakeren afbouwen. Met deze set wordt dat een stuk gemakkelijker. Het NUNKI lakentje vertraagt het moment van omrollen. Het BUNDI slaapzakje heeft ritsjes onder de mouwen, waarmee je per slaapje kunt bepalen hoeveel bewegingsvrijheid je kindje heeft. Door de ritsjes steeds iets verder open te doen, bouw je inbakeren af op een tempo dat past bij jouw kindje! Dit werkt veel beter dan direct een armpje vrij leggen.<\/p>\n<p>&nbsp;<\/p>","protected":false},"excerpt":{"rendered":"<p>Rustig slapen als je kindje gaat rollen. Met de combinatie van het NUNKI lakentje en het BUNDI slaapzakje slaapt je baby rustiger, \u00f3\u00f3k in de periode dat hij leert omrollen. Met deze set van Fedde&amp;Kees kun je je kindje snel en simpel strak instoppen. De set is ook ideaal om inbakeren stapje voor stapje af [&hellip;]<\/p>\n","protected":false},"featured_media":8371,"comment_status":"closed","ping_status":"closed","template":"","meta":{"_acf_changed":false},"nunki_filter":[],"product_brand":[],"product_cat":[41],"product_tag":[],"class_list":{"0":"post-9891","1":"product","2":"type-product","3":"status-publish","4":"has-post-thumbnail","6":"product_cat-sets","7":"product_shipping_class-pakket","9":"first","10":"instock","11":"sale","12":"taxable","13":"shipping-taxable","14":"purchasable","15":"product-type-woosb"},"supplier_id":null,"supplier_sku":"","barcode":null,"atum_controlled":false,"out_stock_date":null,"out_stock_threshold":null,"inheritable":false,"inbound_stock":0,"stock_on_hold":0,"sold_today":0,"sales_last_days":1,"reserved_stock":0,"customer_returns":0,"warehouse_damage":0,"lost_in_post":0,"other_logs":0,"out_stock_days":0,"lost_sales":0,"has_location":false,"update_date":"2026-05-06T13:13:10","atum_locations":[],"atum_stock_status":"instock","restock_status":false,"low_stock_amount":"","sales_update_date":"2026-05-06T13:13:10","calc_backorders":0,"acf":[],"yoast_head":"<!-- This site is optimized with the Yoast SEO plugin v27.5 - https:\/\/yoast.com\/product\/yoast-seo-wordpress\/ -->\n<title>Set NUNKI 50 cm co sleeper laken en BUNDI slaapzak 4-8 maanden - Fedde&amp;Kees<\/title>\n<meta name=\"robots\" content=\"index, follow, max-snippet:-1, max-image-preview:large, max-video-preview:-1\" \/>\n<link rel=\"canonical\" href=\"https:\/\/feddekees.nl\/fr\/set-nunki-50-cm-co-sleeper-laken-en-bundi-slaapzak-4-8-maanden\/\" \/>\n<meta property=\"og:locale\" content=\"fr_FR\" \/>\n<meta property=\"og:type\" content=\"article\" \/>\n<meta property=\"og:title\" content=\"Set NUNKI 50 cm co sleeper laken en BUNDI slaapzak 4-8 maanden - Fedde&amp;Kees\" \/>\n<meta property=\"og:description\" content=\"Rustig slapen als je kindje gaat rollen. Met de combinatie van het NUNKI lakentje en het BUNDI slaapzakje slaapt je baby rustiger, \u00f3\u00f3k in de periode dat hij leert omrollen. Met deze set van Fedde&amp;Kees kun je je kindje snel en simpel strak instoppen. De set is ook ideaal om inbakeren stapje voor stapje af [&hellip;]\" \/>\n<meta property=\"og:url\" content=\"https:\/\/feddekees.nl\/fr\/set-nunki-50-cm-co-sleeper-laken-en-bundi-slaapzak-4-8-maanden\/\" \/>\n<meta property=\"og:site_name\" content=\"Fedde&amp;Kees\" \/>\n<meta property=\"article:modified_time\" content=\"2026-04-16T09:56:22+00:00\" \/>\n<meta property=\"og:image\" content=\"https:\/\/feddekees.nl\/wp-content\/uploads\/50cm_co-sleeper_nunki-lakentje-2.jpg\" \/>\n\t<meta property=\"og:image:width\" content=\"816\" \/>\n\t<meta property=\"og:image:height\" content=\"816\" \/>\n\t<meta property=\"og:image:type\" content=\"image\/jpeg\" \/>\n<meta name=\"twitter:card\" content=\"summary_large_image\" \/>\n<meta name=\"twitter:label1\" content=\"Prix\" \/>\n\t<meta name=\"twitter:data1\" content=\"&euro;&nbsp;145,91 incl. btw\" \/>\n\t<meta name=\"twitter:label2\" content=\"Disponibilit\u00e9\" \/>\n\t<meta name=\"twitter:data2\" content=\"En stock\" \/>\n<script type=\"application\/ld+json\" class=\"yoast-schema-graph\">{\"@context\":\"https:\\\/\\\/schema.org\",\"@graph\":[{\"@type\":\"WebPage\",\"@id\":\"https:\\\/\\\/feddekees.nl\\\/fr\\\/set-nunki-50-cm-co-sleeper-laken-en-bundi-slaapzak-4-8-maanden\\\/\",\"url\":\"https:\\\/\\\/feddekees.nl\\\/fr\\\/set-nunki-50-cm-co-sleeper-laken-en-bundi-slaapzak-4-8-maanden\\\/\",\"name\":\"Set NUNKI 50 cm co sleeper laken en BUNDI slaapzak 4-8 maanden - Fedde&amp;Kees\",\"isPartOf\":{\"@id\":\"https:\\\/\\\/feddekees.nl\\\/fr\\\/#website\"},\"primaryImageOfPage\":{\"@id\":\"https:\\\/\\\/feddekees.nl\\\/fr\\\/set-nunki-50-cm-co-sleeper-laken-en-bundi-slaapzak-4-8-maanden\\\/#primaryimage\"},\"image\":{\"@id\":\"https:\\\/\\\/feddekees.nl\\\/fr\\\/set-nunki-50-cm-co-sleeper-laken-en-bundi-slaapzak-4-8-maanden\\\/#primaryimage\"},\"thumbnailUrl\":\"https:\\\/\\\/feddekees.nl\\\/wp-content\\\/uploads\\\/50cm_co-sleeper_nunki-lakentje-2.jpg\",\"datePublished\":\"2026-03-04T14:20:59+00:00\",\"dateModified\":\"2026-04-16T09:56:22+00:00\",\"breadcrumb\":{\"@id\":\"https:\\\/\\\/feddekees.nl\\\/fr\\\/set-nunki-50-cm-co-sleeper-laken-en-bundi-slaapzak-4-8-maanden\\\/#breadcrumb\"},\"inLanguage\":\"fr-FR\",\"potentialAction\":[{\"@type\":\"ReadAction\",\"target\":[\"https:\\\/\\\/feddekees.nl\\\/fr\\\/set-nunki-50-cm-co-sleeper-laken-en-bundi-slaapzak-4-8-maanden\\\/\"]}]},{\"@type\":\"ImageObject\",\"inLanguage\":\"fr-FR\",\"@id\":\"https:\\\/\\\/feddekees.nl\\\/fr\\\/set-nunki-50-cm-co-sleeper-laken-en-bundi-slaapzak-4-8-maanden\\\/#primaryimage\",\"url\":\"https:\\\/\\\/feddekees.nl\\\/wp-content\\\/uploads\\\/50cm_co-sleeper_nunki-lakentje-2.jpg\",\"contentUrl\":\"https:\\\/\\\/feddekees.nl\\\/wp-content\\\/uploads\\\/50cm_co-sleeper_nunki-lakentje-2.jpg\",\"width\":816,\"height\":816},{\"@type\":\"BreadcrumbList\",\"@id\":\"https:\\\/\\\/feddekees.nl\\\/fr\\\/set-nunki-50-cm-co-sleeper-laken-en-bundi-slaapzak-4-8-maanden\\\/#breadcrumb\",\"itemListElement\":[{\"@type\":\"ListItem\",\"position\":1,\"name\":\"Home\",\"item\":\"https:\\\/\\\/feddekees.nl\\\/\"},{\"@type\":\"ListItem\",\"position\":2,\"name\":\"Producten\",\"item\":\"https:\\\/\\\/feddekees.nl\\\/producten\\\/\"},{\"@type\":\"ListItem\",\"position\":3,\"name\":\"Set NUNKI 50 cm co sleeper laken en BUNDI slaapzak 4-8 maanden\"}]},{\"@type\":\"WebSite\",\"@id\":\"https:\\\/\\\/feddekees.nl\\\/fr\\\/#website\",\"url\":\"https:\\\/\\\/feddekees.nl\\\/fr\\\/\",\"name\":\"Fedde&Kees\",\"description\":\"Geborgen, veilig &amp; gemakkelijk slapen voor je baby\",\"publisher\":{\"@id\":\"https:\\\/\\\/feddekees.nl\\\/fr\\\/#organization\"},\"potentialAction\":[{\"@type\":\"SearchAction\",\"target\":{\"@type\":\"EntryPoint\",\"urlTemplate\":\"https:\\\/\\\/feddekees.nl\\\/fr\\\/?s={search_term_string}\"},\"query-input\":{\"@type\":\"PropertyValueSpecification\",\"valueRequired\":true,\"valueName\":\"search_term_string\"}}],\"inLanguage\":\"fr-FR\"},{\"@type\":\"Organization\",\"@id\":\"https:\\\/\\\/feddekees.nl\\\/fr\\\/#organization\",\"name\":\"Fedde&Kees\",\"url\":\"https:\\\/\\\/feddekees.nl\\\/fr\\\/\",\"logo\":{\"@type\":\"ImageObject\",\"inLanguage\":\"fr-FR\",\"@id\":\"https:\\\/\\\/feddekees.nl\\\/fr\\\/#\\\/schema\\\/logo\\\/image\\\/\",\"url\":\"https:\\\/\\\/feddekees.nl\\\/wp-content\\\/uploads\\\/KeddeKees_logo_menu_2026_254-pixels-hoog.png\",\"contentUrl\":\"https:\\\/\\\/feddekees.nl\\\/wp-content\\\/uploads\\\/KeddeKees_logo_menu_2026_254-pixels-hoog.png\",\"width\":955,\"height\":254,\"caption\":\"Fedde&Kees\"},\"image\":{\"@id\":\"https:\\\/\\\/feddekees.nl\\\/fr\\\/#\\\/schema\\\/logo\\\/image\\\/\"}}]}<\/script>\n<meta property=\"product:price:amount\" content=\"145.91\" \/>\n<meta property=\"product:price:currency\" content=\"EUR\" \/>\n<meta property=\"og:availability\" content=\"instock\" \/>\n<meta property=\"product:availability\" content=\"instock\" \/>\n<meta property=\"product:condition\" content=\"new\" \/>\n<!-- \/ Yoast SEO plugin. -->","yoast_head_json":{"title":"Set NUNKI 50 cm co sleeper laken en BUNDI slaapzak 4-8 maanden - Fedde&amp;Kees","robots":{"index":"index","follow":"follow","max-snippet":"max-snippet:-1","max-image-preview":"max-image-preview:large","max-video-preview":"max-video-preview:-1"},"canonical":"https:\/\/feddekees.nl\/fr\/set-nunki-50-cm-co-sleeper-laken-en-bundi-slaapzak-4-8-maanden\/","og_locale":"fr_FR","og_type":"article","og_title":"Set NUNKI 50 cm co sleeper laken en BUNDI slaapzak 4-8 maanden - Fedde&amp;Kees","og_description":"Rustig slapen als je kindje gaat rollen. Met de combinatie van het NUNKI lakentje en het BUNDI slaapzakje slaapt je baby rustiger, \u00f3\u00f3k in de periode dat hij leert omrollen. Met deze set van Fedde&amp;Kees kun je je kindje snel en simpel strak instoppen. De set is ook ideaal om inbakeren stapje voor stapje af [&hellip;]","og_url":"https:\/\/feddekees.nl\/fr\/set-nunki-50-cm-co-sleeper-laken-en-bundi-slaapzak-4-8-maanden\/","og_site_name":"Fedde&amp;Kees","article_modified_time":"2026-04-16T09:56:22+00:00","og_image":[{"width":816,"height":816,"url":"https:\/\/feddekees.nl\/wp-content\/uploads\/50cm_co-sleeper_nunki-lakentje-2.jpg","type":"image\/jpeg"}],"twitter_card":"summary_large_image","twitter_misc":{"Prix":"&euro;&nbsp;145,91 incl. btw","Disponibilit\u00e9":"En stock"},"schema":{"@context":"https:\/\/schema.org","@graph":[{"@type":"WebPage","@id":"https:\/\/feddekees.nl\/fr\/set-nunki-50-cm-co-sleeper-laken-en-bundi-slaapzak-4-8-maanden\/","url":"https:\/\/feddekees.nl\/fr\/set-nunki-50-cm-co-sleeper-laken-en-bundi-slaapzak-4-8-maanden\/","name":"Set NUNKI 50 cm co sleeper laken en BUNDI slaapzak 4-8 maanden - Fedde&amp;Kees","isPartOf":{"@id":"https:\/\/feddekees.nl\/fr\/#website"},"primaryImageOfPage":{"@id":"https:\/\/feddekees.nl\/fr\/set-nunki-50-cm-co-sleeper-laken-en-bundi-slaapzak-4-8-maanden\/#primaryimage"},"image":{"@id":"https:\/\/feddekees.nl\/fr\/set-nunki-50-cm-co-sleeper-laken-en-bundi-slaapzak-4-8-maanden\/#primaryimage"},"thumbnailUrl":"https:\/\/feddekees.nl\/wp-content\/uploads\/50cm_co-sleeper_nunki-lakentje-2.jpg","datePublished":"2026-03-04T14:20:59+00:00","dateModified":"2026-04-16T09:56:22+00:00","breadcrumb":{"@id":"https:\/\/feddekees.nl\/fr\/set-nunki-50-cm-co-sleeper-laken-en-bundi-slaapzak-4-8-maanden\/#breadcrumb"},"inLanguage":"fr-FR","potentialAction":[{"@type":"ReadAction","target":["https:\/\/feddekees.nl\/fr\/set-nunki-50-cm-co-sleeper-laken-en-bundi-slaapzak-4-8-maanden\/"]}]},{"@type":"ImageObject","inLanguage":"fr-FR","@id":"https:\/\/feddekees.nl\/fr\/set-nunki-50-cm-co-sleeper-laken-en-bundi-slaapzak-4-8-maanden\/#primaryimage","url":"https:\/\/feddekees.nl\/wp-content\/uploads\/50cm_co-sleeper_nunki-lakentje-2.jpg","contentUrl":"https:\/\/feddekees.nl\/wp-content\/uploads\/50cm_co-sleeper_nunki-lakentje-2.jpg","width":816,"height":816},{"@type":"BreadcrumbList","@id":"https:\/\/feddekees.nl\/fr\/set-nunki-50-cm-co-sleeper-laken-en-bundi-slaapzak-4-8-maanden\/#breadcrumb","itemListElement":[{"@type":"ListItem","position":1,"name":"Home","item":"https:\/\/feddekees.nl\/"},{"@type":"ListItem","position":2,"name":"Producten","item":"https:\/\/feddekees.nl\/producten\/"},{"@type":"ListItem","position":3,"name":"Set NUNKI 50 cm co sleeper laken en BUNDI slaapzak 4-8 maanden"}]},{"@type":"WebSite","@id":"https:\/\/feddekees.nl\/fr\/#website","url":"https:\/\/feddekees.nl\/fr\/","name":"Fedde&amp;Kees","description":"Dormir en toute s\u00e9curit\u00e9, confortablement et facilement pour votre b\u00e9b\u00e9","publisher":{"@id":"https:\/\/feddekees.nl\/fr\/#organization"},"potentialAction":[{"@type":"SearchAction","target":{"@type":"EntryPoint","urlTemplate":"https:\/\/feddekees.nl\/fr\/?s={search_term_string}"},"query-input":{"@type":"PropertyValueSpecification","valueRequired":true,"valueName":"search_term_string"}}],"inLanguage":"fr-FR"},{"@type":"Organization","@id":"https:\/\/feddekees.nl\/fr\/#organization","name":"Fedde&amp;Kees","url":"https:\/\/feddekees.nl\/fr\/","logo":{"@type":"ImageObject","inLanguage":"fr-FR","@id":"https:\/\/feddekees.nl\/fr\/#\/schema\/logo\/image\/","url":"https:\/\/feddekees.nl\/wp-content\/uploads\/KeddeKees_logo_menu_2026_254-pixels-hoog.png","contentUrl":"https:\/\/feddekees.nl\/wp-content\/uploads\/KeddeKees_logo_menu_2026_254-pixels-hoog.png","width":955,"height":254,"caption":"Fedde&Kees"},"image":{"@id":"https:\/\/feddekees.nl\/fr\/#\/schema\/logo\/image\/"}}]},"product_price_amount":"145.91","product_price_currency":"EUR","og_availability":"instock","product_availability":"instock","product_condition":"new"},"_links":{"self":[{"href":"https:\/\/feddekees.nl\/fr\/wp-json\/wp\/v2\/product\/9891","targetHints":{"allow":["GET"]}}],"collection":[{"href":"https:\/\/feddekees.nl\/fr\/wp-json\/wp\/v2\/product"}],"about":[{"href":"https:\/\/feddekees.nl\/fr\/wp-json\/wp\/v2\/types\/product"}],"replies":[{"embeddable":true,"href":"https:\/\/feddekees.nl\/fr\/wp-json\/wp\/v2\/comments?post=9891"}],"wp:featuredmedia":[{"embeddable":true,"href":"https:\/\/feddekees.nl\/fr\/wp-json\/wp\/v2\/media\/8371"}],"wp:attachment":[{"href":"https:\/\/feddekees.nl\/fr\/wp-json\/wp\/v2\/media?parent=9891"}],"wp:term":[{"taxonomy":"nunki_filter","embeddable":true,"href":"https:\/\/feddekees.nl\/fr\/wp-json\/wp\/v2\/nunki_filter?post=9891"},{"taxonomy":"product_brand","embeddable":true,"href":"https:\/\/feddekees.nl\/fr\/wp-json\/wp\/v2\/product_brand?post=9891"},{"taxonomy":"product_cat","embeddable":true,"href":"https:\/\/feddekees.nl\/fr\/wp-json\/wp\/v2\/product_cat?post=9891"},{"taxonomy":"product_tag","embeddable":true,"href":"https:\/\/feddekees.nl\/fr\/wp-json\/wp\/v2\/product_tag?post=9891"}],"curies":[{"name":"wp","href":"https:\/\/api.w.org\/{rel}","templated":true}]}}