{"id":9886,"date":"2026-03-04T15:13:21","date_gmt":"2026-03-04T14:13:21","guid":{"rendered":"https:\/\/feddekees.refreshserver.nl\/?post_type=product&#038;p=9886"},"modified":"2026-04-16T10:56:57","modified_gmt":"2026-04-16T09:56:57","slug":"ensemble-nunki-70-cm-drap-de-croissance-et-sac-de-couchage-bundi-0-4-mois","status":"publish","type":"product","link":"https:\/\/feddekees.nl\/fr\/set-nunki-70-cm-doorgroei-laken-en-bundi-slaapzak-0-4-maanden\/","title":{"rendered":"Ensemble NUNKI 70 cm draps d'agrandissement et sac de couchage BUNDI 0-4 mois"},"content":{"rendered":"<h3>La combinaison dor\u00e9e pour votre b\u00e9b\u00e9.<\/h3>\n<p>Avec la combinaison de <a href=\"https:\/\/feddekees.nl\/fr\/product\/lit-pour-bebe-babylaken-nunki-40x80-90cm\/\" target=\"_blank\" rel=\"noopener\">NUNKI drap<\/a> et le 0-4 mois <a href=\"https:\/\/feddekees.nl\/fr\/product\/turbulette-pour-bebe-bundi-0-4-mois\/\" target=\"_blank\" rel=\"noopener\">Gigoteuse BUNDI<\/a> Votre nouveau-n\u00e9 dort-il plus paisiblement. Cet ensemble pour nouveau-n\u00e9 offre un sentiment de s\u00e9curit\u00e9 et r\u00e9duit la transition de l'ut\u00e9rus vers le monde ext\u00e9rieur. Un syst\u00e8me r\u00e9fl\u00e9chi qui vous permet d'installer votre b\u00e9b\u00e9 simplement, rapidement et en toute s\u00e9curit\u00e9.<\/p>\n<p>\u2713 Le rituel de coucher id\u00e9al pour votre b\u00e9b\u00e9<br \/>\nD\u00e9terminez la libert\u00e9 de mouvement par sieste<br \/>\n\u2713 La pression douce aide \u00e0 la relaxation et au traitement des stimuli<br \/>\n\u2713 S\u00fbr : le drap-housse ne peut pas se d\u00e9tacher<br \/>\n\u2713 NUNKI convient aux enfants de 0 mois \u00e0 3 ans<\/p>\n<h3>Facile et net \u00e0 rentrer avec NUNKI<\/h3>\n<p>Le pouponnage permet de recr\u00e9er le sentiment de s\u00e9curit\u00e9 et de confort que votre b\u00e9b\u00e9 conna\u00eet dans l'ut\u00e9rus. Cependant, sans aide post-partum, cela s'av\u00e8re difficile. Les b\u00e9b\u00e9s n'ont pas encore le contr\u00f4le de leur corps et retirent rapidement un drap. Le drap NUNKI s'enroule autour du matelas, il ne peut donc pas se d\u00e9tacher.<\/p>\n<p>Pour envelopper solidement, il suffit de fermer la fermeture \u00e9clair. Tout le monde peut le faire et tout le monde le fait de la m\u00eame mani\u00e8re. C'est ainsi que vous cr\u00e9ez le rituel de lit id\u00e9al pour votre b\u00e9b\u00e9. Notre drap NUNKI n'a pas \u00e9t\u00e9 r\u00e9compens\u00e9 par deux Baby Innovation Awards pour rien.<\/p>\n<h3>BUNDI : le sac de couchage tout-en-un id\u00e9al<\/h3>\n<p>Notre gigoteuse douce et unique est dot\u00e9e de fermetures \u00e9clair sous les manches. Avec les fermetures \u00e9clair ferm\u00e9es, c'est une alternative douce \u00e0 l'emmaillotage. Votre enfant peut bouger comme d'habitude, mais sans agiter les bras. Ainsi, vous d\u00e9cidez de la libert\u00e9 de mouvement de votre enfant pour chaque sieste. Les fermetures \u00e9clair sont \u00e9galement id\u00e9ales pour r\u00e9duire progressivement l'emmaillotage : en ouvrant l\u00e9g\u00e8rement plus les fermetures \u00e9clair \u00e0 chaque sieste, votre b\u00e9b\u00e9 s'habitue lentement \u00e0 plus de libert\u00e9 de mouvement.<\/p>","protected":false},"excerpt":{"rendered":"<p>De gouden combinatie voor je baby. Met de combinatie van het NUNKI lakentje en het 0-4 maanden BUNDI slaapzakje slaapt je pasgeboren baby rustiger. Deze newborn set geeft geborgenheid en maakt de overgang van baarmoeder naar de buitenwereld kleiner. Een doordacht systeem waarmee je je kindje simpel, snel en veilig instopt. \u2713 Het ideale bedritueel [&hellip;]<\/p>\n","protected":false},"featured_media":4991,"comment_status":"closed","ping_status":"closed","template":"","meta":{"_acf_changed":false},"nunki_filter":[],"product_brand":[],"product_cat":[41],"product_tag":[],"class_list":{"0":"post-9886","1":"product","2":"type-product","3":"status-publish","4":"has-post-thumbnail","6":"product_cat-sets","7":"product_shipping_class-pakket","9":"first","10":"instock","11":"sale","12":"taxable","13":"shipping-taxable","14":"purchasable","15":"product-type-woosb"},"supplier_id":null,"supplier_sku":"","barcode":null,"atum_controlled":false,"out_stock_date":null,"out_stock_threshold":null,"inheritable":false,"inbound_stock":0,"stock_on_hold":0,"sold_today":0,"sales_last_days":0,"reserved_stock":0,"customer_returns":0,"warehouse_damage":0,"lost_in_post":0,"other_logs":0,"out_stock_days":0,"lost_sales":0,"has_location":false,"update_date":"2026-05-06T13:13:15","atum_locations":[],"atum_stock_status":"instock","restock_status":false,"low_stock_amount":"","sales_update_date":"2026-05-06T13:13:15","calc_backorders":0,"acf":[],"yoast_head":"<!-- This site is optimized with the Yoast SEO plugin v27.5 - https:\/\/yoast.com\/product\/yoast-seo-wordpress\/ -->\n<title>Set NUNKI 70 cm doorgroei laken en BUNDI slaapzak 0-4 maanden - Fedde&amp;Kees<\/title>\n<meta name=\"robots\" content=\"index, follow, max-snippet:-1, max-image-preview:large, max-video-preview:-1\" \/>\n<link rel=\"canonical\" href=\"https:\/\/feddekees.nl\/fr\/ensemble-nunki-70-cm-drap-de-croissance-et-sac-de-couchage-bundi-0-4-mois\/\" \/>\n<meta property=\"og:locale\" content=\"fr_FR\" \/>\n<meta property=\"og:type\" content=\"article\" \/>\n<meta property=\"og:title\" content=\"Set NUNKI 70 cm doorgroei laken en BUNDI slaapzak 0-4 maanden - Fedde&amp;Kees\" \/>\n<meta property=\"og:description\" content=\"De gouden combinatie voor je baby. Met de combinatie van het NUNKI lakentje en het 0-4 maanden BUNDI slaapzakje slaapt je pasgeboren baby rustiger. Deze newborn set geeft geborgenheid en maakt de overgang van baarmoeder naar de buitenwereld kleiner. Een doordacht systeem waarmee je je kindje simpel, snel en veilig instopt. \u2713 Het ideale bedritueel [&hellip;]\" \/>\n<meta property=\"og:url\" content=\"https:\/\/feddekees.nl\/fr\/ensemble-nunki-70-cm-drap-de-croissance-et-sac-de-couchage-bundi-0-4-mois\/\" \/>\n<meta property=\"og:site_name\" content=\"Fedde&amp;Kees\" \/>\n<meta property=\"article:modified_time\" content=\"2026-04-16T09:56:57+00:00\" \/>\n<meta property=\"og:image\" content=\"https:\/\/feddekees.nl\/wp-content\/uploads\/2.-NUNKI_LG_Ledikant.jpg\" \/>\n\t<meta property=\"og:image:width\" content=\"900\" \/>\n\t<meta property=\"og:image:height\" content=\"900\" \/>\n\t<meta property=\"og:image:type\" content=\"image\/jpeg\" \/>\n<meta name=\"twitter:card\" content=\"summary_large_image\" \/>\n<meta name=\"twitter:label1\" content=\"Prix\" \/>\n\t<meta name=\"twitter:data1\" content=\"&euro;&nbsp;178,60 incl. btw\" \/>\n\t<meta name=\"twitter:label2\" content=\"Disponibilit\u00e9\" \/>\n\t<meta name=\"twitter:data2\" content=\"En stock\" \/>\n<script type=\"application\/ld+json\" class=\"yoast-schema-graph\">{\"@context\":\"https:\\\/\\\/schema.org\",\"@graph\":[{\"@type\":\"WebPage\",\"@id\":\"https:\\\/\\\/feddekees.nl\\\/fr\\\/set-nunki-70-cm-doorgroei-laken-en-bundi-slaapzak-0-4-maanden\\\/\",\"url\":\"https:\\\/\\\/feddekees.nl\\\/fr\\\/set-nunki-70-cm-doorgroei-laken-en-bundi-slaapzak-0-4-maanden\\\/\",\"name\":\"Set NUNKI 70 cm doorgroei laken en BUNDI slaapzak 0-4 maanden - Fedde&amp;Kees\",\"isPartOf\":{\"@id\":\"https:\\\/\\\/feddekees.nl\\\/fr\\\/#website\"},\"primaryImageOfPage\":{\"@id\":\"https:\\\/\\\/feddekees.nl\\\/fr\\\/set-nunki-70-cm-doorgroei-laken-en-bundi-slaapzak-0-4-maanden\\\/#primaryimage\"},\"image\":{\"@id\":\"https:\\\/\\\/feddekees.nl\\\/fr\\\/set-nunki-70-cm-doorgroei-laken-en-bundi-slaapzak-0-4-maanden\\\/#primaryimage\"},\"thumbnailUrl\":\"https:\\\/\\\/feddekees.nl\\\/wp-content\\\/uploads\\\/2.-NUNKI_LG_Ledikant.jpg\",\"datePublished\":\"2026-03-04T14:13:21+00:00\",\"dateModified\":\"2026-04-16T09:56:57+00:00\",\"breadcrumb\":{\"@id\":\"https:\\\/\\\/feddekees.nl\\\/fr\\\/set-nunki-70-cm-doorgroei-laken-en-bundi-slaapzak-0-4-maanden\\\/#breadcrumb\"},\"inLanguage\":\"fr-FR\",\"potentialAction\":[{\"@type\":\"ReadAction\",\"target\":[\"https:\\\/\\\/feddekees.nl\\\/fr\\\/set-nunki-70-cm-doorgroei-laken-en-bundi-slaapzak-0-4-maanden\\\/\"]}]},{\"@type\":\"ImageObject\",\"inLanguage\":\"fr-FR\",\"@id\":\"https:\\\/\\\/feddekees.nl\\\/fr\\\/set-nunki-70-cm-doorgroei-laken-en-bundi-slaapzak-0-4-maanden\\\/#primaryimage\",\"url\":\"https:\\\/\\\/feddekees.nl\\\/wp-content\\\/uploads\\\/2.-NUNKI_LG_Ledikant.jpg\",\"contentUrl\":\"https:\\\/\\\/feddekees.nl\\\/wp-content\\\/uploads\\\/2.-NUNKI_LG_Ledikant.jpg\",\"width\":900,\"height\":900},{\"@type\":\"BreadcrumbList\",\"@id\":\"https:\\\/\\\/feddekees.nl\\\/fr\\\/set-nunki-70-cm-doorgroei-laken-en-bundi-slaapzak-0-4-maanden\\\/#breadcrumb\",\"itemListElement\":[{\"@type\":\"ListItem\",\"position\":1,\"name\":\"Home\",\"item\":\"https:\\\/\\\/feddekees.nl\\\/\"},{\"@type\":\"ListItem\",\"position\":2,\"name\":\"Producten\",\"item\":\"https:\\\/\\\/feddekees.nl\\\/producten\\\/\"},{\"@type\":\"ListItem\",\"position\":3,\"name\":\"Set NUNKI 70 cm doorgroei laken en BUNDI slaapzak 0-4 maanden\"}]},{\"@type\":\"WebSite\",\"@id\":\"https:\\\/\\\/feddekees.nl\\\/fr\\\/#website\",\"url\":\"https:\\\/\\\/feddekees.nl\\\/fr\\\/\",\"name\":\"Fedde&Kees\",\"description\":\"Geborgen, veilig &amp; gemakkelijk slapen voor je baby\",\"publisher\":{\"@id\":\"https:\\\/\\\/feddekees.nl\\\/fr\\\/#organization\"},\"potentialAction\":[{\"@type\":\"SearchAction\",\"target\":{\"@type\":\"EntryPoint\",\"urlTemplate\":\"https:\\\/\\\/feddekees.nl\\\/fr\\\/?s={search_term_string}\"},\"query-input\":{\"@type\":\"PropertyValueSpecification\",\"valueRequired\":true,\"valueName\":\"search_term_string\"}}],\"inLanguage\":\"fr-FR\"},{\"@type\":\"Organization\",\"@id\":\"https:\\\/\\\/feddekees.nl\\\/fr\\\/#organization\",\"name\":\"Fedde&Kees\",\"url\":\"https:\\\/\\\/feddekees.nl\\\/fr\\\/\",\"logo\":{\"@type\":\"ImageObject\",\"inLanguage\":\"fr-FR\",\"@id\":\"https:\\\/\\\/feddekees.nl\\\/fr\\\/#\\\/schema\\\/logo\\\/image\\\/\",\"url\":\"https:\\\/\\\/feddekees.nl\\\/wp-content\\\/uploads\\\/KeddeKees_logo_menu_2026_254-pixels-hoog.png\",\"contentUrl\":\"https:\\\/\\\/feddekees.nl\\\/wp-content\\\/uploads\\\/KeddeKees_logo_menu_2026_254-pixels-hoog.png\",\"width\":955,\"height\":254,\"caption\":\"Fedde&Kees\"},\"image\":{\"@id\":\"https:\\\/\\\/feddekees.nl\\\/fr\\\/#\\\/schema\\\/logo\\\/image\\\/\"}}]}<\/script>\n<meta property=\"product:price:amount\" content=\"178.60\" \/>\n<meta property=\"product:price:currency\" content=\"EUR\" \/>\n<meta property=\"og:availability\" content=\"instock\" \/>\n<meta property=\"product:availability\" content=\"instock\" \/>\n<meta property=\"product:condition\" content=\"new\" \/>\n<!-- \/ Yoast SEO plugin. -->","yoast_head_json":{"title":"Set drap-housse NUNKI 70 cm et gigoteuse BUNDI 0-4 mois - Fedde&amp;Kees","robots":{"index":"index","follow":"follow","max-snippet":"max-snippet:-1","max-image-preview":"max-image-preview:large","max-video-preview":"max-video-preview:-1"},"canonical":"https:\/\/feddekees.nl\/fr\/ensemble-nunki-70-cm-drap-de-croissance-et-sac-de-couchage-bundi-0-4-mois\/","og_locale":"fr_FR","og_type":"article","og_title":"Set NUNKI 70 cm doorgroei laken en BUNDI slaapzak 0-4 maanden - Fedde&amp;Kees","og_description":"De gouden combinatie voor je baby. Met de combinatie van het NUNKI lakentje en het 0-4 maanden BUNDI slaapzakje slaapt je pasgeboren baby rustiger. Deze newborn set geeft geborgenheid en maakt de overgang van baarmoeder naar de buitenwereld kleiner. Een doordacht systeem waarmee je je kindje simpel, snel en veilig instopt. \u2713 Het ideale bedritueel [&hellip;]","og_url":"https:\/\/feddekees.nl\/fr\/ensemble-nunki-70-cm-drap-de-croissance-et-sac-de-couchage-bundi-0-4-mois\/","og_site_name":"Fedde&amp;Kees","article_modified_time":"2026-04-16T09:56:57+00:00","og_image":[{"width":900,"height":900,"url":"https:\/\/feddekees.nl\/wp-content\/uploads\/2.-NUNKI_LG_Ledikant.jpg","type":"image\/jpeg"}],"twitter_card":"summary_large_image","twitter_misc":{"Prix":"&euro;&nbsp;178,60 incl. btw","Disponibilit\u00e9":"En stock"},"schema":{"@context":"https:\/\/schema.org","@graph":[{"@type":"WebPage","@id":"https:\/\/feddekees.nl\/fr\/set-nunki-70-cm-doorgroei-laken-en-bundi-slaapzak-0-4-maanden\/","url":"https:\/\/feddekees.nl\/fr\/set-nunki-70-cm-doorgroei-laken-en-bundi-slaapzak-0-4-maanden\/","name":"Set drap-housse NUNKI 70 cm et gigoteuse BUNDI 0-4 mois - Fedde&amp;Kees","isPartOf":{"@id":"https:\/\/feddekees.nl\/fr\/#website"},"primaryImageOfPage":{"@id":"https:\/\/feddekees.nl\/fr\/set-nunki-70-cm-doorgroei-laken-en-bundi-slaapzak-0-4-maanden\/#primaryimage"},"image":{"@id":"https:\/\/feddekees.nl\/fr\/set-nunki-70-cm-doorgroei-laken-en-bundi-slaapzak-0-4-maanden\/#primaryimage"},"thumbnailUrl":"https:\/\/feddekees.nl\/wp-content\/uploads\/2.-NUNKI_LG_Ledikant.jpg","datePublished":"2026-03-04T14:13:21+00:00","dateModified":"2026-04-16T09:56:57+00:00","breadcrumb":{"@id":"https:\/\/feddekees.nl\/fr\/set-nunki-70-cm-doorgroei-laken-en-bundi-slaapzak-0-4-maanden\/#breadcrumb"},"inLanguage":"fr-FR","potentialAction":[{"@type":"ReadAction","target":["https:\/\/feddekees.nl\/fr\/set-nunki-70-cm-doorgroei-laken-en-bundi-slaapzak-0-4-maanden\/"]}]},{"@type":"ImageObject","inLanguage":"fr-FR","@id":"https:\/\/feddekees.nl\/fr\/set-nunki-70-cm-doorgroei-laken-en-bundi-slaapzak-0-4-maanden\/#primaryimage","url":"https:\/\/feddekees.nl\/wp-content\/uploads\/2.-NUNKI_LG_Ledikant.jpg","contentUrl":"https:\/\/feddekees.nl\/wp-content\/uploads\/2.-NUNKI_LG_Ledikant.jpg","width":900,"height":900},{"@type":"BreadcrumbList","@id":"https:\/\/feddekees.nl\/fr\/set-nunki-70-cm-doorgroei-laken-en-bundi-slaapzak-0-4-maanden\/#breadcrumb","itemListElement":[{"@type":"ListItem","position":1,"name":"Home","item":"https:\/\/feddekees.nl\/"},{"@type":"ListItem","position":2,"name":"Producten","item":"https:\/\/feddekees.nl\/producten\/"},{"@type":"ListItem","position":3,"name":"Set NUNKI 70 cm doorgroei laken en BUNDI slaapzak 0-4 maanden"}]},{"@type":"WebSite","@id":"https:\/\/feddekees.nl\/fr\/#website","url":"https:\/\/feddekees.nl\/fr\/","name":"Fedde&amp;Kees","description":"Dormir en toute s\u00e9curit\u00e9, confortablement et facilement pour votre b\u00e9b\u00e9","publisher":{"@id":"https:\/\/feddekees.nl\/fr\/#organization"},"potentialAction":[{"@type":"SearchAction","target":{"@type":"EntryPoint","urlTemplate":"https:\/\/feddekees.nl\/fr\/?s={search_term_string}"},"query-input":{"@type":"PropertyValueSpecification","valueRequired":true,"valueName":"search_term_string"}}],"inLanguage":"fr-FR"},{"@type":"Organization","@id":"https:\/\/feddekees.nl\/fr\/#organization","name":"Fedde&amp;Kees","url":"https:\/\/feddekees.nl\/fr\/","logo":{"@type":"ImageObject","inLanguage":"fr-FR","@id":"https:\/\/feddekees.nl\/fr\/#\/schema\/logo\/image\/","url":"https:\/\/feddekees.nl\/wp-content\/uploads\/KeddeKees_logo_menu_2026_254-pixels-hoog.png","contentUrl":"https:\/\/feddekees.nl\/wp-content\/uploads\/KeddeKees_logo_menu_2026_254-pixels-hoog.png","width":955,"height":254,"caption":"Fedde&Kees"},"image":{"@id":"https:\/\/feddekees.nl\/fr\/#\/schema\/logo\/image\/"}}]},"product_price_amount":"178.60","product_price_currency":"EUR","og_availability":"instock","product_availability":"instock","product_condition":"new"},"_links":{"self":[{"href":"https:\/\/feddekees.nl\/fr\/wp-json\/wp\/v2\/product\/9886","targetHints":{"allow":["GET"]}}],"collection":[{"href":"https:\/\/feddekees.nl\/fr\/wp-json\/wp\/v2\/product"}],"about":[{"href":"https:\/\/feddekees.nl\/fr\/wp-json\/wp\/v2\/types\/product"}],"replies":[{"embeddable":true,"href":"https:\/\/feddekees.nl\/fr\/wp-json\/wp\/v2\/comments?post=9886"}],"wp:featuredmedia":[{"embeddable":true,"href":"https:\/\/feddekees.nl\/fr\/wp-json\/wp\/v2\/media\/4991"}],"wp:attachment":[{"href":"https:\/\/feddekees.nl\/fr\/wp-json\/wp\/v2\/media?parent=9886"}],"wp:term":[{"taxonomy":"nunki_filter","embeddable":true,"href":"https:\/\/feddekees.nl\/fr\/wp-json\/wp\/v2\/nunki_filter?post=9886"},{"taxonomy":"product_brand","embeddable":true,"href":"https:\/\/feddekees.nl\/fr\/wp-json\/wp\/v2\/product_brand?post=9886"},{"taxonomy":"product_cat","embeddable":true,"href":"https:\/\/feddekees.nl\/fr\/wp-json\/wp\/v2\/product_cat?post=9886"},{"taxonomy":"product_tag","embeddable":true,"href":"https:\/\/feddekees.nl\/fr\/wp-json\/wp\/v2\/product_tag?post=9886"}],"curies":[{"name":"wp","href":"https:\/\/api.w.org\/{rel}","templated":true}]}}