{"id":4602,"date":"2026-02-04T12:46:07","date_gmt":"2026-02-04T11:46:07","guid":{"rendered":"https:\/\/feddekees.refreshserver.nl\/?post_type=product&#038;p=4602"},"modified":"2026-05-06T08:50:16","modified_gmt":"2026-05-06T07:50:16","slug":"babylaken-nunki-co-sleeper-50x90cm","status":"publish","type":"product","link":"https:\/\/feddekees.nl\/fr\/babylaken-nunki-co-sleeper-50x90cm\/","title":{"rendered":"Tour de lit Babylaken NUNKI 50x90cm"},"content":{"rendered":"<h2>Tour de lit Babylaken NUNKI 50x90cm<\/h2>\n<p>NUNKI est sp\u00e9cialement con\u00e7u pour emmailloter votre b\u00e9b\u00e9 de mani\u00e8re s\u00fbre et simple. La douce pression aide votre b\u00e9b\u00e9 \u00e0 se d\u00e9tendre et \u00e0 traiter les stimulations, comme dans l'ut\u00e9rus. Ainsi, votre tout-petit s'endort et reste calme.<\/p>\n<p>NUNKI est couronn\u00e9 <strong>2 Baby Innovation Awards<\/strong>.<\/p>\n<p>\u2713 Ins\u00e9rer simplement et proprement<br \/>\n\u2713 S\u00fbr : impossible \u00e0 d\u00e9tacher<br \/>\n\u2713 Aide \u00e0 traiter les stimuli<br \/>\n\u2713 Seulement 0,5 TOG<br \/>\n\u2713 Conception ergonomique unique<br \/>\nConvient d\u00e8s la naissance et jusqu'\u00e0 3 ans<\/p>\n<p>Le rituel de coucher id\u00e9al : plus de 50 000 b\u00e9b\u00e9s dorment mieux avec NUNKI.<\/p>\n<h3>Design unique et prim\u00e9<\/h3>\n<p>Rentrer les draps est un d\u00e9fi ? Pas avec NUNKI ! Le drap prim\u00e9 s'adapte au matelas, emp\u00eachant ainsi votre b\u00e9b\u00e9 de le d\u00e9faire. La bande \u00e9lastique unique sur le dessus cr\u00e9e une l\u00e9g\u00e8re pression sur le haut du corps de votre b\u00e9b\u00e9. Cela procure une sensation agr\u00e9able, s\u00fbre et relaxante, aidant ainsi votre b\u00e9b\u00e9 \u00e0 s'endormir plus facilement et \u00e0 rester endormi.<\/p>\n<p>Le drap-housse est dot\u00e9 d'une fermeture \u00e9clair, gr\u00e2ce \u00e0 laquelle vous installez votre b\u00e9b\u00e9 en un seul geste simple. Tout le monde peut le faire et tout le monde le fait de la m\u00eame mani\u00e8re. Cela rend le rituel du coucher pr\u00e9visible et cr\u00e9e une atmosph\u00e8re de calme. Gardez \u00e0 l'esprit que votre b\u00e9b\u00e9 aura besoin de quelques jours pour s'y habituer. Ensuite, vous verrez que votre enfant s'endormira plus rapidement et dormira plus longtemps !<\/p>\n<h3>Le b\u00e9b\u00e9 peut choisir sa propre position de sommeil<\/h3>\n<p>La l\u00e9g\u00e8re pression sur le haut du corps calme votre enfant, m\u00eame s'il pr\u00e9f\u00e8re dormir les bras en l'air. De plus, NUNKI ralentit la premi\u00e8re phase du retournement. Lorsque votre b\u00e9b\u00e9 est assez grand, il peut bouger librement sous la couverture NUNKI et choisir lui-m\u00eame sa position de sommeil.<\/p>","protected":false},"excerpt":{"rendered":"<p>Babylaken NUNKI Co Sleeper 50x90cm NUNKI is\u00a0speciaal ontwikkeld om je baby veilig en simpel strak in te stoppen. De fijne druk helpt je baby ontspannen en prikkels te verwerken, net zoals in de baarmoeder. Zo valt \u00e9n blijft je kindje rustig in slaap. NUNKI is bekroond met 2 Baby Innovation Awards. \u2713\u00a0Simpel strak instoppen \u2713\u00a0Veilig: [&hellip;]<\/p>\n","protected":false},"featured_media":5038,"comment_status":"closed","ping_status":"closed","template":"","meta":{"_acf_changed":false},"nunki_filter":[113],"product_brand":[],"product_cat":[30],"product_tag":[],"class_list":{"0":"post-4602","1":"product","2":"type-product","3":"status-publish","4":"has-post-thumbnail","6":"nunki_filter-ja","7":"product_cat-nunki","8":"product_shipping_class-pakket","10":"first","11":"instock","12":"taxable","13":"shipping-taxable","14":"purchasable","15":"product-type-variable"},"supplier_id":null,"supplier_sku":"","barcode":null,"atum_controlled":true,"out_stock_date":null,"out_stock_threshold":null,"inheritable":true,"inbound_stock":234,"stock_on_hold":20,"sold_today":1,"sales_last_days":30,"reserved_stock":0,"customer_returns":0,"warehouse_damage":0,"lost_in_post":0,"other_logs":0,"out_stock_days":0,"lost_sales":0,"has_location":false,"update_date":"2026-05-06T09:02:27","atum_locations":[],"atum_stock_status":"instock","restock_status":false,"low_stock_amount":"","sales_update_date":"2026-05-05T11:59:31","calc_backorders":null,"acf":[],"yoast_head":"<!-- This site is optimized with the Yoast SEO plugin v27.5 - https:\/\/yoast.com\/product\/yoast-seo-wordpress\/ -->\n<title>Babylaken NUNKI Co Sleeper 50x90cm - Fedde&amp;Kees<\/title>\n<meta name=\"robots\" content=\"index, follow, max-snippet:-1, max-image-preview:large, max-video-preview:-1\" \/>\n<link rel=\"canonical\" href=\"https:\/\/feddekees.nl\/fr\/babylaken-nunki-co-sleeper-50x90cm\/\" \/>\n<meta property=\"og:locale\" content=\"fr_FR\" \/>\n<meta property=\"og:type\" content=\"article\" \/>\n<meta property=\"og:title\" content=\"Babylaken NUNKI Co Sleeper 50x90cm - Fedde&amp;Kees\" \/>\n<meta property=\"og:description\" content=\"Babylaken NUNKI Co Sleeper 50x90cm NUNKI is\u00a0speciaal ontwikkeld om je baby veilig en simpel strak in te stoppen. De fijne druk helpt je baby ontspannen en prikkels te verwerken, net zoals in de baarmoeder. Zo valt \u00e9n blijft je kindje rustig in slaap. NUNKI is bekroond met 2 Baby Innovation Awards. \u2713\u00a0Simpel strak instoppen \u2713\u00a0Veilig: [&hellip;]\" \/>\n<meta property=\"og:url\" content=\"https:\/\/feddekees.nl\/fr\/babylaken-nunki-co-sleeper-50x90cm\/\" \/>\n<meta property=\"og:site_name\" content=\"Fedde&amp;Kees\" \/>\n<meta property=\"article:modified_time\" content=\"2026-05-06T07:50:16+00:00\" \/>\n<meta property=\"og:image\" content=\"https:\/\/feddekees.nl\/wp-content\/uploads\/50cm_co-sleeper_nunki-lakentje_6cbff1bb-9700-43cf-992c-2955f54a72ed.jpg\" \/>\n\t<meta property=\"og:image:width\" content=\"900\" \/>\n\t<meta property=\"og:image:height\" content=\"900\" \/>\n\t<meta property=\"og:image:type\" content=\"image\/jpeg\" \/>\n<meta name=\"twitter:card\" content=\"summary_large_image\" \/>\n<meta name=\"twitter:label1\" content=\"Disponibilit\u00e9\" \/>\n\t<meta name=\"twitter:data1\" content=\"En stock\" \/>\n<script type=\"application\/ld+json\" class=\"yoast-schema-graph\">{\"@context\":\"https:\\\/\\\/schema.org\",\"@graph\":[{\"@type\":\"WebPage\",\"@id\":\"https:\\\/\\\/feddekees.nl\\\/fr\\\/babylaken-nunki-co-sleeper-50x90cm\\\/\",\"url\":\"https:\\\/\\\/feddekees.nl\\\/fr\\\/babylaken-nunki-co-sleeper-50x90cm\\\/\",\"name\":\"Babylaken NUNKI Co Sleeper 50x90cm - Fedde&amp;Kees\",\"isPartOf\":{\"@id\":\"https:\\\/\\\/feddekees.nl\\\/fr\\\/#website\"},\"primaryImageOfPage\":{\"@id\":\"https:\\\/\\\/feddekees.nl\\\/fr\\\/babylaken-nunki-co-sleeper-50x90cm\\\/#primaryimage\"},\"image\":{\"@id\":\"https:\\\/\\\/feddekees.nl\\\/fr\\\/babylaken-nunki-co-sleeper-50x90cm\\\/#primaryimage\"},\"thumbnailUrl\":\"https:\\\/\\\/feddekees.nl\\\/wp-content\\\/uploads\\\/50cm_co-sleeper_nunki-lakentje_6cbff1bb-9700-43cf-992c-2955f54a72ed.jpg\",\"datePublished\":\"2026-02-04T11:46:07+00:00\",\"dateModified\":\"2026-05-06T07:50:16+00:00\",\"breadcrumb\":{\"@id\":\"https:\\\/\\\/feddekees.nl\\\/fr\\\/babylaken-nunki-co-sleeper-50x90cm\\\/#breadcrumb\"},\"inLanguage\":\"fr-FR\",\"potentialAction\":[{\"@type\":\"ReadAction\",\"target\":[\"https:\\\/\\\/feddekees.nl\\\/fr\\\/babylaken-nunki-co-sleeper-50x90cm\\\/\"]}]},{\"@type\":\"ImageObject\",\"inLanguage\":\"fr-FR\",\"@id\":\"https:\\\/\\\/feddekees.nl\\\/fr\\\/babylaken-nunki-co-sleeper-50x90cm\\\/#primaryimage\",\"url\":\"https:\\\/\\\/feddekees.nl\\\/wp-content\\\/uploads\\\/50cm_co-sleeper_nunki-lakentje_6cbff1bb-9700-43cf-992c-2955f54a72ed.jpg\",\"contentUrl\":\"https:\\\/\\\/feddekees.nl\\\/wp-content\\\/uploads\\\/50cm_co-sleeper_nunki-lakentje_6cbff1bb-9700-43cf-992c-2955f54a72ed.jpg\",\"width\":900,\"height\":900},{\"@type\":\"BreadcrumbList\",\"@id\":\"https:\\\/\\\/feddekees.nl\\\/fr\\\/babylaken-nunki-co-sleeper-50x90cm\\\/#breadcrumb\",\"itemListElement\":[{\"@type\":\"ListItem\",\"position\":1,\"name\":\"Home\",\"item\":\"https:\\\/\\\/feddekees.nl\\\/\"},{\"@type\":\"ListItem\",\"position\":2,\"name\":\"Producten\",\"item\":\"https:\\\/\\\/feddekees.nl\\\/producten\\\/\"},{\"@type\":\"ListItem\",\"position\":3,\"name\":\"Babylaken NUNKI Co Sleeper 50x90cm\"}]},{\"@type\":\"WebSite\",\"@id\":\"https:\\\/\\\/feddekees.nl\\\/fr\\\/#website\",\"url\":\"https:\\\/\\\/feddekees.nl\\\/fr\\\/\",\"name\":\"Fedde&Kees\",\"description\":\"Geborgen, veilig &amp; gemakkelijk slapen voor je baby\",\"publisher\":{\"@id\":\"https:\\\/\\\/feddekees.nl\\\/fr\\\/#organization\"},\"potentialAction\":[{\"@type\":\"SearchAction\",\"target\":{\"@type\":\"EntryPoint\",\"urlTemplate\":\"https:\\\/\\\/feddekees.nl\\\/fr\\\/?s={search_term_string}\"},\"query-input\":{\"@type\":\"PropertyValueSpecification\",\"valueRequired\":true,\"valueName\":\"search_term_string\"}}],\"inLanguage\":\"fr-FR\"},{\"@type\":\"Organization\",\"@id\":\"https:\\\/\\\/feddekees.nl\\\/fr\\\/#organization\",\"name\":\"Fedde&Kees\",\"url\":\"https:\\\/\\\/feddekees.nl\\\/fr\\\/\",\"logo\":{\"@type\":\"ImageObject\",\"inLanguage\":\"fr-FR\",\"@id\":\"https:\\\/\\\/feddekees.nl\\\/fr\\\/#\\\/schema\\\/logo\\\/image\\\/\",\"url\":\"https:\\\/\\\/feddekees.nl\\\/wp-content\\\/uploads\\\/KeddeKees_logo_menu_2026_254-pixels-hoog.png\",\"contentUrl\":\"https:\\\/\\\/feddekees.nl\\\/wp-content\\\/uploads\\\/KeddeKees_logo_menu_2026_254-pixels-hoog.png\",\"width\":955,\"height\":254,\"caption\":\"Fedde&Kees\"},\"image\":{\"@id\":\"https:\\\/\\\/feddekees.nl\\\/fr\\\/#\\\/schema\\\/logo\\\/image\\\/\"}}]}<\/script>\n<meta property=\"og:availability\" content=\"instock\" \/>\n<meta property=\"product:availability\" content=\"instock\" \/>\n<meta property=\"product:condition\" content=\"new\" \/>\n<!-- \/ Yoast SEO plugin. -->","yoast_head_json":{"title":"Babylaken NUNKI Co Sleeper 50x90cm - Fedde&amp;Kees","robots":{"index":"index","follow":"follow","max-snippet":"max-snippet:-1","max-image-preview":"max-image-preview:large","max-video-preview":"max-video-preview:-1"},"canonical":"https:\/\/feddekees.nl\/fr\/babylaken-nunki-co-sleeper-50x90cm\/","og_locale":"fr_FR","og_type":"article","og_title":"Babylaken NUNKI Co Sleeper 50x90cm - Fedde&amp;Kees","og_description":"Babylaken NUNKI Co Sleeper 50x90cm NUNKI is\u00a0speciaal ontwikkeld om je baby veilig en simpel strak in te stoppen. De fijne druk helpt je baby ontspannen en prikkels te verwerken, net zoals in de baarmoeder. Zo valt \u00e9n blijft je kindje rustig in slaap. NUNKI is bekroond met 2 Baby Innovation Awards. \u2713\u00a0Simpel strak instoppen \u2713\u00a0Veilig: [&hellip;]","og_url":"https:\/\/feddekees.nl\/fr\/babylaken-nunki-co-sleeper-50x90cm\/","og_site_name":"Fedde&amp;Kees","article_modified_time":"2026-05-06T07:50:16+00:00","og_image":[{"width":900,"height":900,"url":"https:\/\/feddekees.nl\/wp-content\/uploads\/50cm_co-sleeper_nunki-lakentje_6cbff1bb-9700-43cf-992c-2955f54a72ed.jpg","type":"image\/jpeg"}],"twitter_card":"summary_large_image","twitter_misc":{"Disponibilit\u00e9":"En stock"},"schema":{"@context":"https:\/\/schema.org","@graph":[{"@type":"WebPage","@id":"https:\/\/feddekees.nl\/fr\/babylaken-nunki-co-sleeper-50x90cm\/","url":"https:\/\/feddekees.nl\/fr\/babylaken-nunki-co-sleeper-50x90cm\/","name":"Babylaken NUNKI Co Sleeper 50x90cm - Fedde&amp;Kees","isPartOf":{"@id":"https:\/\/feddekees.nl\/fr\/#website"},"primaryImageOfPage":{"@id":"https:\/\/feddekees.nl\/fr\/babylaken-nunki-co-sleeper-50x90cm\/#primaryimage"},"image":{"@id":"https:\/\/feddekees.nl\/fr\/babylaken-nunki-co-sleeper-50x90cm\/#primaryimage"},"thumbnailUrl":"https:\/\/feddekees.nl\/wp-content\/uploads\/50cm_co-sleeper_nunki-lakentje_6cbff1bb-9700-43cf-992c-2955f54a72ed.jpg","datePublished":"2026-02-04T11:46:07+00:00","dateModified":"2026-05-06T07:50:16+00:00","breadcrumb":{"@id":"https:\/\/feddekees.nl\/fr\/babylaken-nunki-co-sleeper-50x90cm\/#breadcrumb"},"inLanguage":"fr-FR","potentialAction":[{"@type":"ReadAction","target":["https:\/\/feddekees.nl\/fr\/babylaken-nunki-co-sleeper-50x90cm\/"]}]},{"@type":"ImageObject","inLanguage":"fr-FR","@id":"https:\/\/feddekees.nl\/fr\/babylaken-nunki-co-sleeper-50x90cm\/#primaryimage","url":"https:\/\/feddekees.nl\/wp-content\/uploads\/50cm_co-sleeper_nunki-lakentje_6cbff1bb-9700-43cf-992c-2955f54a72ed.jpg","contentUrl":"https:\/\/feddekees.nl\/wp-content\/uploads\/50cm_co-sleeper_nunki-lakentje_6cbff1bb-9700-43cf-992c-2955f54a72ed.jpg","width":900,"height":900},{"@type":"BreadcrumbList","@id":"https:\/\/feddekees.nl\/fr\/babylaken-nunki-co-sleeper-50x90cm\/#breadcrumb","itemListElement":[{"@type":"ListItem","position":1,"name":"Home","item":"https:\/\/feddekees.nl\/"},{"@type":"ListItem","position":2,"name":"Producten","item":"https:\/\/feddekees.nl\/producten\/"},{"@type":"ListItem","position":3,"name":"Babylaken NUNKI Co Sleeper 50x90cm"}]},{"@type":"WebSite","@id":"https:\/\/feddekees.nl\/fr\/#website","url":"https:\/\/feddekees.nl\/fr\/","name":"Fedde&amp;Kees","description":"Dormir en toute s\u00e9curit\u00e9, confortablement et facilement pour votre b\u00e9b\u00e9","publisher":{"@id":"https:\/\/feddekees.nl\/fr\/#organization"},"potentialAction":[{"@type":"SearchAction","target":{"@type":"EntryPoint","urlTemplate":"https:\/\/feddekees.nl\/fr\/?s={search_term_string}"},"query-input":{"@type":"PropertyValueSpecification","valueRequired":true,"valueName":"search_term_string"}}],"inLanguage":"fr-FR"},{"@type":"Organization","@id":"https:\/\/feddekees.nl\/fr\/#organization","name":"Fedde&amp;Kees","url":"https:\/\/feddekees.nl\/fr\/","logo":{"@type":"ImageObject","inLanguage":"fr-FR","@id":"https:\/\/feddekees.nl\/fr\/#\/schema\/logo\/image\/","url":"https:\/\/feddekees.nl\/wp-content\/uploads\/KeddeKees_logo_menu_2026_254-pixels-hoog.png","contentUrl":"https:\/\/feddekees.nl\/wp-content\/uploads\/KeddeKees_logo_menu_2026_254-pixels-hoog.png","width":955,"height":254,"caption":"Fedde&Kees"},"image":{"@id":"https:\/\/feddekees.nl\/fr\/#\/schema\/logo\/image\/"}}]},"og_availability":"instock","product_availability":"instock","product_condition":"new"},"_links":{"self":[{"href":"https:\/\/feddekees.nl\/fr\/wp-json\/wp\/v2\/product\/4602","targetHints":{"allow":["GET"]}}],"collection":[{"href":"https:\/\/feddekees.nl\/fr\/wp-json\/wp\/v2\/product"}],"about":[{"href":"https:\/\/feddekees.nl\/fr\/wp-json\/wp\/v2\/types\/product"}],"replies":[{"embeddable":true,"href":"https:\/\/feddekees.nl\/fr\/wp-json\/wp\/v2\/comments?post=4602"}],"wp:featuredmedia":[{"embeddable":true,"href":"https:\/\/feddekees.nl\/fr\/wp-json\/wp\/v2\/media\/5038"}],"wp:attachment":[{"href":"https:\/\/feddekees.nl\/fr\/wp-json\/wp\/v2\/media?parent=4602"}],"wp:term":[{"taxonomy":"nunki_filter","embeddable":true,"href":"https:\/\/feddekees.nl\/fr\/wp-json\/wp\/v2\/nunki_filter?post=4602"},{"taxonomy":"product_brand","embeddable":true,"href":"https:\/\/feddekees.nl\/fr\/wp-json\/wp\/v2\/product_brand?post=4602"},{"taxonomy":"product_cat","embeddable":true,"href":"https:\/\/feddekees.nl\/fr\/wp-json\/wp\/v2\/product_cat?post=4602"},{"taxonomy":"product_tag","embeddable":true,"href":"https:\/\/feddekees.nl\/fr\/wp-json\/wp\/v2\/product_tag?post=4602"}],"curies":[{"name":"wp","href":"https:\/\/api.w.org\/{rel}","templated":true}]}}