{"id":4326,"date":"2026-02-12T15:50:05","date_gmt":"2026-01-23T14:09:26","guid":{"rendered":"https:\/\/feddekees.refreshserver.nl\/algemene-voorwaarden-2\/"},"modified":"2026-04-01T07:59:00","modified_gmt":"2026-04-01T06:59:00","slug":"cadeaubonvoorwaarden","status":"publish","type":"page","link":"https:\/\/feddekees.nl\/fr\/cadeaubonvoorwaarden\/","title":{"rendered":"Conditions du bon cadeau"},"content":{"rendered":"<div data-elementor-type=\"wp-page\" data-elementor-id=\"4326\" class=\"elementor elementor-4326\" data-elementor-post-type=\"page\">\n\t\t\t\t<div class=\"elementor-element elementor-element-5ec2aae e-flex e-con-boxed e-con e-parent\" data-id=\"5ec2aae\" data-element_type=\"container\" data-e-type=\"container\" data-settings=\"{&quot;background_background&quot;:&quot;classic&quot;}\">\n\t\t\t\t\t<div class=\"e-con-inner\">\n\t\t<div class=\"elementor-element elementor-element-167458b e-con-full e-flex e-con e-child\" data-id=\"167458b\" data-element_type=\"container\" data-e-type=\"container\" data-settings=\"{&quot;background_background&quot;:&quot;classic&quot;}\">\n\t\t<div class=\"elementor-element elementor-element-8a65591 e-con-full e-flex e-con e-child\" data-id=\"8a65591\" data-element_type=\"container\" data-e-type=\"container\">\n\t\t\t\t<div class=\"elementor-element elementor-element-d8ebbed elementor-widget elementor-widget-heading\" data-id=\"d8ebbed\" data-element_type=\"widget\" data-e-type=\"widget\" data-widget_type=\"heading.default\">\n\t\t\t\t\t<h1 class=\"elementor-heading-title elementor-size-default\">Conditions du bon cadeau<\/h1>\t\t\t\t<\/div>\n\t\t\t\t<\/div>\n\t\t\t\t<\/div>\n\t\t\t\t\t<\/div>\n\t\t\t\t<\/div>\n\t\t<div class=\"elementor-element elementor-element-26bb6d9 e-flex e-con-boxed e-con e-parent\" data-id=\"26bb6d9\" data-element_type=\"container\" data-e-type=\"container\" data-settings=\"{&quot;background_background&quot;:&quot;classic&quot;}\">\n\t\t\t\t\t<div class=\"e-con-inner\">\n\t\t<div class=\"elementor-element elementor-element-dfffc26 e-con-full e-flex e-con e-child\" data-id=\"dfffc26\" data-element_type=\"container\" data-e-type=\"container\" data-settings=\"{&quot;background_background&quot;:&quot;classic&quot;}\">\n\t\t<div class=\"elementor-element elementor-element-adb11c4 e-con-full e-flex e-con e-child\" data-id=\"adb11c4\" data-element_type=\"container\" data-e-type=\"container\">\n\t\t<div class=\"elementor-element elementor-element-989fc2c e-con-full e-flex e-con e-child\" data-id=\"989fc2c\" data-element_type=\"container\" data-e-type=\"container\">\n\t\t\t\t<div class=\"elementor-element elementor-element-cbe49ce elementor-widget elementor-widget-text-editor\" data-id=\"cbe49ce\" data-element_type=\"widget\" data-e-type=\"widget\" data-widget_type=\"text-editor.default\">\n\t\t\t\t\t\t\t\t\t<p>En plus de nos Conditions G\u00e9n\u00e9rales, les conditions ci-dessous s'appliquent aux cartes cadeaux \u00e9mises par <a href=\"https:\/\/feddekees.nl\/fr\/\">Fedde&amp;Kees B.V.<\/a> Bons cadeaux (\u201cFedde&amp;Kees\u201d) \u00e9mis. En utilisant un bon cadeau Fedde&amp;Kees, vous acceptez les pr\u00e9sentes conditions de bons cadeaux et vous vous engagez \u00e0 les respecter.<\/p><ol><li>Les conditions ci-dessous s'appliquent \u00e0 tous les ch\u00e8ques-cadeaux (les cartes-cadeaux \u00e9lectroniques et imprim\u00e9es, ci-apr\u00e8s collectivement d\u00e9nomm\u00e9s \u201cCarte-cadeau\u201d) \u00e9mis par Fedde&amp;Kees et vendus par Fedde&amp;Kees.<\/li><li>Le ch\u00e8que-cadeau est \u00e9mis en valeurs de 25,00 \u20ac, 35,00 \u20ac et 50,00 \u20ac.<\/li><li>Chaque ch\u00e8que-cadeau est muni d'un code unique. Il peut s'agir d'un code num\u00e9rique et\/ou d'un code PIN et\/ou d'un code textuel. Chaque ch\u00e8que-cadeau n'est fourni qu'une seule fois. Vous devez conserver pr\u00e9cieusement le ch\u00e8que-cadeau (y compris son code). En cas de vol (y compris l'utilisation du code par des tiers non autoris\u00e9s) ou de perte (y compris la suppression accidentelle ou non d'e-mails), aucun remboursement ne sera effectu\u00e9. Seuls les ch\u00e8ques-cadeaux et les codes originaux peuvent \u00eatre utilis\u00e9s et doivent \u00eatre pr\u00e9sent\u00e9s sur demande \u00e0 Fedde&amp;Kees. Fedde&amp;Kees se r\u00e9serve le droit d'accepter un ch\u00e8que-cadeau uniquement apr\u00e8s r\u00e9ception du ch\u00e8que-cadeau original (en cas de ch\u00e8que-cadeau \u00e9lectronique : l'e-mail de Fedde&amp;Kees contenant le code correspondant). En cas d'utilisation abusive, un paiement en esp\u00e8ces sera exig\u00e9.<\/li><li>Pour utiliser un bon cadeau, vous devez placer les produits s\u00e9lectionn\u00e9s dans le \u201c panier \u201d. Lors du processus de paiement, entrez le code exact du bon cadeau et cliquez sur \u201c Appliquer \u201d. La valeur (restante) du bon cadeau sera d\u00e9duite du sous-total. Une fois que vous avez rempli toutes vos informations de contact, cliquez sur \u201c Continuer vers l'exp\u00e9dition \u201d. Choisissez votre mode de livraison et cliquez sur \u201c Passer au paiement \u201d.<\/li><li>Si la valeur du Bon Cadeau est \u00e9gale au montant total, il est indiqu\u00e9 \u201c Votre commande sera r\u00e9gl\u00e9e par votre Bon Cadeau \u201d. V\u00e9rifiez la commande et terminez la commande.<\/li><li>Si le montant total de la commande est sup\u00e9rieur \u00e0 la valeur du Certificat Cadeau utilis\u00e9, la diff\u00e9rence doit \u00eatre pay\u00e9e avec l'une des autres m\u00e9thodes de paiement : IDEAL, carte de cr\u00e9dit (VISA ou MASTERCARD), Bancontact ou un code de r\u00e9duction. Si la valeur du Certificat Cadeau est inf\u00e9rieure au montant du sous-total, le montant restant, qui doit \u00eatre pay\u00e9 par un autre moyen, sera indiqu\u00e9 dans le montant total. Finalisez la commande. Choisissez la m\u00e9thode de paiement pour le montant restant et v\u00e9rifiez la commande. Finalisez la commande et vous serez redirig\u00e9 vers le mode de livraison choisi.<\/li><li>La date, la valeur, la dur\u00e9e, la date d'expiration et\/ou toutes autres conditions d'utilisation sp\u00e9cifiques applicables se trouvent sur la page web o\u00f9 vous pouvez \u00e9changer votre carte cadeau. Chaque carte cadeau est valable jusqu'\u00e0 1 an au maximum apr\u00e8s la date d'achat. Apr\u00e8s la date d'expiration, la carte cadeau ne peut plus \u00eatre \u00e9chang\u00e9e.<\/li><li>Le bon cadeau \u00e9mis par Fedde&amp;Kees est uniquement \u00e9changeable contre des achats de produits via feddekees.nl<\/li><li>Le ch\u00e8que-cadeau ne peut pas \u00eatre utilis\u00e9 pour des commandes en cours.<\/li><li>Le ch\u00e8que-cadeau ou sa valeur r\u00e9siduelle ne peut \u00eatre \u00e9chang\u00e9 contre de l'argent.<\/li><li>Le solde restant du ch\u00e8que-cadeau peut \u00eatre utilis\u00e9 pour les prochaines commandes. Cette valeur est visible en consultant l'e-mail contenant votre ch\u00e8que-cadeau Fedde&amp;Kees. Cliquez sur \"\u00e9changer le ch\u00e8que-cadeau\". Sous la valeur du ch\u00e8que-cadeau, vous trouverez le montant restant. Le solde restant n'est pas transf\u00e9rable et ne peut \u00eatre utilis\u00e9 qu'\u00e0 partir du m\u00eame compte que celui \u00e0 partir duquel le premier ch\u00e8que-cadeau a \u00e9t\u00e9 utilis\u00e9 et pendant sa dur\u00e9e de validit\u00e9.<\/li><li>Sur le ch\u00e8que-cadeau lui-m\u00eame, le droit de r\u00e9tractation ne s'applique pas. Le ch\u00e8que-cadeau ne peut pas \u00eatre retourn\u00e9.<\/li><li>Au cas o\u00f9 Fedde&amp;Kees proc\u00e8derait au remboursement (d'une partie) de la valeur de la facture sur la base de l'article 8 \u2013 Droit de r\u00e9tractation des Conditions G\u00e9n\u00e9rales, en cas d'utilisation du Bon Cadeau ainsi que de paiement par IDEAL, Bancontact ou carte de cr\u00e9dit, le remboursement s'effectuera autant que possible en augmentant le solde du Bon Cadeau jusqu'au solde d'origine. Si cela ne devait pas \u00eatre suffisant, le remboursement restant s'effectuera par un remboursement en esp\u00e8ces par IDEAL, Bancontact ou carte de cr\u00e9dit sur le num\u00e9ro de compte que nous connaissons. Au cas o\u00f9 seul le Bon Cadeau aurait \u00e9t\u00e9 utilis\u00e9 pour le paiement, le remboursement s'effectuera en augmentant le solde du Bon Cadeau.<\/li><li>Il est interdit de modifier, falsifier, compromettre ou porter atteinte de quelque autre mani\u00e8re que ce soit \u00e0 la Carte Cadeau ou \u00e0 son fonctionnement (y compris le piratage).<\/li><li>Toute fraude (tentative) ou autre acte non autoris\u00e9 sera enregistr\u00e9 et entra\u00eenera le refus d'utilisation du Bon Cadeau.<\/li><li>Il est interdit d'utiliser le Bon Cadeau \u00e0 des fins commerciales et\/ou \u00e0 d'autres fins que celles pour lesquelles il a \u00e9t\u00e9 \u00e9mis.<\/li><li>Les pr\u00e9sentes conditions du bon cadeau peuvent \u00eatre modifi\u00e9es de temps \u00e0 autre. Nous vous recommandons de consulter les conditions du bon cadeau avant chaque utilisation du bon cadeau. Si vous continuez \u00e0 utiliser le bon cadeau apr\u00e8s l'entr\u00e9e en vigueur des modifications, vous acceptez par la m\u00eame occasion les conditions du bon cadeau modifi\u00e9es.<\/li><li>Par commande, vous pouvez \u00e9changer un montant illimit\u00e9 de cartes cadeaux ou une combinaison de 1 code de r\u00e9duction maximum et un montant illimit\u00e9 de cartes cadeaux.<\/li><li>Fedde&amp;Kees traitera et utilisera toutes les donn\u00e9es et informations lors de l'achat de la carte cadeau conform\u00e9ment \u00e0 sa politique de confidentialit\u00e9, qui est disponible sur le site web de Fedde&amp;Kees.<\/li><\/ol><p>Si vous avez des questions ou des commentaires concernant l'utilisation du Bon Cadeau, ou des probl\u00e8mes lors de son \u00e9change, veuillez nous en informer d\u00e8s que possible en contactant via le formulaire de contact et nous traiterons votre demande dans les plus brefs d\u00e9lais.<\/p>\t\t\t\t\t\t\t\t<\/div>\n\t\t\t\t<\/div>\n\t\t\t\t<\/div>\n\t\t\t\t<\/div>\n\t\t\t\t\t<\/div>\n\t\t\t\t<\/div>\n\t\t\t\t<\/div>","protected":false},"excerpt":{"rendered":"<p>Cadeaubon voorwaarden In aanvulling op onze Algemene Voorwaarden zijn onderstaande cadeaubon voorwaarden van toepassing op door Fedde&amp;Kees B.V. (&#8220;Fedde&amp;Kees&#8221;) uitgegeven cadeaubonnen. Door gebruik te maken van een Fedde&amp;Kees cadeaubon, aanvaard je deze cadeaubon voorwaarden en verbind je jezelf ertoe deze na te leven. Onderstaande voorwaarden zijn van toepassing op alle door Fedde&amp;Kees uitgegeven cadeaubonnen (zowel [&hellip;]<\/p>\n","protected":false},"author":3,"featured_media":0,"parent":0,"menu_order":32,"comment_status":"closed","ping_status":"closed","template":"elementor_header_footer","meta":{"_acf_changed":false,"footnotes":""},"class_list":["post-4326","page","type-page","status-publish","hentry"],"blocksy_meta":[],"acf":[],"yoast_head":"<!-- This site is optimized with the Yoast SEO plugin v27.5 - https:\/\/yoast.com\/product\/yoast-seo-wordpress\/ -->\n<title>Cadeaubon voorwaarden - Fedde&amp;Kees<\/title>\n<meta name=\"robots\" content=\"index, follow, max-snippet:-1, max-image-preview:large, max-video-preview:-1\" \/>\n<link rel=\"canonical\" href=\"https:\/\/feddekees.nl\/fr\/cadeaubonvoorwaarden\/\" \/>\n<meta property=\"og:locale\" content=\"fr_FR\" \/>\n<meta property=\"og:type\" content=\"article\" \/>\n<meta property=\"og:title\" content=\"Cadeaubon voorwaarden - Fedde&amp;Kees\" \/>\n<meta property=\"og:description\" content=\"Cadeaubon voorwaarden In aanvulling op onze Algemene Voorwaarden zijn onderstaande cadeaubon voorwaarden van toepassing op door Fedde&amp;Kees B.V. (&#8220;Fedde&amp;Kees&#8221;) uitgegeven cadeaubonnen. Door gebruik te maken van een Fedde&amp;Kees cadeaubon, aanvaard je deze cadeaubon voorwaarden en verbind je jezelf ertoe deze na te leven. Onderstaande voorwaarden zijn van toepassing op alle door Fedde&amp;Kees uitgegeven cadeaubonnen (zowel [&hellip;]\" \/>\n<meta property=\"og:url\" content=\"https:\/\/feddekees.nl\/fr\/cadeaubonvoorwaarden\/\" \/>\n<meta property=\"og:site_name\" content=\"Fedde&amp;Kees\" \/>\n<meta property=\"article:modified_time\" content=\"2026-04-01T06:59:00+00:00\" \/>\n<meta property=\"og:image\" content=\"https:\/\/feddekees.nl\/wp-content\/uploads\/FeddeKees_logo.png\" \/>\n\t<meta property=\"og:image:width\" content=\"390\" \/>\n\t<meta property=\"og:image:height\" content=\"390\" \/>\n\t<meta property=\"og:image:type\" content=\"image\/png\" \/>\n<meta name=\"twitter:card\" content=\"summary_large_image\" \/>\n<meta name=\"twitter:label1\" content=\"Dur\u00e9e de lecture estim\u00e9e\" \/>\n\t<meta name=\"twitter:data1\" content=\"5 minutes\" \/>\n<script type=\"application\/ld+json\" class=\"yoast-schema-graph\">{\"@context\":\"https:\\\/\\\/schema.org\",\"@graph\":[{\"@type\":\"WebPage\",\"@id\":\"https:\\\/\\\/feddekees.nl\\\/fr\\\/cadeaubonvoorwaarden\\\/\",\"url\":\"https:\\\/\\\/feddekees.nl\\\/fr\\\/cadeaubonvoorwaarden\\\/\",\"name\":\"Cadeaubon voorwaarden - Fedde&amp;Kees\",\"isPartOf\":{\"@id\":\"https:\\\/\\\/feddekees.nl\\\/fr\\\/#website\"},\"datePublished\":\"2026-01-23T14:09:26+00:00\",\"dateModified\":\"2026-04-01T06:59:00+00:00\",\"breadcrumb\":{\"@id\":\"https:\\\/\\\/feddekees.nl\\\/fr\\\/cadeaubonvoorwaarden\\\/#breadcrumb\"},\"inLanguage\":\"fr-FR\",\"potentialAction\":[{\"@type\":\"ReadAction\",\"target\":[\"https:\\\/\\\/feddekees.nl\\\/fr\\\/cadeaubonvoorwaarden\\\/\"]}]},{\"@type\":\"BreadcrumbList\",\"@id\":\"https:\\\/\\\/feddekees.nl\\\/fr\\\/cadeaubonvoorwaarden\\\/#breadcrumb\",\"itemListElement\":[{\"@type\":\"ListItem\",\"position\":1,\"name\":\"Home\",\"item\":\"https:\\\/\\\/feddekees.nl\\\/\"},{\"@type\":\"ListItem\",\"position\":2,\"name\":\"Cadeaubon voorwaarden\"}]},{\"@type\":\"WebSite\",\"@id\":\"https:\\\/\\\/feddekees.nl\\\/fr\\\/#website\",\"url\":\"https:\\\/\\\/feddekees.nl\\\/fr\\\/\",\"name\":\"Fedde&Kees\",\"description\":\"Geborgen, veilig &amp; gemakkelijk slapen voor je baby\",\"publisher\":{\"@id\":\"https:\\\/\\\/feddekees.nl\\\/fr\\\/#organization\"},\"potentialAction\":[{\"@type\":\"SearchAction\",\"target\":{\"@type\":\"EntryPoint\",\"urlTemplate\":\"https:\\\/\\\/feddekees.nl\\\/fr\\\/?s={search_term_string}\"},\"query-input\":{\"@type\":\"PropertyValueSpecification\",\"valueRequired\":true,\"valueName\":\"search_term_string\"}}],\"inLanguage\":\"fr-FR\"},{\"@type\":\"Organization\",\"@id\":\"https:\\\/\\\/feddekees.nl\\\/fr\\\/#organization\",\"name\":\"Fedde&Kees\",\"url\":\"https:\\\/\\\/feddekees.nl\\\/fr\\\/\",\"logo\":{\"@type\":\"ImageObject\",\"inLanguage\":\"fr-FR\",\"@id\":\"https:\\\/\\\/feddekees.nl\\\/fr\\\/#\\\/schema\\\/logo\\\/image\\\/\",\"url\":\"https:\\\/\\\/feddekees.nl\\\/wp-content\\\/uploads\\\/KeddeKees_logo_menu_2026_254-pixels-hoog.png\",\"contentUrl\":\"https:\\\/\\\/feddekees.nl\\\/wp-content\\\/uploads\\\/KeddeKees_logo_menu_2026_254-pixels-hoog.png\",\"width\":955,\"height\":254,\"caption\":\"Fedde&Kees\"},\"image\":{\"@id\":\"https:\\\/\\\/feddekees.nl\\\/fr\\\/#\\\/schema\\\/logo\\\/image\\\/\"}}]}<\/script>\n<!-- \/ Yoast SEO plugin. -->","yoast_head_json":{"title":"Cadeaubon voorwaarden - Fedde&amp;Kees","robots":{"index":"index","follow":"follow","max-snippet":"max-snippet:-1","max-image-preview":"max-image-preview:large","max-video-preview":"max-video-preview:-1"},"canonical":"https:\/\/feddekees.nl\/fr\/cadeaubonvoorwaarden\/","og_locale":"fr_FR","og_type":"article","og_title":"Cadeaubon voorwaarden - Fedde&amp;Kees","og_description":"Cadeaubon voorwaarden In aanvulling op onze Algemene Voorwaarden zijn onderstaande cadeaubon voorwaarden van toepassing op door Fedde&amp;Kees B.V. (&#8220;Fedde&amp;Kees&#8221;) uitgegeven cadeaubonnen. Door gebruik te maken van een Fedde&amp;Kees cadeaubon, aanvaard je deze cadeaubon voorwaarden en verbind je jezelf ertoe deze na te leven. Onderstaande voorwaarden zijn van toepassing op alle door Fedde&amp;Kees uitgegeven cadeaubonnen (zowel [&hellip;]","og_url":"https:\/\/feddekees.nl\/fr\/cadeaubonvoorwaarden\/","og_site_name":"Fedde&amp;Kees","article_modified_time":"2026-04-01T06:59:00+00:00","og_image":[{"width":390,"height":390,"url":"https:\/\/feddekees.nl\/wp-content\/uploads\/FeddeKees_logo.png","type":"image\/png"}],"twitter_card":"summary_large_image","twitter_misc":{"Dur\u00e9e de lecture estim\u00e9e":"5 minutes"},"schema":{"@context":"https:\/\/schema.org","@graph":[{"@type":"WebPage","@id":"https:\/\/feddekees.nl\/fr\/cadeaubonvoorwaarden\/","url":"https:\/\/feddekees.nl\/fr\/cadeaubonvoorwaarden\/","name":"Cadeaubon voorwaarden - Fedde&amp;Kees","isPartOf":{"@id":"https:\/\/feddekees.nl\/fr\/#website"},"datePublished":"2026-01-23T14:09:26+00:00","dateModified":"2026-04-01T06:59:00+00:00","breadcrumb":{"@id":"https:\/\/feddekees.nl\/fr\/cadeaubonvoorwaarden\/#breadcrumb"},"inLanguage":"fr-FR","potentialAction":[{"@type":"ReadAction","target":["https:\/\/feddekees.nl\/fr\/cadeaubonvoorwaarden\/"]}]},{"@type":"BreadcrumbList","@id":"https:\/\/feddekees.nl\/fr\/cadeaubonvoorwaarden\/#breadcrumb","itemListElement":[{"@type":"ListItem","position":1,"name":"Home","item":"https:\/\/feddekees.nl\/"},{"@type":"ListItem","position":2,"name":"Cadeaubon voorwaarden"}]},{"@type":"WebSite","@id":"https:\/\/feddekees.nl\/fr\/#website","url":"https:\/\/feddekees.nl\/fr\/","name":"Fedde&amp;Kees","description":"Dormir en toute s\u00e9curit\u00e9, confortablement et facilement pour votre b\u00e9b\u00e9","publisher":{"@id":"https:\/\/feddekees.nl\/fr\/#organization"},"potentialAction":[{"@type":"SearchAction","target":{"@type":"EntryPoint","urlTemplate":"https:\/\/feddekees.nl\/fr\/?s={search_term_string}"},"query-input":{"@type":"PropertyValueSpecification","valueRequired":true,"valueName":"search_term_string"}}],"inLanguage":"fr-FR"},{"@type":"Organization","@id":"https:\/\/feddekees.nl\/fr\/#organization","name":"Fedde&amp;Kees","url":"https:\/\/feddekees.nl\/fr\/","logo":{"@type":"ImageObject","inLanguage":"fr-FR","@id":"https:\/\/feddekees.nl\/fr\/#\/schema\/logo\/image\/","url":"https:\/\/feddekees.nl\/wp-content\/uploads\/KeddeKees_logo_menu_2026_254-pixels-hoog.png","contentUrl":"https:\/\/feddekees.nl\/wp-content\/uploads\/KeddeKees_logo_menu_2026_254-pixels-hoog.png","width":955,"height":254,"caption":"Fedde&Kees"},"image":{"@id":"https:\/\/feddekees.nl\/fr\/#\/schema\/logo\/image\/"}}]}},"_links":{"self":[{"href":"https:\/\/feddekees.nl\/fr\/wp-json\/wp\/v2\/pages\/4326","targetHints":{"allow":["GET"]}}],"collection":[{"href":"https:\/\/feddekees.nl\/fr\/wp-json\/wp\/v2\/pages"}],"about":[{"href":"https:\/\/feddekees.nl\/fr\/wp-json\/wp\/v2\/types\/page"}],"author":[{"embeddable":true,"href":"https:\/\/feddekees.nl\/fr\/wp-json\/wp\/v2\/users\/3"}],"replies":[{"embeddable":true,"href":"https:\/\/feddekees.nl\/fr\/wp-json\/wp\/v2\/comments?post=4326"}],"version-history":[{"count":0,"href":"https:\/\/feddekees.nl\/fr\/wp-json\/wp\/v2\/pages\/4326\/revisions"}],"wp:attachment":[{"href":"https:\/\/feddekees.nl\/fr\/wp-json\/wp\/v2\/media?parent=4326"}],"curies":[{"name":"wp","href":"https:\/\/api.w.org\/{rel}","templated":true}]}}