{"id":3730,"date":"2026-01-08T17:57:58","date_gmt":"2026-01-08T16:57:58","guid":{"rendered":"https:\/\/feddekees.refreshserver.nl\/?post_type=product&#038;p=3730"},"modified":"2026-05-06T12:37:42","modified_gmt":"2026-05-06T11:37:42","slug":"baby-inbakerslaapzak-bundi-4-8-maanden","status":"publish","type":"product","link":"https:\/\/feddekees.nl\/en\/baby-inbakerslaapzak-bundi-4-8-maanden\/","title":{"rendered":"Baby sleeping bag BUNDI 4-8 months"},"content":{"rendered":"<h2>Het ideale alles-in-\u00e9\u00e9n slaapzakje voor baby&#8217;s van 4-8 maanden.<\/h2>\n<p>BUNDI is a unique all-in-one sleeping bag with zips under the sleeves. With the zips open, it's a regular sleeping bag, and with the zips closed, it's a gentle alternative to swaddling. Your child can move a little more than with traditional swaddling, but without flailing their arms around.<\/p>\n<p>Determine the range of motion per nap<br \/>\n\u2713 Gentle swaddling<br \/>\n\u2713 Winding down swaddling in small steps<br \/>\n\u2713 Ideal for night feeds: zip open and your little one can move freely<br \/>\n\u2713 Deliciously soft fabric that feels like a second skin<\/p>\n<h3>Just enough room to move<\/h3>\n<p>Swaddling is a rather intense method for calming your baby in bed. The BUNDI sleep bag is a gentle alternative where nothing can go wrong. Simply put the sleep bag on your little one and zip up the sleeves. The special stretch fabric ensures that babies can still move, but can no longer flail their arms. For example, a strong baby can still bring their hands to their mouth and show natural sleep and hunger cues.<\/p>\n<h3>Weaning from swaddling in small steps<\/h3>\n<p>Stopping swaddling can be a huge challenge. Releasing one arm is often too much, causing your baby to become restless immediately. The BUNDI sleep bag makes this easy. By opening the zips a little further each sleep, you can gradually reduce swaddling in small steps \u2013 at a pace that suits your baby!<\/p>","protected":false},"excerpt":{"rendered":"<p>Het ideale alles-in-\u00e9\u00e9n slaapzakje voor baby&#8217;s van 4-8 maanden. BUNDI is een uniek alles-in-\u00e9\u00e9n slaapzakje met ritsjes onder de mouwen. Met de ritsjes open is het een gewoon slaapzakje, met de ritsjes dicht is het een mild alternatief voor inbakeren. Je kindje kan net iets meer bewegen dan bij traditioneel inbakeren, maar niet meer maaien [&hellip;]<\/p>\n","protected":false},"featured_media":4983,"comment_status":"open","ping_status":"closed","template":"","meta":{"_acf_changed":false},"nunki_filter":[],"product_brand":[],"product_cat":[29],"product_tag":[],"class_list":{"0":"post-3730","1":"product","2":"type-product","3":"status-publish","4":"has-post-thumbnail","6":"product_cat-bundi","7":"product_shipping_class-brievenbus-postnl","9":"first","10":"instock","11":"taxable","12":"shipping-taxable","13":"purchasable","14":"product-type-variable"},"supplier_id":null,"supplier_sku":"","barcode":null,"atum_controlled":true,"out_stock_date":null,"out_stock_threshold":null,"inheritable":true,"inbound_stock":0,"stock_on_hold":7,"sold_today":2,"sales_last_days":21,"reserved_stock":0,"customer_returns":0,"warehouse_damage":0,"lost_in_post":0,"other_logs":0,"out_stock_days":0,"lost_sales":0,"has_location":false,"update_date":"2026-05-06T11:38:55","atum_locations":[],"atum_stock_status":"instock","restock_status":false,"low_stock_amount":"","sales_update_date":"2026-05-05T11:59:32","calc_backorders":null,"acf":[],"yoast_head":"<!-- This site is optimized with the Yoast SEO plugin v27.5 - https:\/\/yoast.com\/product\/yoast-seo-wordpress\/ -->\n<title>Baby inbakerslaapzak BUNDI 4-8 maanden - Fedde&amp;Kees<\/title>\n<meta name=\"robots\" content=\"index, follow, max-snippet:-1, max-image-preview:large, max-video-preview:-1\" \/>\n<link rel=\"canonical\" href=\"https:\/\/feddekees.nl\/en\/baby-inbakerslaapzak-bundi-4-8-maanden\/\" \/>\n<meta property=\"og:locale\" content=\"en_GB\" \/>\n<meta property=\"og:type\" content=\"article\" \/>\n<meta property=\"og:title\" content=\"Baby inbakerslaapzak BUNDI 4-8 maanden - Fedde&amp;Kees\" \/>\n<meta property=\"og:description\" content=\"Het ideale alles-in-\u00e9\u00e9n slaapzakje voor baby&#8217;s van 4-8 maanden. BUNDI is een uniek alles-in-\u00e9\u00e9n slaapzakje met ritsjes onder de mouwen. Met de ritsjes open is het een gewoon slaapzakje, met de ritsjes dicht is het een mild alternatief voor inbakeren. Je kindje kan net iets meer bewegen dan bij traditioneel inbakeren, maar niet meer maaien [&hellip;]\" \/>\n<meta property=\"og:url\" content=\"https:\/\/feddekees.nl\/en\/baby-inbakerslaapzak-bundi-4-8-maanden\/\" \/>\n<meta property=\"og:site_name\" content=\"Fedde&amp;Kees\" \/>\n<meta property=\"article:modified_time\" content=\"2026-05-06T11:37:42+00:00\" \/>\n<meta property=\"og:image\" content=\"https:\/\/feddekees.nl\/wp-content\/uploads\/babyslaapzakje_bundi_4-8-maanden-1.jpg\" \/>\n\t<meta property=\"og:image:width\" content=\"900\" \/>\n\t<meta property=\"og:image:height\" content=\"900\" \/>\n\t<meta property=\"og:image:type\" content=\"image\/jpeg\" \/>\n<meta name=\"twitter:card\" content=\"summary_large_image\" \/>\n<meta name=\"twitter:label1\" content=\"Availability\" \/>\n\t<meta name=\"twitter:data1\" content=\"In stock\" \/>\n<script type=\"application\/ld+json\" class=\"yoast-schema-graph\">{\"@context\":\"https:\\\/\\\/schema.org\",\"@graph\":[{\"@type\":\"WebPage\",\"@id\":\"https:\\\/\\\/feddekees.nl\\\/en\\\/baby-inbakerslaapzak-bundi-4-8-maanden\\\/\",\"url\":\"https:\\\/\\\/feddekees.nl\\\/en\\\/baby-inbakerslaapzak-bundi-4-8-maanden\\\/\",\"name\":\"Baby inbakerslaapzak BUNDI 4-8 maanden - Fedde&amp;Kees\",\"isPartOf\":{\"@id\":\"https:\\\/\\\/feddekees.nl\\\/en\\\/#website\"},\"primaryImageOfPage\":{\"@id\":\"https:\\\/\\\/feddekees.nl\\\/en\\\/baby-inbakerslaapzak-bundi-4-8-maanden\\\/#primaryimage\"},\"image\":{\"@id\":\"https:\\\/\\\/feddekees.nl\\\/en\\\/baby-inbakerslaapzak-bundi-4-8-maanden\\\/#primaryimage\"},\"thumbnailUrl\":\"https:\\\/\\\/feddekees.nl\\\/wp-content\\\/uploads\\\/babyslaapzakje_bundi_4-8-maanden-1.jpg\",\"datePublished\":\"2026-01-08T16:57:58+00:00\",\"dateModified\":\"2026-05-06T11:37:42+00:00\",\"breadcrumb\":{\"@id\":\"https:\\\/\\\/feddekees.nl\\\/en\\\/baby-inbakerslaapzak-bundi-4-8-maanden\\\/#breadcrumb\"},\"inLanguage\":\"en-GB\",\"potentialAction\":[{\"@type\":\"ReadAction\",\"target\":[\"https:\\\/\\\/feddekees.nl\\\/en\\\/baby-inbakerslaapzak-bundi-4-8-maanden\\\/\"]}]},{\"@type\":\"ImageObject\",\"inLanguage\":\"en-GB\",\"@id\":\"https:\\\/\\\/feddekees.nl\\\/en\\\/baby-inbakerslaapzak-bundi-4-8-maanden\\\/#primaryimage\",\"url\":\"https:\\\/\\\/feddekees.nl\\\/wp-content\\\/uploads\\\/babyslaapzakje_bundi_4-8-maanden-1.jpg\",\"contentUrl\":\"https:\\\/\\\/feddekees.nl\\\/wp-content\\\/uploads\\\/babyslaapzakje_bundi_4-8-maanden-1.jpg\",\"width\":900,\"height\":900},{\"@type\":\"BreadcrumbList\",\"@id\":\"https:\\\/\\\/feddekees.nl\\\/en\\\/baby-inbakerslaapzak-bundi-4-8-maanden\\\/#breadcrumb\",\"itemListElement\":[{\"@type\":\"ListItem\",\"position\":1,\"name\":\"Home\",\"item\":\"https:\\\/\\\/feddekees.nl\\\/\"},{\"@type\":\"ListItem\",\"position\":2,\"name\":\"Producten\",\"item\":\"https:\\\/\\\/feddekees.nl\\\/producten\\\/\"},{\"@type\":\"ListItem\",\"position\":3,\"name\":\"Baby inbakerslaapzak BUNDI 4-8 maanden\"}]},{\"@type\":\"WebSite\",\"@id\":\"https:\\\/\\\/feddekees.nl\\\/en\\\/#website\",\"url\":\"https:\\\/\\\/feddekees.nl\\\/en\\\/\",\"name\":\"Fedde&Kees\",\"description\":\"Geborgen, veilig &amp; gemakkelijk slapen voor je baby\",\"publisher\":{\"@id\":\"https:\\\/\\\/feddekees.nl\\\/en\\\/#organization\"},\"potentialAction\":[{\"@type\":\"SearchAction\",\"target\":{\"@type\":\"EntryPoint\",\"urlTemplate\":\"https:\\\/\\\/feddekees.nl\\\/en\\\/?s={search_term_string}\"},\"query-input\":{\"@type\":\"PropertyValueSpecification\",\"valueRequired\":true,\"valueName\":\"search_term_string\"}}],\"inLanguage\":\"en-GB\"},{\"@type\":\"Organization\",\"@id\":\"https:\\\/\\\/feddekees.nl\\\/en\\\/#organization\",\"name\":\"Fedde&Kees\",\"url\":\"https:\\\/\\\/feddekees.nl\\\/en\\\/\",\"logo\":{\"@type\":\"ImageObject\",\"inLanguage\":\"en-GB\",\"@id\":\"https:\\\/\\\/feddekees.nl\\\/en\\\/#\\\/schema\\\/logo\\\/image\\\/\",\"url\":\"https:\\\/\\\/feddekees.nl\\\/wp-content\\\/uploads\\\/KeddeKees_logo_menu_2026_254-pixels-hoog.png\",\"contentUrl\":\"https:\\\/\\\/feddekees.nl\\\/wp-content\\\/uploads\\\/KeddeKees_logo_menu_2026_254-pixels-hoog.png\",\"width\":955,\"height\":254,\"caption\":\"Fedde&Kees\"},\"image\":{\"@id\":\"https:\\\/\\\/feddekees.nl\\\/en\\\/#\\\/schema\\\/logo\\\/image\\\/\"}}]}<\/script>\n<meta property=\"og:availability\" content=\"instock\" \/>\n<meta property=\"product:availability\" content=\"instock\" \/>\n<meta property=\"product:condition\" content=\"new\" \/>\n<!-- \/ Yoast SEO plugin. -->","yoast_head_json":{"title":"Baby inbakerslaapzak BUNDI 4-8 maanden - Fedde&amp;Kees","robots":{"index":"index","follow":"follow","max-snippet":"max-snippet:-1","max-image-preview":"max-image-preview:large","max-video-preview":"max-video-preview:-1"},"canonical":"https:\/\/feddekees.nl\/en\/baby-inbakerslaapzak-bundi-4-8-maanden\/","og_locale":"en_GB","og_type":"article","og_title":"Baby inbakerslaapzak BUNDI 4-8 maanden - Fedde&amp;Kees","og_description":"Het ideale alles-in-\u00e9\u00e9n slaapzakje voor baby&#8217;s van 4-8 maanden. BUNDI is een uniek alles-in-\u00e9\u00e9n slaapzakje met ritsjes onder de mouwen. Met de ritsjes open is het een gewoon slaapzakje, met de ritsjes dicht is het een mild alternatief voor inbakeren. Je kindje kan net iets meer bewegen dan bij traditioneel inbakeren, maar niet meer maaien [&hellip;]","og_url":"https:\/\/feddekees.nl\/en\/baby-inbakerslaapzak-bundi-4-8-maanden\/","og_site_name":"Fedde&amp;Kees","article_modified_time":"2026-05-06T11:37:42+00:00","og_image":[{"width":900,"height":900,"url":"https:\/\/feddekees.nl\/wp-content\/uploads\/babyslaapzakje_bundi_4-8-maanden-1.jpg","type":"image\/jpeg"}],"twitter_card":"summary_large_image","twitter_misc":{"Availability":"In stock"},"schema":{"@context":"https:\/\/schema.org","@graph":[{"@type":"WebPage","@id":"https:\/\/feddekees.nl\/en\/baby-inbakerslaapzak-bundi-4-8-maanden\/","url":"https:\/\/feddekees.nl\/en\/baby-inbakerslaapzak-bundi-4-8-maanden\/","name":"Baby inbakerslaapzak BUNDI 4-8 maanden - Fedde&amp;Kees","isPartOf":{"@id":"https:\/\/feddekees.nl\/en\/#website"},"primaryImageOfPage":{"@id":"https:\/\/feddekees.nl\/en\/baby-inbakerslaapzak-bundi-4-8-maanden\/#primaryimage"},"image":{"@id":"https:\/\/feddekees.nl\/en\/baby-inbakerslaapzak-bundi-4-8-maanden\/#primaryimage"},"thumbnailUrl":"https:\/\/feddekees.nl\/wp-content\/uploads\/babyslaapzakje_bundi_4-8-maanden-1.jpg","datePublished":"2026-01-08T16:57:58+00:00","dateModified":"2026-05-06T11:37:42+00:00","breadcrumb":{"@id":"https:\/\/feddekees.nl\/en\/baby-inbakerslaapzak-bundi-4-8-maanden\/#breadcrumb"},"inLanguage":"en-GB","potentialAction":[{"@type":"ReadAction","target":["https:\/\/feddekees.nl\/en\/baby-inbakerslaapzak-bundi-4-8-maanden\/"]}]},{"@type":"ImageObject","inLanguage":"en-GB","@id":"https:\/\/feddekees.nl\/en\/baby-inbakerslaapzak-bundi-4-8-maanden\/#primaryimage","url":"https:\/\/feddekees.nl\/wp-content\/uploads\/babyslaapzakje_bundi_4-8-maanden-1.jpg","contentUrl":"https:\/\/feddekees.nl\/wp-content\/uploads\/babyslaapzakje_bundi_4-8-maanden-1.jpg","width":900,"height":900},{"@type":"BreadcrumbList","@id":"https:\/\/feddekees.nl\/en\/baby-inbakerslaapzak-bundi-4-8-maanden\/#breadcrumb","itemListElement":[{"@type":"ListItem","position":1,"name":"Home","item":"https:\/\/feddekees.nl\/"},{"@type":"ListItem","position":2,"name":"Producten","item":"https:\/\/feddekees.nl\/producten\/"},{"@type":"ListItem","position":3,"name":"Baby inbakerslaapzak BUNDI 4-8 maanden"}]},{"@type":"WebSite","@id":"https:\/\/feddekees.nl\/en\/#website","url":"https:\/\/feddekees.nl\/en\/","name":"Fedde &amp; Kees","description":"Safe, secure &amp; easy sleep for your baby","publisher":{"@id":"https:\/\/feddekees.nl\/en\/#organization"},"potentialAction":[{"@type":"SearchAction","target":{"@type":"EntryPoint","urlTemplate":"https:\/\/feddekees.nl\/en\/?s={search_term_string}"},"query-input":{"@type":"PropertyValueSpecification","valueRequired":true,"valueName":"search_term_string"}}],"inLanguage":"en-GB"},{"@type":"Organization","@id":"https:\/\/feddekees.nl\/en\/#organization","name":"Fedde &amp; Kees","url":"https:\/\/feddekees.nl\/en\/","logo":{"@type":"ImageObject","inLanguage":"en-GB","@id":"https:\/\/feddekees.nl\/en\/#\/schema\/logo\/image\/","url":"https:\/\/feddekees.nl\/wp-content\/uploads\/KeddeKees_logo_menu_2026_254-pixels-hoog.png","contentUrl":"https:\/\/feddekees.nl\/wp-content\/uploads\/KeddeKees_logo_menu_2026_254-pixels-hoog.png","width":955,"height":254,"caption":"Fedde&Kees"},"image":{"@id":"https:\/\/feddekees.nl\/en\/#\/schema\/logo\/image\/"}}]},"og_availability":"instock","product_availability":"instock","product_condition":"new"},"_links":{"self":[{"href":"https:\/\/feddekees.nl\/en\/wp-json\/wp\/v2\/product\/3730","targetHints":{"allow":["GET"]}}],"collection":[{"href":"https:\/\/feddekees.nl\/en\/wp-json\/wp\/v2\/product"}],"about":[{"href":"https:\/\/feddekees.nl\/en\/wp-json\/wp\/v2\/types\/product"}],"replies":[{"embeddable":true,"href":"https:\/\/feddekees.nl\/en\/wp-json\/wp\/v2\/comments?post=3730"}],"wp:featuredmedia":[{"embeddable":true,"href":"https:\/\/feddekees.nl\/en\/wp-json\/wp\/v2\/media\/4983"}],"wp:attachment":[{"href":"https:\/\/feddekees.nl\/en\/wp-json\/wp\/v2\/media?parent=3730"}],"wp:term":[{"taxonomy":"nunki_filter","embeddable":true,"href":"https:\/\/feddekees.nl\/en\/wp-json\/wp\/v2\/nunki_filter?post=3730"},{"taxonomy":"product_brand","embeddable":true,"href":"https:\/\/feddekees.nl\/en\/wp-json\/wp\/v2\/product_brand?post=3730"},{"taxonomy":"product_cat","embeddable":true,"href":"https:\/\/feddekees.nl\/en\/wp-json\/wp\/v2\/product_cat?post=3730"},{"taxonomy":"product_tag","embeddable":true,"href":"https:\/\/feddekees.nl\/en\/wp-json\/wp\/v2\/product_tag?post=3730"}],"curies":[{"name":"WordPress","href":"https:\/\/api.w.org\/{rel}","templated":true}]}}