{"id":9901,"date":"2026-03-04T15:24:54","date_gmt":"2026-03-04T14:24:54","guid":{"rendered":"https:\/\/feddekees.refreshserver.nl\/?post_type=product&#038;p=9901"},"modified":"2026-04-16T10:56:33","modified_gmt":"2026-04-16T09:56:33","slug":"multifunktionstasche-50-cm-beistellbettlaken-und-bundi-schlafsack-8-12-monate","status":"publish","type":"product","link":"https:\/\/feddekees.nl\/de\/set-nunki-50-cm-co-sleeper-laken-en-bundi-slaapzak-8-12-maanden\/","title":{"rendered":"Set NUNKI 50 cm Stubenbettlaken und BUNDI Schlafsack 8-12 Monate"},"content":{"rendered":"<h3>Ruhig schlafen ohne Pucken.<\/h3>\n<p>Met het <a href=\"https:\/\/feddekees.nl\/de\/product\/babybettlaken-nunki-wiege-40x80-90cm\/\" target=\"_blank\" rel=\"noopener\">NUNKI Bettlaken<\/a> und es <a href=\"https:\/\/feddekees.nl\/de\/product\/baby-inbakerslaapzak-bundi-0-4-maanden\/\" target=\"_blank\" rel=\"noopener\">BUNDI Schlafsack<\/a> schl\u00e4ft Ihr Kleines ruhiger. Das Set sorgt f\u00fcr Geborgenheit im Bett, auch wenn Pucken nicht mehr erlaubt ist. Es ist eine durchdachte Methode, mit der Sie Ihr Kleines ganz einfach straff einwickeln und die Bewegungsfreiheit pro Nickerchen bestimmen k\u00f6nnen.<\/p>\n<p>\u2713 Ein sicheres und geborgenes Gef\u00fchl im Bett<br \/>\n\u2713 Ideal zum Abgew\u00f6hnen des Puckens<br \/>\n\u2713 Super einfach straff einstecken<br \/>\n\u2713 NUNKI k\u00f6nnen Sie bis zu 3 Jahre verwenden (Abbau ist nicht notwendig)<br \/>\n\u2713 Sicher: das Laken kann sich nicht l\u00f6sen<br \/>\n\u2713 Das ideale Bettgehritual f\u00fcr dein Baby<\/p>\n<h3>Sichere Alternative zum Pucken<\/h3>\n<p>Is uw baby ouder dan 6 maanden, dan wordt inbakeren op de traditionele manier afgeraden. Fedde&amp;Kees zorgt ervoor dat uw kindje zich toch veilig en geborgen voelt in bed. Met deze set heeft uw baby voldoende bewegingsvrijheid, maar kan hij niet maaien met de armpjes. Is uw baby eenmaal sterk genoeg om onder het lakentje om te draaien? Dan is hij ook sterk genoeg om zichzelf omhoog te drukken met de BUNDI slaapzak aan!<\/p>\n<h3>Einmumifizierung abbauen<\/h3>\n<p>Ist dein Kind zu alt zum Pucken, aber immer noch an das geborgene Gef\u00fchl gew\u00f6hnt? Gib deinem Kind dieses vertraute Gef\u00fchl im Bett, indem du es mit dem NUNKI Laken fest einwickelst. Der BUNDI Schlafsack l\u00e4sst dein Baby sich w\u00e4hrenddessen an immer mehr Bewegungsfreiheit gew\u00f6hnen. \u00d6ffne einfach jeden Tag die Rei\u00dfverschl\u00fcsse unter den \u00c4rmeln etwas weiter. So kannst du das Pucken in einem Tempo abbauen, das zu deinem Kind passt.<\/p>\n<p>&nbsp;<\/p>","protected":false},"excerpt":{"rendered":"<p>Rustig slapen zonder inbakeren. Met het NUNKI lakentje en het BUNDI slaapzakje slaapt je kindje rustiger. De set zorgt voor geborgenheid in bed, ook wanneer inbakeren niet meer mag. Het is een doordachte methode waarmee je je kindje heel simpel strak instopt en de bewegingsvrijheid per slaapje kunt bepalen. \u2713 Een veilig en geborgen gevoel [&hellip;]<\/p>\n","protected":false},"featured_media":8371,"comment_status":"closed","ping_status":"closed","template":"","meta":{"_acf_changed":false},"nunki_filter":[],"product_brand":[],"product_cat":[41],"product_tag":[],"class_list":{"0":"post-9901","1":"product","2":"type-product","3":"status-publish","4":"has-post-thumbnail","6":"product_cat-sets","7":"product_shipping_class-pakket","9":"first","10":"instock","11":"sale","12":"taxable","13":"shipping-taxable","14":"purchasable","15":"product-type-woosb"},"supplier_id":null,"supplier_sku":"","barcode":null,"atum_controlled":false,"out_stock_date":null,"out_stock_threshold":null,"inheritable":false,"inbound_stock":0,"stock_on_hold":0,"sold_today":0,"sales_last_days":0,"reserved_stock":0,"customer_returns":0,"warehouse_damage":0,"lost_in_post":0,"other_logs":0,"out_stock_days":0,"lost_sales":0,"has_location":false,"update_date":"2026-05-06T13:13:17","atum_locations":[],"atum_stock_status":"instock","restock_status":false,"low_stock_amount":"","sales_update_date":"2026-05-06T13:13:17","calc_backorders":0,"acf":[],"yoast_head":"<!-- This site is optimized with the Yoast SEO plugin v27.5 - https:\/\/yoast.com\/product\/yoast-seo-wordpress\/ -->\n<title>Set NUNKI 50 cm co sleeper laken en BUNDI slaapzak 8-12 maanden - Fedde&amp;Kees<\/title>\n<meta name=\"robots\" content=\"index, follow, max-snippet:-1, max-image-preview:large, max-video-preview:-1\" \/>\n<link rel=\"canonical\" href=\"https:\/\/feddekees.nl\/de\/multifunktionstasche-50-cm-beistellbettlaken-und-bundi-schlafsack-8-12-monate\/\" \/>\n<meta property=\"og:locale\" content=\"de_DE\" \/>\n<meta property=\"og:type\" content=\"article\" \/>\n<meta property=\"og:title\" content=\"Set NUNKI 50 cm co sleeper laken en BUNDI slaapzak 8-12 maanden - Fedde&amp;Kees\" \/>\n<meta property=\"og:description\" content=\"Rustig slapen zonder inbakeren. Met het NUNKI lakentje en het BUNDI slaapzakje slaapt je kindje rustiger. De set zorgt voor geborgenheid in bed, ook wanneer inbakeren niet meer mag. Het is een doordachte methode waarmee je je kindje heel simpel strak instopt en de bewegingsvrijheid per slaapje kunt bepalen. \u2713 Een veilig en geborgen gevoel [&hellip;]\" \/>\n<meta property=\"og:url\" content=\"https:\/\/feddekees.nl\/de\/multifunktionstasche-50-cm-beistellbettlaken-und-bundi-schlafsack-8-12-monate\/\" \/>\n<meta property=\"og:site_name\" content=\"Fedde&amp;Kees\" \/>\n<meta property=\"article:modified_time\" content=\"2026-04-16T09:56:33+00:00\" \/>\n<meta property=\"og:image\" content=\"https:\/\/feddekees.nl\/wp-content\/uploads\/50cm_co-sleeper_nunki-lakentje-2.jpg\" \/>\n\t<meta property=\"og:image:width\" content=\"816\" \/>\n\t<meta property=\"og:image:height\" content=\"816\" \/>\n\t<meta property=\"og:image:type\" content=\"image\/jpeg\" \/>\n<meta name=\"twitter:card\" content=\"summary_large_image\" \/>\n<meta name=\"twitter:label1\" content=\"Preis\" \/>\n\t<meta name=\"twitter:data1\" content=\"&euro;&nbsp;145,91 incl. btw\" \/>\n\t<meta name=\"twitter:label2\" content=\"Verf\u00fcgbarkeit\" \/>\n\t<meta name=\"twitter:data2\" content=\"Auf Lager\" \/>\n<script type=\"application\/ld+json\" class=\"yoast-schema-graph\">{\"@context\":\"https:\\\/\\\/schema.org\",\"@graph\":[{\"@type\":\"WebPage\",\"@id\":\"https:\\\/\\\/feddekees.nl\\\/de\\\/set-nunki-50-cm-co-sleeper-laken-en-bundi-slaapzak-8-12-maanden\\\/\",\"url\":\"https:\\\/\\\/feddekees.nl\\\/de\\\/set-nunki-50-cm-co-sleeper-laken-en-bundi-slaapzak-8-12-maanden\\\/\",\"name\":\"Set NUNKI 50 cm co sleeper laken en BUNDI slaapzak 8-12 maanden - Fedde&amp;Kees\",\"isPartOf\":{\"@id\":\"https:\\\/\\\/feddekees.nl\\\/de\\\/#website\"},\"primaryImageOfPage\":{\"@id\":\"https:\\\/\\\/feddekees.nl\\\/de\\\/set-nunki-50-cm-co-sleeper-laken-en-bundi-slaapzak-8-12-maanden\\\/#primaryimage\"},\"image\":{\"@id\":\"https:\\\/\\\/feddekees.nl\\\/de\\\/set-nunki-50-cm-co-sleeper-laken-en-bundi-slaapzak-8-12-maanden\\\/#primaryimage\"},\"thumbnailUrl\":\"https:\\\/\\\/feddekees.nl\\\/wp-content\\\/uploads\\\/50cm_co-sleeper_nunki-lakentje-2.jpg\",\"datePublished\":\"2026-03-04T14:24:54+00:00\",\"dateModified\":\"2026-04-16T09:56:33+00:00\",\"breadcrumb\":{\"@id\":\"https:\\\/\\\/feddekees.nl\\\/de\\\/set-nunki-50-cm-co-sleeper-laken-en-bundi-slaapzak-8-12-maanden\\\/#breadcrumb\"},\"inLanguage\":\"de\",\"potentialAction\":[{\"@type\":\"ReadAction\",\"target\":[\"https:\\\/\\\/feddekees.nl\\\/de\\\/set-nunki-50-cm-co-sleeper-laken-en-bundi-slaapzak-8-12-maanden\\\/\"]}]},{\"@type\":\"ImageObject\",\"inLanguage\":\"de\",\"@id\":\"https:\\\/\\\/feddekees.nl\\\/de\\\/set-nunki-50-cm-co-sleeper-laken-en-bundi-slaapzak-8-12-maanden\\\/#primaryimage\",\"url\":\"https:\\\/\\\/feddekees.nl\\\/wp-content\\\/uploads\\\/50cm_co-sleeper_nunki-lakentje-2.jpg\",\"contentUrl\":\"https:\\\/\\\/feddekees.nl\\\/wp-content\\\/uploads\\\/50cm_co-sleeper_nunki-lakentje-2.jpg\",\"width\":816,\"height\":816},{\"@type\":\"BreadcrumbList\",\"@id\":\"https:\\\/\\\/feddekees.nl\\\/de\\\/set-nunki-50-cm-co-sleeper-laken-en-bundi-slaapzak-8-12-maanden\\\/#breadcrumb\",\"itemListElement\":[{\"@type\":\"ListItem\",\"position\":1,\"name\":\"Home\",\"item\":\"https:\\\/\\\/feddekees.nl\\\/\"},{\"@type\":\"ListItem\",\"position\":2,\"name\":\"Producten\",\"item\":\"https:\\\/\\\/feddekees.nl\\\/producten\\\/\"},{\"@type\":\"ListItem\",\"position\":3,\"name\":\"Set NUNKI 50 cm co sleeper laken en BUNDI slaapzak 8-12 maanden\"}]},{\"@type\":\"WebSite\",\"@id\":\"https:\\\/\\\/feddekees.nl\\\/de\\\/#website\",\"url\":\"https:\\\/\\\/feddekees.nl\\\/de\\\/\",\"name\":\"Fedde&Kees\",\"description\":\"Geborgen, veilig &amp; gemakkelijk slapen voor je baby\",\"publisher\":{\"@id\":\"https:\\\/\\\/feddekees.nl\\\/de\\\/#organization\"},\"potentialAction\":[{\"@type\":\"SearchAction\",\"target\":{\"@type\":\"EntryPoint\",\"urlTemplate\":\"https:\\\/\\\/feddekees.nl\\\/de\\\/?s={search_term_string}\"},\"query-input\":{\"@type\":\"PropertyValueSpecification\",\"valueRequired\":true,\"valueName\":\"search_term_string\"}}],\"inLanguage\":\"de\"},{\"@type\":\"Organization\",\"@id\":\"https:\\\/\\\/feddekees.nl\\\/de\\\/#organization\",\"name\":\"Fedde&Kees\",\"url\":\"https:\\\/\\\/feddekees.nl\\\/de\\\/\",\"logo\":{\"@type\":\"ImageObject\",\"inLanguage\":\"de\",\"@id\":\"https:\\\/\\\/feddekees.nl\\\/de\\\/#\\\/schema\\\/logo\\\/image\\\/\",\"url\":\"https:\\\/\\\/feddekees.nl\\\/wp-content\\\/uploads\\\/KeddeKees_logo_menu_2026_254-pixels-hoog.png\",\"contentUrl\":\"https:\\\/\\\/feddekees.nl\\\/wp-content\\\/uploads\\\/KeddeKees_logo_menu_2026_254-pixels-hoog.png\",\"width\":955,\"height\":254,\"caption\":\"Fedde&Kees\"},\"image\":{\"@id\":\"https:\\\/\\\/feddekees.nl\\\/de\\\/#\\\/schema\\\/logo\\\/image\\\/\"}}]}<\/script>\n<meta property=\"product:price:amount\" content=\"145.91\" \/>\n<meta property=\"product:price:currency\" content=\"EUR\" \/>\n<meta property=\"og:availability\" content=\"instock\" \/>\n<meta property=\"product:availability\" content=\"instock\" \/>\n<meta property=\"product:condition\" content=\"new\" \/>\n<!-- \/ Yoast SEO plugin. -->","yoast_head_json":{"title":"Stellen Sie NUNKI 50 cm Beistellbett Laken und BUNDI Schlafsack 8-12 Monate - Fedde&amp;Kees ein","robots":{"index":"index","follow":"follow","max-snippet":"max-snippet:-1","max-image-preview":"max-image-preview:large","max-video-preview":"max-video-preview:-1"},"canonical":"https:\/\/feddekees.nl\/de\/multifunktionstasche-50-cm-beistellbettlaken-und-bundi-schlafsack-8-12-monate\/","og_locale":"de_DE","og_type":"article","og_title":"Set NUNKI 50 cm co sleeper laken en BUNDI slaapzak 8-12 maanden - Fedde&amp;Kees","og_description":"Rustig slapen zonder inbakeren. Met het NUNKI lakentje en het BUNDI slaapzakje slaapt je kindje rustiger. De set zorgt voor geborgenheid in bed, ook wanneer inbakeren niet meer mag. Het is een doordachte methode waarmee je je kindje heel simpel strak instopt en de bewegingsvrijheid per slaapje kunt bepalen. \u2713 Een veilig en geborgen gevoel [&hellip;]","og_url":"https:\/\/feddekees.nl\/de\/multifunktionstasche-50-cm-beistellbettlaken-und-bundi-schlafsack-8-12-monate\/","og_site_name":"Fedde&amp;Kees","article_modified_time":"2026-04-16T09:56:33+00:00","og_image":[{"width":816,"height":816,"url":"https:\/\/feddekees.nl\/wp-content\/uploads\/50cm_co-sleeper_nunki-lakentje-2.jpg","type":"image\/jpeg"}],"twitter_card":"summary_large_image","twitter_misc":{"Preis":"&euro;&nbsp;145,91 incl. btw","Verf\u00fcgbarkeit":"Auf Lager"},"schema":{"@context":"https:\/\/schema.org","@graph":[{"@type":"WebPage","@id":"https:\/\/feddekees.nl\/de\/set-nunki-50-cm-co-sleeper-laken-en-bundi-slaapzak-8-12-maanden\/","url":"https:\/\/feddekees.nl\/de\/set-nunki-50-cm-co-sleeper-laken-en-bundi-slaapzak-8-12-maanden\/","name":"Stellen Sie NUNKI 50 cm Beistellbett Laken und BUNDI Schlafsack 8-12 Monate - Fedde&amp;Kees ein","isPartOf":{"@id":"https:\/\/feddekees.nl\/de\/#website"},"primaryImageOfPage":{"@id":"https:\/\/feddekees.nl\/de\/set-nunki-50-cm-co-sleeper-laken-en-bundi-slaapzak-8-12-maanden\/#primaryimage"},"image":{"@id":"https:\/\/feddekees.nl\/de\/set-nunki-50-cm-co-sleeper-laken-en-bundi-slaapzak-8-12-maanden\/#primaryimage"},"thumbnailUrl":"https:\/\/feddekees.nl\/wp-content\/uploads\/50cm_co-sleeper_nunki-lakentje-2.jpg","datePublished":"2026-03-04T14:24:54+00:00","dateModified":"2026-04-16T09:56:33+00:00","breadcrumb":{"@id":"https:\/\/feddekees.nl\/de\/set-nunki-50-cm-co-sleeper-laken-en-bundi-slaapzak-8-12-maanden\/#breadcrumb"},"inLanguage":"de","potentialAction":[{"@type":"ReadAction","target":["https:\/\/feddekees.nl\/de\/set-nunki-50-cm-co-sleeper-laken-en-bundi-slaapzak-8-12-maanden\/"]}]},{"@type":"ImageObject","inLanguage":"de","@id":"https:\/\/feddekees.nl\/de\/set-nunki-50-cm-co-sleeper-laken-en-bundi-slaapzak-8-12-maanden\/#primaryimage","url":"https:\/\/feddekees.nl\/wp-content\/uploads\/50cm_co-sleeper_nunki-lakentje-2.jpg","contentUrl":"https:\/\/feddekees.nl\/wp-content\/uploads\/50cm_co-sleeper_nunki-lakentje-2.jpg","width":816,"height":816},{"@type":"BreadcrumbList","@id":"https:\/\/feddekees.nl\/de\/set-nunki-50-cm-co-sleeper-laken-en-bundi-slaapzak-8-12-maanden\/#breadcrumb","itemListElement":[{"@type":"ListItem","position":1,"name":"Home","item":"https:\/\/feddekees.nl\/"},{"@type":"ListItem","position":2,"name":"Producten","item":"https:\/\/feddekees.nl\/producten\/"},{"@type":"ListItem","position":3,"name":"Set NUNKI 50 cm co sleeper laken en BUNDI slaapzak 8-12 maanden"}]},{"@type":"WebSite","@id":"https:\/\/feddekees.nl\/de\/#website","url":"https:\/\/feddekees.nl\/de\/","name":"Fedde&amp;Kees","description":"Geborgen, sicher und leicht schlafen f\u00fcr dein Baby","publisher":{"@id":"https:\/\/feddekees.nl\/de\/#organization"},"potentialAction":[{"@type":"SearchAction","target":{"@type":"EntryPoint","urlTemplate":"https:\/\/feddekees.nl\/de\/?s={search_term_string}"},"query-input":{"@type":"PropertyValueSpecification","valueRequired":true,"valueName":"search_term_string"}}],"inLanguage":"de"},{"@type":"Organization","@id":"https:\/\/feddekees.nl\/de\/#organization","name":"Fedde&amp;Kees","url":"https:\/\/feddekees.nl\/de\/","logo":{"@type":"ImageObject","inLanguage":"de","@id":"https:\/\/feddekees.nl\/de\/#\/schema\/logo\/image\/","url":"https:\/\/feddekees.nl\/wp-content\/uploads\/KeddeKees_logo_menu_2026_254-pixels-hoog.png","contentUrl":"https:\/\/feddekees.nl\/wp-content\/uploads\/KeddeKees_logo_menu_2026_254-pixels-hoog.png","width":955,"height":254,"caption":"Fedde&Kees"},"image":{"@id":"https:\/\/feddekees.nl\/de\/#\/schema\/logo\/image\/"}}]},"product_price_amount":"145.91","product_price_currency":"EUR","og_availability":"instock","product_availability":"instock","product_condition":"new"},"_links":{"self":[{"href":"https:\/\/feddekees.nl\/de\/wp-json\/wp\/v2\/product\/9901","targetHints":{"allow":["GET"]}}],"collection":[{"href":"https:\/\/feddekees.nl\/de\/wp-json\/wp\/v2\/product"}],"about":[{"href":"https:\/\/feddekees.nl\/de\/wp-json\/wp\/v2\/types\/product"}],"replies":[{"embeddable":true,"href":"https:\/\/feddekees.nl\/de\/wp-json\/wp\/v2\/comments?post=9901"}],"wp:featuredmedia":[{"embeddable":true,"href":"https:\/\/feddekees.nl\/de\/wp-json\/wp\/v2\/media\/8371"}],"wp:attachment":[{"href":"https:\/\/feddekees.nl\/de\/wp-json\/wp\/v2\/media?parent=9901"}],"wp:term":[{"taxonomy":"nunki_filter","embeddable":true,"href":"https:\/\/feddekees.nl\/de\/wp-json\/wp\/v2\/nunki_filter?post=9901"},{"taxonomy":"product_brand","embeddable":true,"href":"https:\/\/feddekees.nl\/de\/wp-json\/wp\/v2\/product_brand?post=9901"},{"taxonomy":"product_cat","embeddable":true,"href":"https:\/\/feddekees.nl\/de\/wp-json\/wp\/v2\/product_cat?post=9901"},{"taxonomy":"product_tag","embeddable":true,"href":"https:\/\/feddekees.nl\/de\/wp-json\/wp\/v2\/product_tag?post=9901"}],"curies":[{"name":"wp","href":"https:\/\/api.w.org\/{rel}","templated":true}]}}