{"id":9892,"date":"2026-03-04T15:21:56","date_gmt":"2026-03-04T14:21:56","guid":{"rendered":"https:\/\/feddekees.refreshserver.nl\/?post_type=product&#038;p=9892"},"modified":"2026-04-16T10:56:46","modified_gmt":"2026-04-16T09:56:46","slug":"set-nunki-60-cm-ledikant-laken-en-bundi-slaapzak-4-8-maanden","status":"publish","type":"product","link":"https:\/\/feddekees.nl\/de\/set-nunki-60-cm-ledikant-laken-en-bundi-slaapzak-4-8-maanden\/","title":{"rendered":"Bettw\u00e4sche-Set NUNKI 60 cm Kinderbettdecke und BUNDI Schlafsack 4-8 Monate"},"content":{"rendered":"<h3>Ruhig schlafen, wenn dein Kleines sich drehen wird.<\/h3>\n<p>Mit der Kombination von dem<a href=\"https:\/\/feddekees.nl\/de\/product\/babybettlaken-nunki-wiege-40x80-90cm\/\" target=\"_blank\" rel=\"noopener\"> NUNKI Bettlaken<\/a> und es <a href=\"https:\/\/feddekees.nl\/de\/product\/baby-inbakerslaapzak-bundi-0-4-maanden\/\" target=\"_blank\" rel=\"noopener\">BUNDI Schlafsack<\/a> schl\u00e4ft dein Baby ruhiger, AUCH in der Zeit, in der es lernt, sich zu drehen. Mit diesem Set von Fedde&amp;Kees kannst du dein Kind schnell und einfach fest einwickeln. Das Set ist auch ideal, um das Pucken Schritt f\u00fcr Schritt abzubauen.<\/p>\n<p>\u2713 Einmummeln schrittweise abbauen<br \/>\n\u2713 Freiraum pro Schlaf bestimmen<br \/>\n\u2713 Der feine Druck hilft zu entspannen und Reize zu verarbeiten<br \/>\n\u2713 Sicher: das Laken kann sich nicht l\u00f6sen<br \/>\n\u2713 Das ideale Bettgehritual f\u00fcr dein Baby<br \/>\n\u2713 NUNKI kann verwendet werden bis zu 3 Jahre (Abbau nicht notwendig)<\/p>\n<h3>Einfach stramm einstecken mit NUNKI<\/h3>\n<p>Festes Einwickeln gibt Babys ein angenehmes und sicheres Gef\u00fchl im Bett. Mit NUNKI ist das super einfach; Sie schlie\u00dfen das Laken einfach mit dem Rei\u00dfverschluss. Das Laken liegt um die Matratze, sodass Ihr Baby es auch nicht lostreten kann. Jeder kann es und jeder macht es auf die gleiche Weise. So schaffen Sie das ideale Bettritual f\u00fcr Ihr Baby. Unser NUNKI-Laken hat nicht umsonst zwei Baby Innovation Awards gewonnen.<\/p>\n<h3>Entw\u00f6hnung wird einfach<\/h3>\n<p>Wenn Ihr Kind anf\u00e4ngt zu rollen, m\u00fcssen Sie mit dem Pucken aufh\u00f6ren. Mit diesem Set wird das viel einfacher. Das NUNKI Laken verz\u00f6gert den Moment des Umrollens. Der BUNDI Schlafsack hat Rei\u00dfverschl\u00fcsse unter den \u00c4rmeln, mit denen Sie die Bewegungsfreiheit Ihres Kindes pro Schlaf bestimmen k\u00f6nnen. Indem Sie die Rei\u00dfverschl\u00fcsse immer weiter \u00f6ffnen, bauen Sie das Pucken in einem Tempo ab, das zu Ihrem Kind passt! Das funktioniert viel besser, als einen Arm sofort frei zu legen.<\/p>\n<p>&nbsp;<\/p>","protected":false},"excerpt":{"rendered":"<p>Rustig slapen als je kindje gaat rollen. Met de combinatie van het NUNKI lakentje en het BUNDI slaapzakje slaapt je baby rustiger, \u00f3\u00f3k in de periode dat hij leert omrollen. Met deze set van Fedde&amp;Kees kun je je kindje snel en simpel strak instoppen. De set is ook ideaal om inbakeren stapje voor stapje af [&hellip;]<\/p>\n","protected":false},"featured_media":4990,"comment_status":"closed","ping_status":"closed","template":"","meta":{"_acf_changed":false},"nunki_filter":[],"product_brand":[],"product_cat":[41],"product_tag":[],"class_list":{"0":"post-9892","1":"product","2":"type-product","3":"status-publish","4":"has-post-thumbnail","6":"product_cat-sets","7":"product_shipping_class-pakket","9":"first","10":"instock","11":"sale","12":"taxable","13":"shipping-taxable","14":"purchasable","15":"product-type-woosb"},"supplier_id":null,"supplier_sku":"","barcode":null,"atum_controlled":false,"out_stock_date":null,"out_stock_threshold":null,"inheritable":false,"inbound_stock":0,"stock_on_hold":0,"sold_today":0,"sales_last_days":2,"reserved_stock":0,"customer_returns":0,"warehouse_damage":0,"lost_in_post":0,"other_logs":0,"out_stock_days":0,"lost_sales":0,"has_location":false,"update_date":"2026-05-06T13:13:16","atum_locations":[],"atum_stock_status":"instock","restock_status":false,"low_stock_amount":"","sales_update_date":"2026-05-06T13:13:16","calc_backorders":0,"acf":[],"yoast_head":"<!-- This site is optimized with the Yoast SEO plugin v27.5 - https:\/\/yoast.com\/product\/yoast-seo-wordpress\/ -->\n<title>Set NUNKI 60 cm ledikant laken en BUNDI slaapzak 4-8 maanden - Fedde&amp;Kees<\/title>\n<meta name=\"robots\" content=\"index, follow, max-snippet:-1, max-image-preview:large, max-video-preview:-1\" \/>\n<link rel=\"canonical\" href=\"https:\/\/feddekees.nl\/de\/set-nunki-60-cm-ledikant-laken-en-bundi-slaapzak-4-8-maanden\/\" \/>\n<meta property=\"og:locale\" content=\"de_DE\" \/>\n<meta property=\"og:type\" content=\"article\" \/>\n<meta property=\"og:title\" content=\"Set NUNKI 60 cm ledikant laken en BUNDI slaapzak 4-8 maanden - Fedde&amp;Kees\" \/>\n<meta property=\"og:description\" content=\"Rustig slapen als je kindje gaat rollen. Met de combinatie van het NUNKI lakentje en het BUNDI slaapzakje slaapt je baby rustiger, \u00f3\u00f3k in de periode dat hij leert omrollen. Met deze set van Fedde&amp;Kees kun je je kindje snel en simpel strak instoppen. De set is ook ideaal om inbakeren stapje voor stapje af [&hellip;]\" \/>\n<meta property=\"og:url\" content=\"https:\/\/feddekees.nl\/de\/set-nunki-60-cm-ledikant-laken-en-bundi-slaapzak-4-8-maanden\/\" \/>\n<meta property=\"og:site_name\" content=\"Fedde&amp;Kees\" \/>\n<meta property=\"article:modified_time\" content=\"2026-04-16T09:56:46+00:00\" \/>\n<meta property=\"og:image\" content=\"https:\/\/feddekees.nl\/wp-content\/uploads\/5.-NUNKI_MG_Ledikant.jpg\" \/>\n\t<meta property=\"og:image:width\" content=\"900\" \/>\n\t<meta property=\"og:image:height\" content=\"900\" \/>\n\t<meta property=\"og:image:type\" content=\"image\/jpeg\" \/>\n<meta name=\"twitter:card\" content=\"summary_large_image\" \/>\n<meta name=\"twitter:label1\" content=\"Preis\" \/>\n\t<meta name=\"twitter:data1\" content=\"&euro;&nbsp;174,24 incl. btw\" \/>\n\t<meta name=\"twitter:label2\" content=\"Verf\u00fcgbarkeit\" \/>\n\t<meta name=\"twitter:data2\" content=\"Auf Lager\" \/>\n<script type=\"application\/ld+json\" class=\"yoast-schema-graph\">{\"@context\":\"https:\\\/\\\/schema.org\",\"@graph\":[{\"@type\":\"WebPage\",\"@id\":\"https:\\\/\\\/feddekees.nl\\\/de\\\/set-nunki-60-cm-ledikant-laken-en-bundi-slaapzak-4-8-maanden\\\/\",\"url\":\"https:\\\/\\\/feddekees.nl\\\/de\\\/set-nunki-60-cm-ledikant-laken-en-bundi-slaapzak-4-8-maanden\\\/\",\"name\":\"Set NUNKI 60 cm ledikant laken en BUNDI slaapzak 4-8 maanden - Fedde&amp;Kees\",\"isPartOf\":{\"@id\":\"https:\\\/\\\/feddekees.nl\\\/de\\\/#website\"},\"primaryImageOfPage\":{\"@id\":\"https:\\\/\\\/feddekees.nl\\\/de\\\/set-nunki-60-cm-ledikant-laken-en-bundi-slaapzak-4-8-maanden\\\/#primaryimage\"},\"image\":{\"@id\":\"https:\\\/\\\/feddekees.nl\\\/de\\\/set-nunki-60-cm-ledikant-laken-en-bundi-slaapzak-4-8-maanden\\\/#primaryimage\"},\"thumbnailUrl\":\"https:\\\/\\\/feddekees.nl\\\/wp-content\\\/uploads\\\/5.-NUNKI_MG_Ledikant.jpg\",\"datePublished\":\"2026-03-04T14:21:56+00:00\",\"dateModified\":\"2026-04-16T09:56:46+00:00\",\"breadcrumb\":{\"@id\":\"https:\\\/\\\/feddekees.nl\\\/de\\\/set-nunki-60-cm-ledikant-laken-en-bundi-slaapzak-4-8-maanden\\\/#breadcrumb\"},\"inLanguage\":\"de\",\"potentialAction\":[{\"@type\":\"ReadAction\",\"target\":[\"https:\\\/\\\/feddekees.nl\\\/de\\\/set-nunki-60-cm-ledikant-laken-en-bundi-slaapzak-4-8-maanden\\\/\"]}]},{\"@type\":\"ImageObject\",\"inLanguage\":\"de\",\"@id\":\"https:\\\/\\\/feddekees.nl\\\/de\\\/set-nunki-60-cm-ledikant-laken-en-bundi-slaapzak-4-8-maanden\\\/#primaryimage\",\"url\":\"https:\\\/\\\/feddekees.nl\\\/wp-content\\\/uploads\\\/5.-NUNKI_MG_Ledikant.jpg\",\"contentUrl\":\"https:\\\/\\\/feddekees.nl\\\/wp-content\\\/uploads\\\/5.-NUNKI_MG_Ledikant.jpg\",\"width\":900,\"height\":900},{\"@type\":\"BreadcrumbList\",\"@id\":\"https:\\\/\\\/feddekees.nl\\\/de\\\/set-nunki-60-cm-ledikant-laken-en-bundi-slaapzak-4-8-maanden\\\/#breadcrumb\",\"itemListElement\":[{\"@type\":\"ListItem\",\"position\":1,\"name\":\"Home\",\"item\":\"https:\\\/\\\/feddekees.nl\\\/\"},{\"@type\":\"ListItem\",\"position\":2,\"name\":\"Producten\",\"item\":\"https:\\\/\\\/feddekees.nl\\\/producten\\\/\"},{\"@type\":\"ListItem\",\"position\":3,\"name\":\"Set NUNKI 60 cm ledikant laken en BUNDI slaapzak 4-8 maanden\"}]},{\"@type\":\"WebSite\",\"@id\":\"https:\\\/\\\/feddekees.nl\\\/de\\\/#website\",\"url\":\"https:\\\/\\\/feddekees.nl\\\/de\\\/\",\"name\":\"Fedde&Kees\",\"description\":\"Geborgen, veilig &amp; gemakkelijk slapen voor je baby\",\"publisher\":{\"@id\":\"https:\\\/\\\/feddekees.nl\\\/de\\\/#organization\"},\"potentialAction\":[{\"@type\":\"SearchAction\",\"target\":{\"@type\":\"EntryPoint\",\"urlTemplate\":\"https:\\\/\\\/feddekees.nl\\\/de\\\/?s={search_term_string}\"},\"query-input\":{\"@type\":\"PropertyValueSpecification\",\"valueRequired\":true,\"valueName\":\"search_term_string\"}}],\"inLanguage\":\"de\"},{\"@type\":\"Organization\",\"@id\":\"https:\\\/\\\/feddekees.nl\\\/de\\\/#organization\",\"name\":\"Fedde&Kees\",\"url\":\"https:\\\/\\\/feddekees.nl\\\/de\\\/\",\"logo\":{\"@type\":\"ImageObject\",\"inLanguage\":\"de\",\"@id\":\"https:\\\/\\\/feddekees.nl\\\/de\\\/#\\\/schema\\\/logo\\\/image\\\/\",\"url\":\"https:\\\/\\\/feddekees.nl\\\/wp-content\\\/uploads\\\/KeddeKees_logo_menu_2026_254-pixels-hoog.png\",\"contentUrl\":\"https:\\\/\\\/feddekees.nl\\\/wp-content\\\/uploads\\\/KeddeKees_logo_menu_2026_254-pixels-hoog.png\",\"width\":955,\"height\":254,\"caption\":\"Fedde&Kees\"},\"image\":{\"@id\":\"https:\\\/\\\/feddekees.nl\\\/de\\\/#\\\/schema\\\/logo\\\/image\\\/\"}}]}<\/script>\n<meta property=\"product:price:amount\" content=\"174.24\" \/>\n<meta property=\"product:price:currency\" content=\"EUR\" \/>\n<meta property=\"og:availability\" content=\"instock\" \/>\n<meta property=\"product:availability\" content=\"instock\" \/>\n<meta property=\"product:condition\" content=\"new\" \/>\n<!-- \/ Yoast SEO plugin. -->","yoast_head_json":{"title":"Set NUNKI 60 cm ledikant laken en BUNDI slaapzak 4-8 maanden - Fedde&amp;Kees","robots":{"index":"index","follow":"follow","max-snippet":"max-snippet:-1","max-image-preview":"max-image-preview:large","max-video-preview":"max-video-preview:-1"},"canonical":"https:\/\/feddekees.nl\/de\/set-nunki-60-cm-ledikant-laken-en-bundi-slaapzak-4-8-maanden\/","og_locale":"de_DE","og_type":"article","og_title":"Set NUNKI 60 cm ledikant laken en BUNDI slaapzak 4-8 maanden - Fedde&amp;Kees","og_description":"Rustig slapen als je kindje gaat rollen. Met de combinatie van het NUNKI lakentje en het BUNDI slaapzakje slaapt je baby rustiger, \u00f3\u00f3k in de periode dat hij leert omrollen. Met deze set van Fedde&amp;Kees kun je je kindje snel en simpel strak instoppen. De set is ook ideaal om inbakeren stapje voor stapje af [&hellip;]","og_url":"https:\/\/feddekees.nl\/de\/set-nunki-60-cm-ledikant-laken-en-bundi-slaapzak-4-8-maanden\/","og_site_name":"Fedde&amp;Kees","article_modified_time":"2026-04-16T09:56:46+00:00","og_image":[{"width":900,"height":900,"url":"https:\/\/feddekees.nl\/wp-content\/uploads\/5.-NUNKI_MG_Ledikant.jpg","type":"image\/jpeg"}],"twitter_card":"summary_large_image","twitter_misc":{"Preis":"&euro;&nbsp;174,24 incl. btw","Verf\u00fcgbarkeit":"Auf Lager"},"schema":{"@context":"https:\/\/schema.org","@graph":[{"@type":"WebPage","@id":"https:\/\/feddekees.nl\/de\/set-nunki-60-cm-ledikant-laken-en-bundi-slaapzak-4-8-maanden\/","url":"https:\/\/feddekees.nl\/de\/set-nunki-60-cm-ledikant-laken-en-bundi-slaapzak-4-8-maanden\/","name":"Set NUNKI 60 cm ledikant laken en BUNDI slaapzak 4-8 maanden - Fedde&amp;Kees","isPartOf":{"@id":"https:\/\/feddekees.nl\/de\/#website"},"primaryImageOfPage":{"@id":"https:\/\/feddekees.nl\/de\/set-nunki-60-cm-ledikant-laken-en-bundi-slaapzak-4-8-maanden\/#primaryimage"},"image":{"@id":"https:\/\/feddekees.nl\/de\/set-nunki-60-cm-ledikant-laken-en-bundi-slaapzak-4-8-maanden\/#primaryimage"},"thumbnailUrl":"https:\/\/feddekees.nl\/wp-content\/uploads\/5.-NUNKI_MG_Ledikant.jpg","datePublished":"2026-03-04T14:21:56+00:00","dateModified":"2026-04-16T09:56:46+00:00","breadcrumb":{"@id":"https:\/\/feddekees.nl\/de\/set-nunki-60-cm-ledikant-laken-en-bundi-slaapzak-4-8-maanden\/#breadcrumb"},"inLanguage":"de","potentialAction":[{"@type":"ReadAction","target":["https:\/\/feddekees.nl\/de\/set-nunki-60-cm-ledikant-laken-en-bundi-slaapzak-4-8-maanden\/"]}]},{"@type":"ImageObject","inLanguage":"de","@id":"https:\/\/feddekees.nl\/de\/set-nunki-60-cm-ledikant-laken-en-bundi-slaapzak-4-8-maanden\/#primaryimage","url":"https:\/\/feddekees.nl\/wp-content\/uploads\/5.-NUNKI_MG_Ledikant.jpg","contentUrl":"https:\/\/feddekees.nl\/wp-content\/uploads\/5.-NUNKI_MG_Ledikant.jpg","width":900,"height":900},{"@type":"BreadcrumbList","@id":"https:\/\/feddekees.nl\/de\/set-nunki-60-cm-ledikant-laken-en-bundi-slaapzak-4-8-maanden\/#breadcrumb","itemListElement":[{"@type":"ListItem","position":1,"name":"Home","item":"https:\/\/feddekees.nl\/"},{"@type":"ListItem","position":2,"name":"Producten","item":"https:\/\/feddekees.nl\/producten\/"},{"@type":"ListItem","position":3,"name":"Set NUNKI 60 cm ledikant laken en BUNDI slaapzak 4-8 maanden"}]},{"@type":"WebSite","@id":"https:\/\/feddekees.nl\/de\/#website","url":"https:\/\/feddekees.nl\/de\/","name":"Fedde&amp;Kees","description":"Geborgen, sicher und leicht schlafen f\u00fcr dein Baby","publisher":{"@id":"https:\/\/feddekees.nl\/de\/#organization"},"potentialAction":[{"@type":"SearchAction","target":{"@type":"EntryPoint","urlTemplate":"https:\/\/feddekees.nl\/de\/?s={search_term_string}"},"query-input":{"@type":"PropertyValueSpecification","valueRequired":true,"valueName":"search_term_string"}}],"inLanguage":"de"},{"@type":"Organization","@id":"https:\/\/feddekees.nl\/de\/#organization","name":"Fedde&amp;Kees","url":"https:\/\/feddekees.nl\/de\/","logo":{"@type":"ImageObject","inLanguage":"de","@id":"https:\/\/feddekees.nl\/de\/#\/schema\/logo\/image\/","url":"https:\/\/feddekees.nl\/wp-content\/uploads\/KeddeKees_logo_menu_2026_254-pixels-hoog.png","contentUrl":"https:\/\/feddekees.nl\/wp-content\/uploads\/KeddeKees_logo_menu_2026_254-pixels-hoog.png","width":955,"height":254,"caption":"Fedde&Kees"},"image":{"@id":"https:\/\/feddekees.nl\/de\/#\/schema\/logo\/image\/"}}]},"product_price_amount":"174.24","product_price_currency":"EUR","og_availability":"instock","product_availability":"instock","product_condition":"new"},"_links":{"self":[{"href":"https:\/\/feddekees.nl\/de\/wp-json\/wp\/v2\/product\/9892","targetHints":{"allow":["GET"]}}],"collection":[{"href":"https:\/\/feddekees.nl\/de\/wp-json\/wp\/v2\/product"}],"about":[{"href":"https:\/\/feddekees.nl\/de\/wp-json\/wp\/v2\/types\/product"}],"replies":[{"embeddable":true,"href":"https:\/\/feddekees.nl\/de\/wp-json\/wp\/v2\/comments?post=9892"}],"wp:featuredmedia":[{"embeddable":true,"href":"https:\/\/feddekees.nl\/de\/wp-json\/wp\/v2\/media\/4990"}],"wp:attachment":[{"href":"https:\/\/feddekees.nl\/de\/wp-json\/wp\/v2\/media?parent=9892"}],"wp:term":[{"taxonomy":"nunki_filter","embeddable":true,"href":"https:\/\/feddekees.nl\/de\/wp-json\/wp\/v2\/nunki_filter?post=9892"},{"taxonomy":"product_brand","embeddable":true,"href":"https:\/\/feddekees.nl\/de\/wp-json\/wp\/v2\/product_brand?post=9892"},{"taxonomy":"product_cat","embeddable":true,"href":"https:\/\/feddekees.nl\/de\/wp-json\/wp\/v2\/product_cat?post=9892"},{"taxonomy":"product_tag","embeddable":true,"href":"https:\/\/feddekees.nl\/de\/wp-json\/wp\/v2\/product_tag?post=9892"}],"curies":[{"name":"wp","href":"https:\/\/api.w.org\/{rel}","templated":true}]}}