{"id":9886,"date":"2026-03-04T15:13:21","date_gmt":"2026-03-04T14:13:21","guid":{"rendered":"https:\/\/feddekees.refreshserver.nl\/?post_type=product&#038;p=9886"},"modified":"2026-04-16T10:56:57","modified_gmt":"2026-04-16T09:56:57","slug":"set-nunki-70-cm-doorgroei-laken-en-bundi-slaapzak-0-4-maanden","status":"publish","type":"product","link":"https:\/\/feddekees.nl\/de\/set-nunki-70-cm-doorgroei-laken-en-bundi-slaapzak-0-4-maanden\/","title":{"rendered":"NUNKI 70 cm Wachstumsbettw\u00e4sche und BUNDI Schlafsack 0-4 Monate"},"content":{"rendered":"<h3>Die goldene Kombination f\u00fcr Ihr Baby.<\/h3>\n<p>Mit der Kombination von dem <a href=\"https:\/\/feddekees.nl\/de\/product\/babybettlaken-nunki-wiege-40x80-90cm\/\" target=\"_blank\" rel=\"noopener\">NUNKI Bettlaken<\/a> und es 0-4 Monate <a href=\"https:\/\/feddekees.nl\/de\/product\/baby-inbakerslaapzak-bundi-0-4-maanden\/\" target=\"_blank\" rel=\"noopener\">BUNDI Schlafsack<\/a> schl\u00e4ft dein neugeborenes Baby ruhiger. Dieses Neugeborenen-Set gibt Geborgenheit und verkleinert den \u00dcbergang von der Geb\u00e4rmutter in die Au\u00dfenwelt. Ein durchdachtes System, mit dem du dein Kind einfach, schnell und sicher unterbringst.<\/p>\n<p>\u2713 Das ideale Bettgehritual f\u00fcr dein Baby<br \/>\n\u2713 Freiraum pro Schlaf bestimmen<br \/>\n\u2713 Der feine Druck hilft zu entspannen und Reize zu verarbeiten<br \/>\n\u2713 Sicher: das Laken kann sich nicht l\u00f6sen<br \/>\n\u2713 NUNKI ist geeignet f\u00fcr 0 Monate bis 3 Jahre<\/p>\n<h3>Einfach stramm einstecken mit NUNKI<\/h3>\n<p>Fest eingewickelt sorgt f\u00fcr das sichere und geborgene Gef\u00fchl, das Ihr Baby aus dem Mutterleib kennt. Ohne Hilfe bei der Nachsorge stellt sich dies jedoch als Herausforderung heraus. Babys haben noch keine Kontrolle \u00fcber ihren K\u00f6rper und treten schnell ein Laken los. Das NUNKI-Laken sitzt um die Matratze, so kann es sich nicht l\u00f6sen.<\/p>\n<p>Schlicht hineinstopfen macht man, indem man einfach zuzieht. Jeder kann es tun und jeder tut es auf die gleiche Art und Weise. So schaffen Sie das ideale Bettritual f\u00fcr Ihr Baby. Unser NUNKI-Bettlaken ist nicht umsonst mit zwei Baby Innovation Awards ausgezeichnet worden.<\/p>\n<h3>BUNDI: der ideale All-in-One-Schlafsack<\/h3>\n<p>Unser einzigartiger weicher Schlafsack hat Rei\u00dfverschl\u00fcsse unter den \u00c4rmeln. Mit geschlossenen Rei\u00dfverschl\u00fcssen ist es eine milde Alternative zum Pucken. Ihr Kind kann sich normal bewegen, aber nicht mehr mit den \u00c4rmchen wedeln. So bestimmen Sie f\u00fcr jedes Nickerchen, wie viel Bewegungsfreiheit Ihr Kind hat. Die Rei\u00dfverschl\u00fcsse sind auch ideal, um das Pucken abzubauen: indem Sie die Rei\u00dfverschl\u00fcsse bei jedem Nickerchen immer ein wenig weiter \u00f6ffnen, gew\u00f6hnt sich Ihr Baby langsam an mehr Bewegungsfreiheit.<\/p>","protected":false},"excerpt":{"rendered":"<p>De gouden combinatie voor je baby. Met de combinatie van het NUNKI lakentje en het 0-4 maanden BUNDI slaapzakje slaapt je pasgeboren baby rustiger. Deze newborn set geeft geborgenheid en maakt de overgang van baarmoeder naar de buitenwereld kleiner. Een doordacht systeem waarmee je je kindje simpel, snel en veilig instopt. \u2713 Het ideale bedritueel [&hellip;]<\/p>\n","protected":false},"featured_media":4991,"comment_status":"closed","ping_status":"closed","template":"","meta":{"_acf_changed":false},"nunki_filter":[],"product_brand":[],"product_cat":[41],"product_tag":[],"class_list":{"0":"post-9886","1":"product","2":"type-product","3":"status-publish","4":"has-post-thumbnail","6":"product_cat-sets","7":"product_shipping_class-pakket","9":"first","10":"instock","11":"sale","12":"taxable","13":"shipping-taxable","14":"purchasable","15":"product-type-woosb"},"supplier_id":null,"supplier_sku":"","barcode":null,"atum_controlled":false,"out_stock_date":null,"out_stock_threshold":null,"inheritable":false,"inbound_stock":0,"stock_on_hold":0,"sold_today":0,"sales_last_days":0,"reserved_stock":0,"customer_returns":0,"warehouse_damage":0,"lost_in_post":0,"other_logs":0,"out_stock_days":0,"lost_sales":0,"has_location":false,"update_date":"2026-05-06T13:13:15","atum_locations":[],"atum_stock_status":"instock","restock_status":false,"low_stock_amount":"","sales_update_date":"2026-05-06T13:13:15","calc_backorders":0,"acf":[],"yoast_head":"<!-- This site is optimized with the Yoast SEO plugin v27.5 - https:\/\/yoast.com\/product\/yoast-seo-wordpress\/ -->\n<title>Set NUNKI 70 cm doorgroei laken en BUNDI slaapzak 0-4 maanden - Fedde&amp;Kees<\/title>\n<meta name=\"robots\" content=\"index, follow, max-snippet:-1, max-image-preview:large, max-video-preview:-1\" \/>\n<link rel=\"canonical\" href=\"https:\/\/feddekees.nl\/de\/set-nunki-70-cm-doorgroei-laken-en-bundi-slaapzak-0-4-maanden\/\" \/>\n<meta property=\"og:locale\" content=\"de_DE\" \/>\n<meta property=\"og:type\" content=\"article\" \/>\n<meta property=\"og:title\" content=\"Set NUNKI 70 cm doorgroei laken en BUNDI slaapzak 0-4 maanden - Fedde&amp;Kees\" \/>\n<meta property=\"og:description\" content=\"De gouden combinatie voor je baby. Met de combinatie van het NUNKI lakentje en het 0-4 maanden BUNDI slaapzakje slaapt je pasgeboren baby rustiger. Deze newborn set geeft geborgenheid en maakt de overgang van baarmoeder naar de buitenwereld kleiner. Een doordacht systeem waarmee je je kindje simpel, snel en veilig instopt. \u2713 Het ideale bedritueel [&hellip;]\" \/>\n<meta property=\"og:url\" content=\"https:\/\/feddekees.nl\/de\/set-nunki-70-cm-doorgroei-laken-en-bundi-slaapzak-0-4-maanden\/\" \/>\n<meta property=\"og:site_name\" content=\"Fedde&amp;Kees\" \/>\n<meta property=\"article:modified_time\" content=\"2026-04-16T09:56:57+00:00\" \/>\n<meta property=\"og:image\" content=\"https:\/\/feddekees.nl\/wp-content\/uploads\/2.-NUNKI_LG_Ledikant.jpg\" \/>\n\t<meta property=\"og:image:width\" content=\"900\" \/>\n\t<meta property=\"og:image:height\" content=\"900\" \/>\n\t<meta property=\"og:image:type\" content=\"image\/jpeg\" \/>\n<meta name=\"twitter:card\" content=\"summary_large_image\" \/>\n<meta name=\"twitter:label1\" content=\"Preis\" \/>\n\t<meta name=\"twitter:data1\" content=\"&euro;&nbsp;178,60 incl. btw\" \/>\n\t<meta name=\"twitter:label2\" content=\"Verf\u00fcgbarkeit\" \/>\n\t<meta name=\"twitter:data2\" content=\"Auf Lager\" \/>\n<script type=\"application\/ld+json\" class=\"yoast-schema-graph\">{\"@context\":\"https:\\\/\\\/schema.org\",\"@graph\":[{\"@type\":\"WebPage\",\"@id\":\"https:\\\/\\\/feddekees.nl\\\/de\\\/set-nunki-70-cm-doorgroei-laken-en-bundi-slaapzak-0-4-maanden\\\/\",\"url\":\"https:\\\/\\\/feddekees.nl\\\/de\\\/set-nunki-70-cm-doorgroei-laken-en-bundi-slaapzak-0-4-maanden\\\/\",\"name\":\"Set NUNKI 70 cm doorgroei laken en BUNDI slaapzak 0-4 maanden - Fedde&amp;Kees\",\"isPartOf\":{\"@id\":\"https:\\\/\\\/feddekees.nl\\\/de\\\/#website\"},\"primaryImageOfPage\":{\"@id\":\"https:\\\/\\\/feddekees.nl\\\/de\\\/set-nunki-70-cm-doorgroei-laken-en-bundi-slaapzak-0-4-maanden\\\/#primaryimage\"},\"image\":{\"@id\":\"https:\\\/\\\/feddekees.nl\\\/de\\\/set-nunki-70-cm-doorgroei-laken-en-bundi-slaapzak-0-4-maanden\\\/#primaryimage\"},\"thumbnailUrl\":\"https:\\\/\\\/feddekees.nl\\\/wp-content\\\/uploads\\\/2.-NUNKI_LG_Ledikant.jpg\",\"datePublished\":\"2026-03-04T14:13:21+00:00\",\"dateModified\":\"2026-04-16T09:56:57+00:00\",\"breadcrumb\":{\"@id\":\"https:\\\/\\\/feddekees.nl\\\/de\\\/set-nunki-70-cm-doorgroei-laken-en-bundi-slaapzak-0-4-maanden\\\/#breadcrumb\"},\"inLanguage\":\"de\",\"potentialAction\":[{\"@type\":\"ReadAction\",\"target\":[\"https:\\\/\\\/feddekees.nl\\\/de\\\/set-nunki-70-cm-doorgroei-laken-en-bundi-slaapzak-0-4-maanden\\\/\"]}]},{\"@type\":\"ImageObject\",\"inLanguage\":\"de\",\"@id\":\"https:\\\/\\\/feddekees.nl\\\/de\\\/set-nunki-70-cm-doorgroei-laken-en-bundi-slaapzak-0-4-maanden\\\/#primaryimage\",\"url\":\"https:\\\/\\\/feddekees.nl\\\/wp-content\\\/uploads\\\/2.-NUNKI_LG_Ledikant.jpg\",\"contentUrl\":\"https:\\\/\\\/feddekees.nl\\\/wp-content\\\/uploads\\\/2.-NUNKI_LG_Ledikant.jpg\",\"width\":900,\"height\":900},{\"@type\":\"BreadcrumbList\",\"@id\":\"https:\\\/\\\/feddekees.nl\\\/de\\\/set-nunki-70-cm-doorgroei-laken-en-bundi-slaapzak-0-4-maanden\\\/#breadcrumb\",\"itemListElement\":[{\"@type\":\"ListItem\",\"position\":1,\"name\":\"Home\",\"item\":\"https:\\\/\\\/feddekees.nl\\\/\"},{\"@type\":\"ListItem\",\"position\":2,\"name\":\"Producten\",\"item\":\"https:\\\/\\\/feddekees.nl\\\/producten\\\/\"},{\"@type\":\"ListItem\",\"position\":3,\"name\":\"Set NUNKI 70 cm doorgroei laken en BUNDI slaapzak 0-4 maanden\"}]},{\"@type\":\"WebSite\",\"@id\":\"https:\\\/\\\/feddekees.nl\\\/de\\\/#website\",\"url\":\"https:\\\/\\\/feddekees.nl\\\/de\\\/\",\"name\":\"Fedde&Kees\",\"description\":\"Geborgen, veilig &amp; gemakkelijk slapen voor je baby\",\"publisher\":{\"@id\":\"https:\\\/\\\/feddekees.nl\\\/de\\\/#organization\"},\"potentialAction\":[{\"@type\":\"SearchAction\",\"target\":{\"@type\":\"EntryPoint\",\"urlTemplate\":\"https:\\\/\\\/feddekees.nl\\\/de\\\/?s={search_term_string}\"},\"query-input\":{\"@type\":\"PropertyValueSpecification\",\"valueRequired\":true,\"valueName\":\"search_term_string\"}}],\"inLanguage\":\"de\"},{\"@type\":\"Organization\",\"@id\":\"https:\\\/\\\/feddekees.nl\\\/de\\\/#organization\",\"name\":\"Fedde&Kees\",\"url\":\"https:\\\/\\\/feddekees.nl\\\/de\\\/\",\"logo\":{\"@type\":\"ImageObject\",\"inLanguage\":\"de\",\"@id\":\"https:\\\/\\\/feddekees.nl\\\/de\\\/#\\\/schema\\\/logo\\\/image\\\/\",\"url\":\"https:\\\/\\\/feddekees.nl\\\/wp-content\\\/uploads\\\/KeddeKees_logo_menu_2026_254-pixels-hoog.png\",\"contentUrl\":\"https:\\\/\\\/feddekees.nl\\\/wp-content\\\/uploads\\\/KeddeKees_logo_menu_2026_254-pixels-hoog.png\",\"width\":955,\"height\":254,\"caption\":\"Fedde&Kees\"},\"image\":{\"@id\":\"https:\\\/\\\/feddekees.nl\\\/de\\\/#\\\/schema\\\/logo\\\/image\\\/\"}}]}<\/script>\n<meta property=\"product:price:amount\" content=\"178.60\" \/>\n<meta property=\"product:price:currency\" content=\"EUR\" \/>\n<meta property=\"og:availability\" content=\"instock\" \/>\n<meta property=\"product:availability\" content=\"instock\" \/>\n<meta property=\"product:condition\" content=\"new\" \/>\n<!-- \/ Yoast SEO plugin. -->","yoast_head_json":{"title":"Set NUNKI 70 cm doorgroei laken en BUNDI slaapzak 0-4 maanden - Fedde&amp;Kees","robots":{"index":"index","follow":"follow","max-snippet":"max-snippet:-1","max-image-preview":"max-image-preview:large","max-video-preview":"max-video-preview:-1"},"canonical":"https:\/\/feddekees.nl\/de\/set-nunki-70-cm-doorgroei-laken-en-bundi-slaapzak-0-4-maanden\/","og_locale":"de_DE","og_type":"article","og_title":"Set NUNKI 70 cm doorgroei laken en BUNDI slaapzak 0-4 maanden - Fedde&amp;Kees","og_description":"De gouden combinatie voor je baby. Met de combinatie van het NUNKI lakentje en het 0-4 maanden BUNDI slaapzakje slaapt je pasgeboren baby rustiger. Deze newborn set geeft geborgenheid en maakt de overgang van baarmoeder naar de buitenwereld kleiner. Een doordacht systeem waarmee je je kindje simpel, snel en veilig instopt. \u2713 Het ideale bedritueel [&hellip;]","og_url":"https:\/\/feddekees.nl\/de\/set-nunki-70-cm-doorgroei-laken-en-bundi-slaapzak-0-4-maanden\/","og_site_name":"Fedde&amp;Kees","article_modified_time":"2026-04-16T09:56:57+00:00","og_image":[{"width":900,"height":900,"url":"https:\/\/feddekees.nl\/wp-content\/uploads\/2.-NUNKI_LG_Ledikant.jpg","type":"image\/jpeg"}],"twitter_card":"summary_large_image","twitter_misc":{"Preis":"&euro;&nbsp;178,60 incl. btw","Verf\u00fcgbarkeit":"Auf Lager"},"schema":{"@context":"https:\/\/schema.org","@graph":[{"@type":"WebPage","@id":"https:\/\/feddekees.nl\/de\/set-nunki-70-cm-doorgroei-laken-en-bundi-slaapzak-0-4-maanden\/","url":"https:\/\/feddekees.nl\/de\/set-nunki-70-cm-doorgroei-laken-en-bundi-slaapzak-0-4-maanden\/","name":"Set NUNKI 70 cm doorgroei laken en BUNDI slaapzak 0-4 maanden - Fedde&amp;Kees","isPartOf":{"@id":"https:\/\/feddekees.nl\/de\/#website"},"primaryImageOfPage":{"@id":"https:\/\/feddekees.nl\/de\/set-nunki-70-cm-doorgroei-laken-en-bundi-slaapzak-0-4-maanden\/#primaryimage"},"image":{"@id":"https:\/\/feddekees.nl\/de\/set-nunki-70-cm-doorgroei-laken-en-bundi-slaapzak-0-4-maanden\/#primaryimage"},"thumbnailUrl":"https:\/\/feddekees.nl\/wp-content\/uploads\/2.-NUNKI_LG_Ledikant.jpg","datePublished":"2026-03-04T14:13:21+00:00","dateModified":"2026-04-16T09:56:57+00:00","breadcrumb":{"@id":"https:\/\/feddekees.nl\/de\/set-nunki-70-cm-doorgroei-laken-en-bundi-slaapzak-0-4-maanden\/#breadcrumb"},"inLanguage":"de","potentialAction":[{"@type":"ReadAction","target":["https:\/\/feddekees.nl\/de\/set-nunki-70-cm-doorgroei-laken-en-bundi-slaapzak-0-4-maanden\/"]}]},{"@type":"ImageObject","inLanguage":"de","@id":"https:\/\/feddekees.nl\/de\/set-nunki-70-cm-doorgroei-laken-en-bundi-slaapzak-0-4-maanden\/#primaryimage","url":"https:\/\/feddekees.nl\/wp-content\/uploads\/2.-NUNKI_LG_Ledikant.jpg","contentUrl":"https:\/\/feddekees.nl\/wp-content\/uploads\/2.-NUNKI_LG_Ledikant.jpg","width":900,"height":900},{"@type":"BreadcrumbList","@id":"https:\/\/feddekees.nl\/de\/set-nunki-70-cm-doorgroei-laken-en-bundi-slaapzak-0-4-maanden\/#breadcrumb","itemListElement":[{"@type":"ListItem","position":1,"name":"Home","item":"https:\/\/feddekees.nl\/"},{"@type":"ListItem","position":2,"name":"Producten","item":"https:\/\/feddekees.nl\/producten\/"},{"@type":"ListItem","position":3,"name":"Set NUNKI 70 cm doorgroei laken en BUNDI slaapzak 0-4 maanden"}]},{"@type":"WebSite","@id":"https:\/\/feddekees.nl\/de\/#website","url":"https:\/\/feddekees.nl\/de\/","name":"Fedde&amp;Kees","description":"Geborgen, sicher und leicht schlafen f\u00fcr dein Baby","publisher":{"@id":"https:\/\/feddekees.nl\/de\/#organization"},"potentialAction":[{"@type":"SearchAction","target":{"@type":"EntryPoint","urlTemplate":"https:\/\/feddekees.nl\/de\/?s={search_term_string}"},"query-input":{"@type":"PropertyValueSpecification","valueRequired":true,"valueName":"search_term_string"}}],"inLanguage":"de"},{"@type":"Organization","@id":"https:\/\/feddekees.nl\/de\/#organization","name":"Fedde&amp;Kees","url":"https:\/\/feddekees.nl\/de\/","logo":{"@type":"ImageObject","inLanguage":"de","@id":"https:\/\/feddekees.nl\/de\/#\/schema\/logo\/image\/","url":"https:\/\/feddekees.nl\/wp-content\/uploads\/KeddeKees_logo_menu_2026_254-pixels-hoog.png","contentUrl":"https:\/\/feddekees.nl\/wp-content\/uploads\/KeddeKees_logo_menu_2026_254-pixels-hoog.png","width":955,"height":254,"caption":"Fedde&Kees"},"image":{"@id":"https:\/\/feddekees.nl\/de\/#\/schema\/logo\/image\/"}}]},"product_price_amount":"178.60","product_price_currency":"EUR","og_availability":"instock","product_availability":"instock","product_condition":"new"},"_links":{"self":[{"href":"https:\/\/feddekees.nl\/de\/wp-json\/wp\/v2\/product\/9886","targetHints":{"allow":["GET"]}}],"collection":[{"href":"https:\/\/feddekees.nl\/de\/wp-json\/wp\/v2\/product"}],"about":[{"href":"https:\/\/feddekees.nl\/de\/wp-json\/wp\/v2\/types\/product"}],"replies":[{"embeddable":true,"href":"https:\/\/feddekees.nl\/de\/wp-json\/wp\/v2\/comments?post=9886"}],"wp:featuredmedia":[{"embeddable":true,"href":"https:\/\/feddekees.nl\/de\/wp-json\/wp\/v2\/media\/4991"}],"wp:attachment":[{"href":"https:\/\/feddekees.nl\/de\/wp-json\/wp\/v2\/media?parent=9886"}],"wp:term":[{"taxonomy":"nunki_filter","embeddable":true,"href":"https:\/\/feddekees.nl\/de\/wp-json\/wp\/v2\/nunki_filter?post=9886"},{"taxonomy":"product_brand","embeddable":true,"href":"https:\/\/feddekees.nl\/de\/wp-json\/wp\/v2\/product_brand?post=9886"},{"taxonomy":"product_cat","embeddable":true,"href":"https:\/\/feddekees.nl\/de\/wp-json\/wp\/v2\/product_cat?post=9886"},{"taxonomy":"product_tag","embeddable":true,"href":"https:\/\/feddekees.nl\/de\/wp-json\/wp\/v2\/product_tag?post=9886"}],"curies":[{"name":"wp","href":"https:\/\/api.w.org\/{rel}","templated":true}]}}