{"id":5091,"date":"2026-02-04T16:39:17","date_gmt":"2026-02-04T15:39:17","guid":{"rendered":"https:\/\/feddekees.refreshserver.nl\/?post_type=product&#038;p=5091"},"modified":"2026-04-16T10:54:14","modified_gmt":"2026-04-16T09:54:14","slug":"mira-schafsfell","status":"publish","type":"product","link":"https:\/\/feddekees.nl\/de\/mira-schapenvacht\/","title":{"rendered":"MIRA Schaffell"},"content":{"rendered":"<h2>Komfort und Geborgenheit mit dem MIRA Schaffell<\/h2>\n<p>Mit dem MIRA \u201cmedizinischen\u201d Schaffell bieten wir Ihnen und Ihrem Baby einen kuscheligen Ort f\u00fcr viel Spielspa\u00df. Nutzen Sie das Fell (unter Aufsicht) im Laufstall, im Kinderwagen und als Spielmatte.<\/p>\n<p>Durch die nat\u00fcrlichen und w\u00e4rmeregulierenden Eigenschaften von Wolle bleibt Ihr Kind im Winter wunderbar warm und erh\u00e4lt an warmen Tagen genau die richtige K\u00fchlung. Die Wolle nimmt Feuchtigkeit auf und leitet sie sofort ab, was f\u00fcr eine frische und angenehme Umgebung sorgt.<\/p>\n<p>Aus <a href=\"https:\/\/www.nu.nl\/overig\/3873063\/slapen-op-dierenhuid-vermindert-kans-op-astma-bij-baby.html\" target=\"_blank\" rel=\"noopener\">Erforschung<\/a> Es stellt sich heraus, dass Babys, die auf einem Schaffell liegen, eine geringere Chance haben, an Asthma zu erkranken \u2013 eine gesunde Wahl f\u00fcr Ihr Kind!<\/p>\n<p>\u2713 Immer die richtige Temperatur<br \/>\n\u2713 Weich und sicher: kurz geschorene Wolle speziell f\u00fcr Babys<br \/>\n\u2713 Ideal zum Spielen<br \/>\n\u2713 Nat\u00fcrliche Feuchtigkeitsregulierung<br \/>\n\u2713 Bequem und gesund<br \/>\n\u2713 Schafswolle ist selbstreinigend<\/p>","protected":false},"excerpt":{"rendered":"<p>Comfort en geborgenheid met de MIRA schapenvacht Met het MIRA &#8220;medicinale&#8221; schapenvacht bieden wij jou en je baby een knus plekje voor veel speelplezier. Gebruik het vachtje (onder toezicht) in de box , de kinderwagen en als speelkleed. Door de natuurlijke en warmte regulerende eigenschappen van wol blijft je kindje in de winter heerlijk\u00a0warm en [&hellip;]<\/p>\n","protected":false},"featured_media":5094,"comment_status":"closed","ping_status":"closed","template":"","meta":{"_acf_changed":false},"nunki_filter":[],"product_brand":[],"product_cat":[20],"product_tag":[],"class_list":{"0":"post-5091","1":"product","2":"type-product","3":"status-publish","4":"has-post-thumbnail","6":"product_cat-accessoires","7":"product_shipping_class-pakket","9":"first","10":"outofstock","11":"taxable","12":"shipping-taxable","13":"purchasable","14":"product-type-simple"},"supplier_id":11769,"supplier_sku":"","barcode":null,"atum_controlled":true,"out_stock_date":"2026-04-14 20:00:44","out_stock_threshold":null,"inheritable":false,"inbound_stock":0,"stock_on_hold":0,"sold_today":0,"sales_last_days":0,"reserved_stock":0,"customer_returns":0,"warehouse_damage":0,"lost_in_post":0,"other_logs":0,"out_stock_days":21,"lost_sales":0,"has_location":false,"update_date":"2026-05-06T13:13:14","atum_locations":[],"atum_stock_status":"outofstock","restock_status":false,"low_stock_amount":5,"sales_update_date":"2026-05-06T13:13:14","calc_backorders":null,"acf":[],"yoast_head":"<!-- This site is optimized with the Yoast SEO plugin v27.5 - https:\/\/yoast.com\/product\/yoast-seo-wordpress\/ -->\n<title>MIRA schapenvacht - Fedde&amp;Kees<\/title>\n<meta name=\"robots\" content=\"index, follow, max-snippet:-1, max-image-preview:large, max-video-preview:-1\" \/>\n<link rel=\"canonical\" href=\"https:\/\/feddekees.nl\/de\/mira-schafsfell\/\" \/>\n<meta property=\"og:locale\" content=\"de_DE\" \/>\n<meta property=\"og:type\" content=\"article\" \/>\n<meta property=\"og:title\" content=\"MIRA schapenvacht - Fedde&amp;Kees\" \/>\n<meta property=\"og:description\" content=\"Comfort en geborgenheid met de MIRA schapenvacht Met het MIRA &#8220;medicinale&#8221; schapenvacht bieden wij jou en je baby een knus plekje voor veel speelplezier. Gebruik het vachtje (onder toezicht) in de box , de kinderwagen en als speelkleed. Door de natuurlijke en warmte regulerende eigenschappen van wol blijft je kindje in de winter heerlijk\u00a0warm en [&hellip;]\" \/>\n<meta property=\"og:url\" content=\"https:\/\/feddekees.nl\/de\/mira-schafsfell\/\" \/>\n<meta property=\"og:site_name\" content=\"Fedde&amp;Kees\" \/>\n<meta property=\"article:modified_time\" content=\"2026-04-16T09:54:14+00:00\" \/>\n<meta property=\"og:image\" content=\"https:\/\/feddekees.nl\/wp-content\/uploads\/schapenvacht.jpeg\" \/>\n\t<meta property=\"og:image:width\" content=\"605\" \/>\n\t<meta property=\"og:image:height\" content=\"605\" \/>\n\t<meta property=\"og:image:type\" content=\"image\/jpeg\" \/>\n<meta name=\"twitter:card\" content=\"summary_large_image\" \/>\n<meta name=\"twitter:label1\" content=\"Preis\" \/>\n\t<meta name=\"twitter:data1\" content=\"&euro;&nbsp;59,00 incl. btw\" \/>\n\t<meta name=\"twitter:label2\" content=\"Verf\u00fcgbarkeit\" \/>\n\t<meta name=\"twitter:data2\" content=\"ausverkauft\" \/>\n<script type=\"application\/ld+json\" class=\"yoast-schema-graph\">{\"@context\":\"https:\\\/\\\/schema.org\",\"@graph\":[{\"@type\":\"WebPage\",\"@id\":\"https:\\\/\\\/feddekees.nl\\\/de\\\/mira-schapenvacht\\\/\",\"url\":\"https:\\\/\\\/feddekees.nl\\\/de\\\/mira-schapenvacht\\\/\",\"name\":\"MIRA schapenvacht - Fedde&amp;Kees\",\"isPartOf\":{\"@id\":\"https:\\\/\\\/feddekees.nl\\\/de\\\/#website\"},\"primaryImageOfPage\":{\"@id\":\"https:\\\/\\\/feddekees.nl\\\/de\\\/mira-schapenvacht\\\/#primaryimage\"},\"image\":{\"@id\":\"https:\\\/\\\/feddekees.nl\\\/de\\\/mira-schapenvacht\\\/#primaryimage\"},\"thumbnailUrl\":\"https:\\\/\\\/feddekees.nl\\\/wp-content\\\/uploads\\\/schapenvacht.jpeg\",\"datePublished\":\"2026-02-04T15:39:17+00:00\",\"dateModified\":\"2026-04-16T09:54:14+00:00\",\"breadcrumb\":{\"@id\":\"https:\\\/\\\/feddekees.nl\\\/de\\\/mira-schapenvacht\\\/#breadcrumb\"},\"inLanguage\":\"de\",\"potentialAction\":[{\"@type\":\"ReadAction\",\"target\":[\"https:\\\/\\\/feddekees.nl\\\/de\\\/mira-schapenvacht\\\/\"]}]},{\"@type\":\"ImageObject\",\"inLanguage\":\"de\",\"@id\":\"https:\\\/\\\/feddekees.nl\\\/de\\\/mira-schapenvacht\\\/#primaryimage\",\"url\":\"https:\\\/\\\/feddekees.nl\\\/wp-content\\\/uploads\\\/schapenvacht.jpeg\",\"contentUrl\":\"https:\\\/\\\/feddekees.nl\\\/wp-content\\\/uploads\\\/schapenvacht.jpeg\",\"width\":605,\"height\":605},{\"@type\":\"BreadcrumbList\",\"@id\":\"https:\\\/\\\/feddekees.nl\\\/de\\\/mira-schapenvacht\\\/#breadcrumb\",\"itemListElement\":[{\"@type\":\"ListItem\",\"position\":1,\"name\":\"Home\",\"item\":\"https:\\\/\\\/feddekees.nl\\\/\"},{\"@type\":\"ListItem\",\"position\":2,\"name\":\"Producten\",\"item\":\"https:\\\/\\\/feddekees.nl\\\/producten\\\/\"},{\"@type\":\"ListItem\",\"position\":3,\"name\":\"MIRA schapenvacht\"}]},{\"@type\":\"WebSite\",\"@id\":\"https:\\\/\\\/feddekees.nl\\\/de\\\/#website\",\"url\":\"https:\\\/\\\/feddekees.nl\\\/de\\\/\",\"name\":\"Fedde&Kees\",\"description\":\"Geborgen, veilig &amp; gemakkelijk slapen voor je baby\",\"publisher\":{\"@id\":\"https:\\\/\\\/feddekees.nl\\\/de\\\/#organization\"},\"potentialAction\":[{\"@type\":\"SearchAction\",\"target\":{\"@type\":\"EntryPoint\",\"urlTemplate\":\"https:\\\/\\\/feddekees.nl\\\/de\\\/?s={search_term_string}\"},\"query-input\":{\"@type\":\"PropertyValueSpecification\",\"valueRequired\":true,\"valueName\":\"search_term_string\"}}],\"inLanguage\":\"de\"},{\"@type\":\"Organization\",\"@id\":\"https:\\\/\\\/feddekees.nl\\\/de\\\/#organization\",\"name\":\"Fedde&Kees\",\"url\":\"https:\\\/\\\/feddekees.nl\\\/de\\\/\",\"logo\":{\"@type\":\"ImageObject\",\"inLanguage\":\"de\",\"@id\":\"https:\\\/\\\/feddekees.nl\\\/de\\\/#\\\/schema\\\/logo\\\/image\\\/\",\"url\":\"https:\\\/\\\/feddekees.nl\\\/wp-content\\\/uploads\\\/KeddeKees_logo_menu_2026_254-pixels-hoog.png\",\"contentUrl\":\"https:\\\/\\\/feddekees.nl\\\/wp-content\\\/uploads\\\/KeddeKees_logo_menu_2026_254-pixels-hoog.png\",\"width\":955,\"height\":254,\"caption\":\"Fedde&Kees\"},\"image\":{\"@id\":\"https:\\\/\\\/feddekees.nl\\\/de\\\/#\\\/schema\\\/logo\\\/image\\\/\"}}]}<\/script>\n<meta property=\"product:price:amount\" content=\"59.00\" \/>\n<meta property=\"product:price:currency\" content=\"EUR\" \/>\n<meta property=\"og:availability\" content=\"out of stock\" \/>\n<meta property=\"product:availability\" content=\"out of stock\" \/>\n<meta property=\"product:retailer_item_id\" content=\"602531\" \/>\n<meta property=\"product:condition\" content=\"new\" \/>\n<!-- \/ Yoast SEO plugin. -->","yoast_head_json":{"title":"MIRA Schaffell - Fedde&amp;Kees","robots":{"index":"index","follow":"follow","max-snippet":"max-snippet:-1","max-image-preview":"max-image-preview:large","max-video-preview":"max-video-preview:-1"},"canonical":"https:\/\/feddekees.nl\/de\/mira-schafsfell\/","og_locale":"de_DE","og_type":"article","og_title":"MIRA schapenvacht - Fedde&amp;Kees","og_description":"Comfort en geborgenheid met de MIRA schapenvacht Met het MIRA &#8220;medicinale&#8221; schapenvacht bieden wij jou en je baby een knus plekje voor veel speelplezier. Gebruik het vachtje (onder toezicht) in de box , de kinderwagen en als speelkleed. Door de natuurlijke en warmte regulerende eigenschappen van wol blijft je kindje in de winter heerlijk\u00a0warm en [&hellip;]","og_url":"https:\/\/feddekees.nl\/de\/mira-schafsfell\/","og_site_name":"Fedde&amp;Kees","article_modified_time":"2026-04-16T09:54:14+00:00","og_image":[{"width":605,"height":605,"url":"https:\/\/feddekees.nl\/wp-content\/uploads\/schapenvacht.jpeg","type":"image\/jpeg"}],"twitter_card":"summary_large_image","twitter_misc":{"Preis":"&euro;&nbsp;59,00 incl. btw","Verf\u00fcgbarkeit":"ausverkauft"},"schema":{"@context":"https:\/\/schema.org","@graph":[{"@type":"WebPage","@id":"https:\/\/feddekees.nl\/de\/mira-schapenvacht\/","url":"https:\/\/feddekees.nl\/de\/mira-schapenvacht\/","name":"MIRA Schaffell - Fedde&amp;Kees","isPartOf":{"@id":"https:\/\/feddekees.nl\/de\/#website"},"primaryImageOfPage":{"@id":"https:\/\/feddekees.nl\/de\/mira-schapenvacht\/#primaryimage"},"image":{"@id":"https:\/\/feddekees.nl\/de\/mira-schapenvacht\/#primaryimage"},"thumbnailUrl":"https:\/\/feddekees.nl\/wp-content\/uploads\/schapenvacht.jpeg","datePublished":"2026-02-04T15:39:17+00:00","dateModified":"2026-04-16T09:54:14+00:00","breadcrumb":{"@id":"https:\/\/feddekees.nl\/de\/mira-schapenvacht\/#breadcrumb"},"inLanguage":"de","potentialAction":[{"@type":"ReadAction","target":["https:\/\/feddekees.nl\/de\/mira-schapenvacht\/"]}]},{"@type":"ImageObject","inLanguage":"de","@id":"https:\/\/feddekees.nl\/de\/mira-schapenvacht\/#primaryimage","url":"https:\/\/feddekees.nl\/wp-content\/uploads\/schapenvacht.jpeg","contentUrl":"https:\/\/feddekees.nl\/wp-content\/uploads\/schapenvacht.jpeg","width":605,"height":605},{"@type":"BreadcrumbList","@id":"https:\/\/feddekees.nl\/de\/mira-schapenvacht\/#breadcrumb","itemListElement":[{"@type":"ListItem","position":1,"name":"Home","item":"https:\/\/feddekees.nl\/"},{"@type":"ListItem","position":2,"name":"Producten","item":"https:\/\/feddekees.nl\/producten\/"},{"@type":"ListItem","position":3,"name":"MIRA schapenvacht"}]},{"@type":"WebSite","@id":"https:\/\/feddekees.nl\/de\/#website","url":"https:\/\/feddekees.nl\/de\/","name":"Fedde&amp;Kees","description":"Geborgen, sicher und leicht schlafen f\u00fcr dein Baby","publisher":{"@id":"https:\/\/feddekees.nl\/de\/#organization"},"potentialAction":[{"@type":"SearchAction","target":{"@type":"EntryPoint","urlTemplate":"https:\/\/feddekees.nl\/de\/?s={search_term_string}"},"query-input":{"@type":"PropertyValueSpecification","valueRequired":true,"valueName":"search_term_string"}}],"inLanguage":"de"},{"@type":"Organization","@id":"https:\/\/feddekees.nl\/de\/#organization","name":"Fedde&amp;Kees","url":"https:\/\/feddekees.nl\/de\/","logo":{"@type":"ImageObject","inLanguage":"de","@id":"https:\/\/feddekees.nl\/de\/#\/schema\/logo\/image\/","url":"https:\/\/feddekees.nl\/wp-content\/uploads\/KeddeKees_logo_menu_2026_254-pixels-hoog.png","contentUrl":"https:\/\/feddekees.nl\/wp-content\/uploads\/KeddeKees_logo_menu_2026_254-pixels-hoog.png","width":955,"height":254,"caption":"Fedde&Kees"},"image":{"@id":"https:\/\/feddekees.nl\/de\/#\/schema\/logo\/image\/"}}]},"product_price_amount":"59.00","product_price_currency":"EUR","og_availability":"out of stock","product_availability":"out of stock","product_retailer_item_id":"602531","product_condition":"new"},"_links":{"self":[{"href":"https:\/\/feddekees.nl\/de\/wp-json\/wp\/v2\/product\/5091","targetHints":{"allow":["GET"]}}],"collection":[{"href":"https:\/\/feddekees.nl\/de\/wp-json\/wp\/v2\/product"}],"about":[{"href":"https:\/\/feddekees.nl\/de\/wp-json\/wp\/v2\/types\/product"}],"replies":[{"embeddable":true,"href":"https:\/\/feddekees.nl\/de\/wp-json\/wp\/v2\/comments?post=5091"}],"wp:featuredmedia":[{"embeddable":true,"href":"https:\/\/feddekees.nl\/de\/wp-json\/wp\/v2\/media\/5094"}],"wp:attachment":[{"href":"https:\/\/feddekees.nl\/de\/wp-json\/wp\/v2\/media?parent=5091"}],"wp:term":[{"taxonomy":"nunki_filter","embeddable":true,"href":"https:\/\/feddekees.nl\/de\/wp-json\/wp\/v2\/nunki_filter?post=5091"},{"taxonomy":"product_brand","embeddable":true,"href":"https:\/\/feddekees.nl\/de\/wp-json\/wp\/v2\/product_brand?post=5091"},{"taxonomy":"product_cat","embeddable":true,"href":"https:\/\/feddekees.nl\/de\/wp-json\/wp\/v2\/product_cat?post=5091"},{"taxonomy":"product_tag","embeddable":true,"href":"https:\/\/feddekees.nl\/de\/wp-json\/wp\/v2\/product_tag?post=5091"}],"curies":[{"name":"wp","href":"https:\/\/api.w.org\/{rel}","templated":true}]}}