{"id":4721,"date":"2026-02-02T14:31:46","date_gmt":"2026-02-02T13:31:46","guid":{"rendered":"https:\/\/feddekees.refreshserver.nl\/?post_type=product&#038;p=4721"},"modified":"2026-05-06T14:46:55","modified_gmt":"2026-05-06T13:46:55","slug":"babylaken-nunki-ledikant-60x120","status":"publish","type":"product","link":"https:\/\/feddekees.nl\/de\/babylaken-nunki-ledikant-60x120\/","title":{"rendered":"Babybettw\u00e4sche NUNKI Baumwolle 60x120cm"},"content":{"rendered":"<h2><strong>Babybettw\u00e4sche NUNKI Baumwolle 60x120cm<\/strong><\/h2>\n<p>NUNKI wurde speziell entwickelt, um Ihr Baby sicher und einfach fest einzuwickeln. Der sanfte Druck hilft Ihrem Baby, sich zu entspannen und Reize zu verarbeiten, genau wie im Mutterleib. So schl\u00e4ft Ihr Kind ruhig ein und bleibt es auch.<\/p>\n<p>NUNKI ist gekr\u00f6nt mit <strong>2 Baby Innovationspreise<\/strong>.<\/p>\n<p>\u2713 Einfach stramm einstecken<br \/>\n\u2713 Sicher: kann sich nicht l\u00f6sen<br \/>\n\u2713 Hilft Reize zu verarbeiten<br \/>\n\u2713 Nur 0,5 TOG<br \/>\n\u2713 Einzigartiges ergonomisches Design<br \/>\n\u2713 Geeignet f\u00fcr 0 Monate bis 3 Jahre<\/p>\n<p>Das ideale Bettritual: 50.000+ Babys schlafen besser mit NUNKI.<\/p>\n<h3>Einzigartiges und preisgekr\u00f6ntes Design<\/h3>\n<p>Das straffe Einstecken eine Herausforderung? Nicht mit NUNKI! Das preisgekr\u00f6nte Laken legt sich um die Matratze, sodass Ihr Baby es nicht abtreten kann. Das einzigartige elastische Band an der Oberseite erzeugt einen sanften Druck auf den Oberk\u00f6rper Ihres Babys. Dies gibt ein sch\u00f6nes, sicheres und entspanntes Gef\u00fchl, wodurch Ihr Baby besser einschl\u00e4ft und durchschl\u00e4ft.<\/p>\n<p>Das Laken hat einen Rei\u00dfverschluss, damit stecken Sie Ihr Baby mit einer einfachen Handbewegung hinein. Jeder kann es und jeder macht es auf dieselbe Weise. Das macht das Bettritual vorhersehbar und schafft Ruhe. Beachten Sie jedoch, dass Ihr Baby ein paar Tage braucht, um sich daran zu gew\u00f6hnen. Danach werden Sie sehen, dass Ihr Kind schneller einschl\u00e4ft und l\u00e4nger durchschl\u00e4ft!<\/p>\n<h3>De baby kan zelf de slaaphouding kiezen<\/h3>\n<p>Der sanfte Druck auf den Oberk\u00f6rper beruhigt Ihr Kind, auch wenn Ihr Kind lieber mit den \u00c4rmchen nach oben schl\u00e4ft. Au\u00dferdem verlangsamt NUNKI die erste Umrollphase. Wenn Ihr Baby alt genug ist, kann es sich einfach unter dem NUNKI Laken bewegen und selbst eine Schlafposition w\u00e4hlen.<\/p>","protected":false},"excerpt":{"rendered":"<p>Babylaken NUNKI Ledikant 60x120cm NUNKI is\u00a0speciaal ontwikkeld om je baby veilig en simpel strak in te stoppen. De fijne druk helpt je baby ontspannen en prikkels te verwerken, net zoals in de baarmoeder. Zo valt \u00e9n blijft je kindje rustig in slaap. NUNKI is bekroond met 2 Baby Innovation Awards. \u2713\u00a0Simpel strak instoppen \u2713\u00a0Veilig: kan [&hellip;]<\/p>\n","protected":false},"featured_media":5054,"comment_status":"closed","ping_status":"closed","template":"","meta":{"_acf_changed":false},"nunki_filter":[],"product_brand":[],"product_cat":[30],"product_tag":[],"class_list":{"0":"post-4721","1":"product","2":"type-product","3":"status-publish","4":"has-post-thumbnail","6":"product_cat-nunki","7":"product_shipping_class-pakket","9":"first","10":"instock","11":"taxable","12":"shipping-taxable","13":"purchasable","14":"product-type-variable"},"supplier_id":null,"supplier_sku":"","barcode":null,"atum_controlled":true,"out_stock_date":null,"out_stock_threshold":null,"inheritable":true,"inbound_stock":803,"stock_on_hold":18,"sold_today":4,"sales_last_days":45,"reserved_stock":0,"customer_returns":0,"warehouse_damage":0,"lost_in_post":0,"other_logs":0,"out_stock_days":0,"lost_sales":0,"has_location":false,"update_date":"2026-05-06T14:31:16","atum_locations":[],"atum_stock_status":"instock","restock_status":false,"low_stock_amount":"","sales_update_date":"2026-05-06T13:13:18","calc_backorders":null,"acf":[],"yoast_head":"<!-- This site is optimized with the Yoast SEO plugin v27.5 - https:\/\/yoast.com\/product\/yoast-seo-wordpress\/ -->\n<title>Babylaken NUNKI Ledikant 60x120cm - Fedde&amp;Kees<\/title>\n<meta name=\"robots\" content=\"index, follow, max-snippet:-1, max-image-preview:large, max-video-preview:-1\" \/>\n<link rel=\"canonical\" href=\"https:\/\/feddekees.nl\/de\/babylaken-nunki-ledikant-60x120\/\" \/>\n<meta property=\"og:locale\" content=\"de_DE\" \/>\n<meta property=\"og:type\" content=\"article\" \/>\n<meta property=\"og:title\" content=\"Babylaken NUNKI Ledikant 60x120cm - Fedde&amp;Kees\" \/>\n<meta property=\"og:description\" content=\"Babylaken NUNKI Ledikant 60x120cm NUNKI is\u00a0speciaal ontwikkeld om je baby veilig en simpel strak in te stoppen. De fijne druk helpt je baby ontspannen en prikkels te verwerken, net zoals in de baarmoeder. Zo valt \u00e9n blijft je kindje rustig in slaap. NUNKI is bekroond met 2 Baby Innovation Awards. \u2713\u00a0Simpel strak instoppen \u2713\u00a0Veilig: kan [&hellip;]\" \/>\n<meta property=\"og:url\" content=\"https:\/\/feddekees.nl\/de\/babylaken-nunki-ledikant-60x120\/\" \/>\n<meta property=\"og:site_name\" content=\"Fedde&amp;Kees\" \/>\n<meta property=\"article:modified_time\" content=\"2026-05-06T13:46:55+00:00\" \/>\n<meta property=\"og:image\" content=\"https:\/\/feddekees.nl\/wp-content\/uploads\/60cm_ledikant_nunki-lakentje-1.jpg\" \/>\n\t<meta property=\"og:image:width\" content=\"900\" \/>\n\t<meta property=\"og:image:height\" content=\"900\" \/>\n\t<meta property=\"og:image:type\" content=\"image\/jpeg\" \/>\n<meta name=\"twitter:card\" content=\"summary_large_image\" \/>\n<meta name=\"twitter:label1\" content=\"Verf\u00fcgbarkeit\" \/>\n\t<meta name=\"twitter:data1\" content=\"Auf Lager\" \/>\n<script type=\"application\/ld+json\" class=\"yoast-schema-graph\">{\"@context\":\"https:\\\/\\\/schema.org\",\"@graph\":[{\"@type\":\"WebPage\",\"@id\":\"https:\\\/\\\/feddekees.nl\\\/de\\\/babylaken-nunki-ledikant-60x120\\\/\",\"url\":\"https:\\\/\\\/feddekees.nl\\\/de\\\/babylaken-nunki-ledikant-60x120\\\/\",\"name\":\"Babylaken NUNKI Ledikant 60x120cm - Fedde&amp;Kees\",\"isPartOf\":{\"@id\":\"https:\\\/\\\/feddekees.nl\\\/de\\\/#website\"},\"primaryImageOfPage\":{\"@id\":\"https:\\\/\\\/feddekees.nl\\\/de\\\/babylaken-nunki-ledikant-60x120\\\/#primaryimage\"},\"image\":{\"@id\":\"https:\\\/\\\/feddekees.nl\\\/de\\\/babylaken-nunki-ledikant-60x120\\\/#primaryimage\"},\"thumbnailUrl\":\"https:\\\/\\\/feddekees.nl\\\/wp-content\\\/uploads\\\/60cm_ledikant_nunki-lakentje-1.jpg\",\"datePublished\":\"2026-02-02T13:31:46+00:00\",\"dateModified\":\"2026-05-06T13:46:55+00:00\",\"breadcrumb\":{\"@id\":\"https:\\\/\\\/feddekees.nl\\\/de\\\/babylaken-nunki-ledikant-60x120\\\/#breadcrumb\"},\"inLanguage\":\"de\",\"potentialAction\":[{\"@type\":\"ReadAction\",\"target\":[\"https:\\\/\\\/feddekees.nl\\\/de\\\/babylaken-nunki-ledikant-60x120\\\/\"]}]},{\"@type\":\"ImageObject\",\"inLanguage\":\"de\",\"@id\":\"https:\\\/\\\/feddekees.nl\\\/de\\\/babylaken-nunki-ledikant-60x120\\\/#primaryimage\",\"url\":\"https:\\\/\\\/feddekees.nl\\\/wp-content\\\/uploads\\\/60cm_ledikant_nunki-lakentje-1.jpg\",\"contentUrl\":\"https:\\\/\\\/feddekees.nl\\\/wp-content\\\/uploads\\\/60cm_ledikant_nunki-lakentje-1.jpg\",\"width\":900,\"height\":900},{\"@type\":\"BreadcrumbList\",\"@id\":\"https:\\\/\\\/feddekees.nl\\\/de\\\/babylaken-nunki-ledikant-60x120\\\/#breadcrumb\",\"itemListElement\":[{\"@type\":\"ListItem\",\"position\":1,\"name\":\"Home\",\"item\":\"https:\\\/\\\/feddekees.nl\\\/\"},{\"@type\":\"ListItem\",\"position\":2,\"name\":\"Producten\",\"item\":\"https:\\\/\\\/feddekees.nl\\\/producten\\\/\"},{\"@type\":\"ListItem\",\"position\":3,\"name\":\"Babylaken NUNKI Ledikant 60x120cm\"}]},{\"@type\":\"WebSite\",\"@id\":\"https:\\\/\\\/feddekees.nl\\\/de\\\/#website\",\"url\":\"https:\\\/\\\/feddekees.nl\\\/de\\\/\",\"name\":\"Fedde&Kees\",\"description\":\"Geborgen, veilig &amp; gemakkelijk slapen voor je baby\",\"publisher\":{\"@id\":\"https:\\\/\\\/feddekees.nl\\\/de\\\/#organization\"},\"potentialAction\":[{\"@type\":\"SearchAction\",\"target\":{\"@type\":\"EntryPoint\",\"urlTemplate\":\"https:\\\/\\\/feddekees.nl\\\/de\\\/?s={search_term_string}\"},\"query-input\":{\"@type\":\"PropertyValueSpecification\",\"valueRequired\":true,\"valueName\":\"search_term_string\"}}],\"inLanguage\":\"de\"},{\"@type\":\"Organization\",\"@id\":\"https:\\\/\\\/feddekees.nl\\\/de\\\/#organization\",\"name\":\"Fedde&Kees\",\"url\":\"https:\\\/\\\/feddekees.nl\\\/de\\\/\",\"logo\":{\"@type\":\"ImageObject\",\"inLanguage\":\"de\",\"@id\":\"https:\\\/\\\/feddekees.nl\\\/de\\\/#\\\/schema\\\/logo\\\/image\\\/\",\"url\":\"https:\\\/\\\/feddekees.nl\\\/wp-content\\\/uploads\\\/KeddeKees_logo_menu_2026_254-pixels-hoog.png\",\"contentUrl\":\"https:\\\/\\\/feddekees.nl\\\/wp-content\\\/uploads\\\/KeddeKees_logo_menu_2026_254-pixels-hoog.png\",\"width\":955,\"height\":254,\"caption\":\"Fedde&Kees\"},\"image\":{\"@id\":\"https:\\\/\\\/feddekees.nl\\\/de\\\/#\\\/schema\\\/logo\\\/image\\\/\"}}]}<\/script>\n<meta property=\"og:availability\" content=\"instock\" \/>\n<meta property=\"product:availability\" content=\"instock\" \/>\n<meta property=\"product:condition\" content=\"new\" \/>\n<!-- \/ Yoast SEO plugin. -->","yoast_head_json":{"title":"Babylaken NUNKI Ledikant 60x120cm - Fedde&amp;Kees","robots":{"index":"index","follow":"follow","max-snippet":"max-snippet:-1","max-image-preview":"max-image-preview:large","max-video-preview":"max-video-preview:-1"},"canonical":"https:\/\/feddekees.nl\/de\/babylaken-nunki-ledikant-60x120\/","og_locale":"de_DE","og_type":"article","og_title":"Babylaken NUNKI Ledikant 60x120cm - Fedde&amp;Kees","og_description":"Babylaken NUNKI Ledikant 60x120cm NUNKI is\u00a0speciaal ontwikkeld om je baby veilig en simpel strak in te stoppen. De fijne druk helpt je baby ontspannen en prikkels te verwerken, net zoals in de baarmoeder. Zo valt \u00e9n blijft je kindje rustig in slaap. NUNKI is bekroond met 2 Baby Innovation Awards. \u2713\u00a0Simpel strak instoppen \u2713\u00a0Veilig: kan [&hellip;]","og_url":"https:\/\/feddekees.nl\/de\/babylaken-nunki-ledikant-60x120\/","og_site_name":"Fedde&amp;Kees","article_modified_time":"2026-05-06T13:46:55+00:00","og_image":[{"width":900,"height":900,"url":"https:\/\/feddekees.nl\/wp-content\/uploads\/60cm_ledikant_nunki-lakentje-1.jpg","type":"image\/jpeg"}],"twitter_card":"summary_large_image","twitter_misc":{"Verf\u00fcgbarkeit":"Auf Lager"},"schema":{"@context":"https:\/\/schema.org","@graph":[{"@type":"WebPage","@id":"https:\/\/feddekees.nl\/de\/babylaken-nunki-ledikant-60x120\/","url":"https:\/\/feddekees.nl\/de\/babylaken-nunki-ledikant-60x120\/","name":"Babylaken NUNKI Ledikant 60x120cm - Fedde&amp;Kees","isPartOf":{"@id":"https:\/\/feddekees.nl\/de\/#website"},"primaryImageOfPage":{"@id":"https:\/\/feddekees.nl\/de\/babylaken-nunki-ledikant-60x120\/#primaryimage"},"image":{"@id":"https:\/\/feddekees.nl\/de\/babylaken-nunki-ledikant-60x120\/#primaryimage"},"thumbnailUrl":"https:\/\/feddekees.nl\/wp-content\/uploads\/60cm_ledikant_nunki-lakentje-1.jpg","datePublished":"2026-02-02T13:31:46+00:00","dateModified":"2026-05-06T13:46:55+00:00","breadcrumb":{"@id":"https:\/\/feddekees.nl\/de\/babylaken-nunki-ledikant-60x120\/#breadcrumb"},"inLanguage":"de","potentialAction":[{"@type":"ReadAction","target":["https:\/\/feddekees.nl\/de\/babylaken-nunki-ledikant-60x120\/"]}]},{"@type":"ImageObject","inLanguage":"de","@id":"https:\/\/feddekees.nl\/de\/babylaken-nunki-ledikant-60x120\/#primaryimage","url":"https:\/\/feddekees.nl\/wp-content\/uploads\/60cm_ledikant_nunki-lakentje-1.jpg","contentUrl":"https:\/\/feddekees.nl\/wp-content\/uploads\/60cm_ledikant_nunki-lakentje-1.jpg","width":900,"height":900},{"@type":"BreadcrumbList","@id":"https:\/\/feddekees.nl\/de\/babylaken-nunki-ledikant-60x120\/#breadcrumb","itemListElement":[{"@type":"ListItem","position":1,"name":"Home","item":"https:\/\/feddekees.nl\/"},{"@type":"ListItem","position":2,"name":"Producten","item":"https:\/\/feddekees.nl\/producten\/"},{"@type":"ListItem","position":3,"name":"Babylaken NUNKI Ledikant 60x120cm"}]},{"@type":"WebSite","@id":"https:\/\/feddekees.nl\/de\/#website","url":"https:\/\/feddekees.nl\/de\/","name":"Fedde&amp;Kees","description":"Geborgen, sicher und leicht schlafen f\u00fcr dein Baby","publisher":{"@id":"https:\/\/feddekees.nl\/de\/#organization"},"potentialAction":[{"@type":"SearchAction","target":{"@type":"EntryPoint","urlTemplate":"https:\/\/feddekees.nl\/de\/?s={search_term_string}"},"query-input":{"@type":"PropertyValueSpecification","valueRequired":true,"valueName":"search_term_string"}}],"inLanguage":"de"},{"@type":"Organization","@id":"https:\/\/feddekees.nl\/de\/#organization","name":"Fedde&amp;Kees","url":"https:\/\/feddekees.nl\/de\/","logo":{"@type":"ImageObject","inLanguage":"de","@id":"https:\/\/feddekees.nl\/de\/#\/schema\/logo\/image\/","url":"https:\/\/feddekees.nl\/wp-content\/uploads\/KeddeKees_logo_menu_2026_254-pixels-hoog.png","contentUrl":"https:\/\/feddekees.nl\/wp-content\/uploads\/KeddeKees_logo_menu_2026_254-pixels-hoog.png","width":955,"height":254,"caption":"Fedde&Kees"},"image":{"@id":"https:\/\/feddekees.nl\/de\/#\/schema\/logo\/image\/"}}]},"og_availability":"instock","product_availability":"instock","product_condition":"new"},"_links":{"self":[{"href":"https:\/\/feddekees.nl\/de\/wp-json\/wp\/v2\/product\/4721","targetHints":{"allow":["GET"]}}],"collection":[{"href":"https:\/\/feddekees.nl\/de\/wp-json\/wp\/v2\/product"}],"about":[{"href":"https:\/\/feddekees.nl\/de\/wp-json\/wp\/v2\/types\/product"}],"replies":[{"embeddable":true,"href":"https:\/\/feddekees.nl\/de\/wp-json\/wp\/v2\/comments?post=4721"}],"wp:featuredmedia":[{"embeddable":true,"href":"https:\/\/feddekees.nl\/de\/wp-json\/wp\/v2\/media\/5054"}],"wp:attachment":[{"href":"https:\/\/feddekees.nl\/de\/wp-json\/wp\/v2\/media?parent=4721"}],"wp:term":[{"taxonomy":"nunki_filter","embeddable":true,"href":"https:\/\/feddekees.nl\/de\/wp-json\/wp\/v2\/nunki_filter?post=4721"},{"taxonomy":"product_brand","embeddable":true,"href":"https:\/\/feddekees.nl\/de\/wp-json\/wp\/v2\/product_brand?post=4721"},{"taxonomy":"product_cat","embeddable":true,"href":"https:\/\/feddekees.nl\/de\/wp-json\/wp\/v2\/product_cat?post=4721"},{"taxonomy":"product_tag","embeddable":true,"href":"https:\/\/feddekees.nl\/de\/wp-json\/wp\/v2\/product_tag?post=4721"}],"curies":[{"name":"wp","href":"https:\/\/api.w.org\/{rel}","templated":true}]}}